{"id":6705,"date":"2021-08-20T00:03:53","date_gmt":"2021-08-19T22:03:53","guid":{"rendered":"https:\/\/digitalhistory.unite.it\/felipe-iii-y-la-plaza-mayor-de-madrid\/"},"modified":"2021-11-23T15:28:55","modified_gmt":"2021-11-23T14:28:55","slug":"felipe-iii-y-la-plaza-mayor-de-madrid","status":"publish","type":"page","link":"https:\/\/digitalhistory.unite.it\/es\/territorios\/itinerarios-internacionales\/estatuas-ecuestres-de-reyes-espanoles\/felipe-iii-y-la-plaza-mayor-de-madrid\/","title":{"rendered":"Felipe III y la Plaza Mayor de Madrid"},"content":{"rendered":"<h1>Felipe III y la Plaza Mayor de Madrid <\/h1>\n<div class=\"testo\">\n<p style=\"text-align: justify\"><img loading=\"lazy\" decoding=\"async\" src=\"https:\/\/digitalhistory.unite.it\/wp-content\/uploads\/2021\/08\/img_0960_252x168.jpg\" width=\"252\" height=\"168\" alt=\"Statua equestre Filippo III\" align=\"left\">Cuarto hijo de <a href=\"\/es\/territorios\/itinerarios-urbanos\/valladolid\/iglesia-de-san-pablo\/felipe-ii\/\" title=\"Felipe II\">Felipe II<\/a> y su cuarta esposa, <a href=\"#\" class=\"tooltip yellow-tooltip\">Ana de Austria<span>Ana de Austria (1549-1580) era la primog\u00e9nita del emperador Maximiliano II y de Mar\u00eda de Espa\u00f1a, hija de Carlos V (1500-1558). Inicialmente prometida a su primo, el infante don Carlos, se cas\u00f3 finalmente con su t\u00edo, el rey de Espa\u00f1a Felipe II en 1570. En los diez a\u00f1os de matrimonio, Ana dio a luz a los pr\u00edncipes Fernando, Carlos Lorenzo, Diego F\u00e9lix, Felipe (despu\u00e9s rey Felipe III, 1578-1621) y Mar\u00eda.<\/span><\/a>, Felipe III subi\u00f3 al trono tras la muerte de su padre, en 1598, el \u00fanico superviviente entre los hijos del Rey Prudente. Conocido en la historia como el rey guiado por una profunda devoci\u00f3n religiosa, as\u00ed como la pasi\u00f3n por la equitaci\u00f3n y la caza, Felipe III decidi\u00f3 renunciar, de hecho, al ejercicio de su poder, delegando casi todo en el cortesano que m\u00e1s que nadie disfrut\u00f3 de su favor y su confianza: <a href=\"\/es\/territorios\/itinerarios-urbanos\/valladolid\/iglesia-de-san-pablo\/duque-de-lerma\/\" title=\"Duque de Lerma\">Francisco G\u00f3mez de Sandoval y Rojas, duque de Lerma<\/a> (1553-1625). Esta decisi\u00f3n marc\u00f3 el inicio de una pr\u00e1ctica de gobierno, centrada en la figura del favorito del rey, o valido, que se impondr\u00eda con el pr\u00f3ximo rey, Felipe IV, e incluso fuera de los confines de la monarqu\u00eda de los Habsburgo. En pol\u00edtica exterior, el reinado de Felipe III se caracteriz\u00f3 inicialmente por un intento de poner fin a tantas guerras iniciadas con el anterior rey: as\u00ed se firm\u00f3 el tratado de paz con Inglaterra (1604) y la Tregua de los doce a\u00f1os con las Provincias Unidas (1609). El estallido de algunos conflictos menores, sobre todo en la pen\u00ednsula italiana, y la decisi\u00f3n de ir a la guerra al lado de los Habsburgo de Austria en el conflicto que se conocer\u00eda como la <a href=\"\/es\/territorios\/itinerarios-regionales\/duque-de-lerma\/la-plaza-mayor-de-madrid\/la-guerra-de-los-treinta-anos\/\" title=\"La Guerra de los Treinta A\u00f1os\">Guerra de los Treinta A\u00f1os<\/a> (1618-1648), sin embargo, contribuyen a romper la imagen de Filippo III como un gobernante amante de la paz. Otra decisi\u00f3n que tuvo consecuencias para la evoluci\u00f3n posterior de la historia espa\u00f1ola fue la expulsi\u00f3n, entre 1609 y 1614, de trescientos mil moriscos, descendientes de s\u00fabditos musulmanes convertidos a la fuerza durante la Reconquista.<\/p>\n<p style=\"text-align: justify\">Entre los m\u00e9ritos del reinado de Felipe III debe mencionarse el reasentamiento de la poblaci\u00f3n urbana de <a href=\"\/es\/territorios\/itinerarios-urbanos\/valladolid\/iglesia-de-san-pablo\/madrid\/\" title=\"Madrid\">Madrid<\/a>. La <a href=\"\/es\/territorios\/itinerarios-regionales\/plazas-mayores\/la-plaza-mayor-de-madrid\/\" title=\"La Plaza Mayor de Madrid\">Plaza Mayor<\/a> se termin\u00f3 en 1619 bajo la direcci\u00f3n de <a href=\"\/es\/territorios\/itinerarios-urbanos\/alcala\/universidad-complutense\/juan-gomez-de-mora\/\" title=\"Juan G\u00f3mez de Mora\">Juan G\u00f3mez de Mora<\/a>, y se convirti\u00f3 en el centro desde el que se irradiaban las calles de la capital en los a\u00f1os sucesivos. En el centro de la Plaza Mayor se encuentra la estatua ecuestre de Felipe III, iniciada por <a href=\"#\" class=\"tooltip yellow-tooltip\">Giambologna<span>Jean de la Boulogne conocido como Giambologna (1529-1608) fue un escultor flamenco activo en Italia, punto de encuentro entre el Renacimiento y el Barroco. Junto a Roma en torno a 1550, de camino de vuelta, se par\u00f3 en Florencia un tiempo. Durante unos a\u00f1os, comenz\u00f3 a laborar para los Medici, siendo el escultor m\u00e1s querido. Trabaj\u00f3 siempre en Lucca, G\u00e9nova y Bolonia. Entre sus obras destaca el <em>Rapto de Sabina<\/em>, la <em>Fuente de Neptuno<\/em> y las estatuas ecuestres de Cosimo I y de Fernando I.<\/span><\/a> y terminada por su disc\u00edpulo <a href=\"#\" class=\"tooltip yellow-tooltip\">Pietro Tacca<span>Pietro Tacca (1577-1640) fue uno de los mayores representantes del gusto barroco en Italia. Disc\u00edpulo de Giambologna, fue conocido por las estatuas ecuestres de Felipe III y de Felipe IV de Espa\u00f1a. Realiz\u00f3 un monumento ecuestre tambi\u00e9n para el rey de Francia Enrique IV, que fue, sin embargo, destruido durante la Revoluci\u00f3n Francesa. Otras obras prestigiosas de Tacca son los <em>Cuatro moros<\/em> encadenados a la base del monumento a Fernando de Medici en Livorno y las dos fuentes en bronce de la plaza Sant\u00edsima Anunciada en Florencia.<\/span><\/a> en 1616. La ubicaci\u00f3n actual de la escultura fue decisi\u00f3n de la reina Isabel II en 1848.<\/p>\n<p style=\"text-align: justify\"><a href=\"\/es\/territorios\/itinerarios-internacionales\/estatuas-ecuestres-de-reyes-espanoles\/las-estatuas-ecuestres-y-la-monarquia-espanola\/\" title=\"Las estatuas ecuestres y la Monarqu\u00eda espa\u00f1ola\">&lt;&lt;&lt;&#8212;p\u00e1gina precedente<\/a><span>&nbsp;&nbsp;<\/span> <span>&nbsp;<\/span> <a href=\"\/es\/territorios\/itinerarios-internacionales\/estatuas-ecuestres-de-reyes-espanoles\/felipe-iv-y-la-plaza-de-oriente-en-madrid\/\" title=\"Felipe IV y la Plaza de Oriente en Madrid\">p\u00e1gina siguiente&#8212;&gt;&gt;&gt;<\/a><a href=\"\/es\/territorios\/itinerarios-internacionales\/belenes\/belenes-napolitanos-en-el-sur-de-italia\/\" title=\"Belenes napolitanos en el sur de Italia\"><\/a><\/p>\n<\/p><\/div>\n<p><\/p>\n","protected":false},"excerpt":{"rendered":"<p>Felipe III y la Plaza Mayor de Madrid Cuarto hijo de Felipe II y su cuarta esposa, Ana de AustriaAna de Austria (1549-1580) era la primog\u00e9nita del emperador Maximiliano II y de Mar\u00eda de Espa\u00f1a, hija de Carlos V (1500-1558). Inicialmente prometida a su primo,&hellip;<\/p>\n","protected":false},"author":1,"featured_media":0,"parent":7561,"menu_order":0,"comment_status":"closed","ping_status":"closed","template":"","meta":{"footnotes":""},"class_list":["post-6705","page","type-page","status-publish","hentry"],"_links":{"self":[{"href":"https:\/\/digitalhistory.unite.it\/es\/wp-json\/wp\/v2\/pages\/6705","targetHints":{"allow":["GET"]}}],"collection":[{"href":"https:\/\/digitalhistory.unite.it\/es\/wp-json\/wp\/v2\/pages"}],"about":[{"href":"https:\/\/digitalhistory.unite.it\/es\/wp-json\/wp\/v2\/types\/page"}],"author":[{"embeddable":true,"href":"https:\/\/digitalhistory.unite.it\/es\/wp-json\/wp\/v2\/users\/1"}],"replies":[{"embeddable":true,"href":"https:\/\/digitalhistory.unite.it\/es\/wp-json\/wp\/v2\/comments?post=6705"}],"version-history":[{"count":2,"href":"https:\/\/digitalhistory.unite.it\/es\/wp-json\/wp\/v2\/pages\/6705\/revisions"}],"predecessor-version":[{"id":11968,"href":"https:\/\/digitalhistory.unite.it\/es\/wp-json\/wp\/v2\/pages\/6705\/revisions\/11968"}],"up":[{"embeddable":true,"href":"https:\/\/digitalhistory.unite.it\/es\/wp-json\/wp\/v2\/pages\/7561"}],"wp:attachment":[{"href":"https:\/\/digitalhistory.unite.it\/es\/wp-json\/wp\/v2\/media?parent=6705"}],"curies":[{"name":"wp","href":"https:\/\/api.w.org\/{rel}","templated":true}]}}