{"id":6706,"date":"2021-08-20T00:03:53","date_gmt":"2021-08-19T22:03:53","guid":{"rendered":"https:\/\/digitalhistory.unite.it\/felipe-iv-y-la-plaza-de-oriente-en-madrid\/"},"modified":"2021-11-23T15:28:55","modified_gmt":"2021-11-23T14:28:55","slug":"felipe-iv-y-la-plaza-de-oriente-en-madrid","status":"publish","type":"page","link":"https:\/\/digitalhistory.unite.it\/es\/territorios\/itinerarios-internacionales\/estatuas-ecuestres-de-reyes-espanoles\/felipe-iv-y-la-plaza-de-oriente-en-madrid\/","title":{"rendered":"Felipe IV y la Plaza de Oriente en Madrid"},"content":{"rendered":"<h1>Felipe IV y la Plaza de Oriente en Madrid <\/h1>\n<div class=\"testo\">\n<p style=\"text-align: justify\"><img loading=\"lazy\" decoding=\"async\" src=\"https:\/\/digitalhistory.unite.it\/wp-content\/uploads\/2021\/08\/img_0969_251x167.jpg\" width=\"251\" height=\"167\" alt=\"Statua equestre Filippo IV\" align=\"left\">Felipe IV sucedi\u00f3 a su padre a la edad de tan s\u00f3lo 16 a\u00f1os. Rein\u00f3 en Espa\u00f1a y los dominios espa\u00f1oles en Europa y Am\u00e9rica durante 44 a\u00f1os (1621-1665). Durante este periodo, Espa\u00f1a atraves\u00f3 por una profunda crisis ligada a los costos del empe\u00f1o militar, poco exitosos, lo que llev\u00f3 a la Monarqu\u00eda a frecuentes quiebras. Pronto qued\u00f3 en entredicho el gobierno de <a href=\"\/es\/territorios\/itinerarios-regionales\/monasterios\/la-fundacion-de-los-duques-de-olivares-en-loeches\/conde-duque-de-olivares\/\" title=\"Conde Duque de Olivares\">Gaspar de Guzm\u00e1n, conde-duque de Olivares<\/a> (1587-1645), poderoso valido de Felipe IV, que ejerci\u00f3, de hecho, el poder del rey durante m\u00e1s de dos d\u00e9cadas. Olivares intent\u00f3 en vano restablecer la hegemon\u00eda espa\u00f1ola en Europa y resolver la crisis financiera de la monarqu\u00eda: termin\u00f3 con la Tregua de los Doce A\u00f1os (1609-1621), retom\u00f3 la guerra contra las Provincias Unidas; se comprometi\u00f3 con el lado de los Habsburgo de Austria en la <a href=\"\/es\/territorios\/itinerarios-regionales\/duque-de-lerma\/la-plaza-mayor-de-madrid\/la-guerra-de-los-treinta-anos\/\" title=\"La Guerra de los Treinta A\u00f1os\">Guerra de los Treinta A\u00f1os<\/a>; al mismo tiempo, trat\u00f3 de restaurar las finanzas del Estado, la redistribuci\u00f3n de la carga fiscal entre los diferentes reinos. Para este prop\u00f3sito promovi\u00f3 un proyecto llamado &#8220;Uni\u00f3n de armas&#8221; (1624), que preve\u00eda la distribuci\u00f3n de los gastos militares previamente efectuados s\u00f3lo por Castilla, entre todos los territorios de la Corona. Esta iniciativa condujo a una ola revolucionaria, durante la cual, los principales reinos y territorios de la Monarqu\u00eda se rebelaron reclamando la antigua libertad y autonom\u00eda: <a href=\"\/es\/territorios\/itinerarios-internacionales\/estatuas-ecuestres-de-reyes-espanoles\/felipe-iv-y-la-plaza-de-oriente-en-madrid\/revuelta-de-portugal\/\" title=\"Revuelta de Portugal\">Portugal<\/a> y <a href=\"\/es\/territorios\/itinerarios-internacionales\/estatuas-ecuestres-de-reyes-espanoles\/felipe-iv-y-la-plaza-de-oriente-en-madrid\/la-revuelta-catalana\/\" title=\"La revuelta catalana\">Catalu\u00f1a<\/a> se rebelaron en 1640, Palermo y N\u00e1poles (la llamada <a href=\"\/es\/territorios\/itinerarios-urbanos\/cosimo-fanzago\/fanzago-y-la-revuelta-de-masaniello\/\" title=\"Fanzago y la revuelta de Masaniello\">revuelta de Masaniello<\/a>) en 1647-1648. Incluso despu\u00e9s de la destituci\u00f3n de Olivares en 1643, el declive militar de la monarqu\u00eda no se detuvo. Perdido Portugal para siempre, tuvo que renunciar a todo derecho sobre la soberan\u00eda de las <a href=\"\/es\/territorios\/itinerarios-internacionales\/estatuas-ecuestres-de-reyes-espanoles\/las-estatuas-ecuestres-y-la-monarquia-espanola\/los-paises-bajos\/\" title=\"Los Pa\u00edses Bajos\">Provincias Unidas<\/a>, mientras que la larga guerra con Francia se resolvi\u00f3, despu\u00e9s de la Paz de los Pirineos (1659), con el fin del dominio espa\u00f1ol en Europa.<\/p>\n<p style=\"text-align: justify\">Tambi\u00e9n Felipe IV, al igual que su padre antes que \u00e9l, quiso ser representado con una estatua ecuestre que simboliz\u00f3 su poder. Esta estatua, situada en el centro de la Plaza de Oriente por orden de Isabel II, fue realizada, como la de Felipe III, por el escultor <a href=\"#\" class=\"tooltip yellow-tooltip\">Pietro Tacca<span>Pietro Tacca (1577-1640) fue uno de los mayores representantes del gusto barroco en Italia. Disc\u00edpulo de Giambologna, fue conocido por las estatuas ecuestres de Felipe III y de Felipe IV de Espa\u00f1a. Realiz\u00f3 un monumento ecuestre tambi\u00e9n para el rey de Francia Enrique IV, que fue, sin embargo, destruido durante la Revoluci\u00f3n Francesa. Otras obras prestigiosas de Tacca son los <em>Cuatro moros<\/em> encadenados a la base del monumento a Fernando de Medici en Livorno y las dos fuentes en bronce de la plaza Sant\u00edsima Anunciada en Florencia.<\/span><\/a> por encargo del conde-duque de Olivares. La obra es particularmente importante por sus caracter\u00edsticas t\u00e9cnicas, siendo la primera escultura a caballo en la historia que se pudo sostener exclusivamente sobre sus patas traseras y la cola del animal. Contribuyeron a su realizaci\u00f3n&nbsp;<span>tambi\u00e9n&nbsp;<span><a href=\"\/es\/temas\/vida-material\/muebles\/braseros-lamparas-y-espejos\/velazquez\/\" title=\"Vel\u00e1zquez\">Vel\u00e1zquez<\/a><\/span><\/span>, que proporcion<span>\u00f3<\/span> dos bocetos a Tacca, <a href=\"#\" class=\"tooltip yellow-tooltip\">Juan Mart\u00ednez Monta\u00f1\u00e9s<span>Juan Mart\u00ednez Monta\u00f1\u00e9s (1568-1649) fue un escultor nacido en Alcal\u00e1 la Real (Ja\u00e9n). Formado en Granada con Pablo de Rojas, complet\u00f3 su educaci\u00f3n en Sevilla, donde permaneci\u00f3 el resto de su vida, imponi\u00e9ndose como el m\u00e1ximo representante de la escuela sevillana de escultura de su generaci\u00f3n. Particularmente h\u00e1bil con el trabajo de la madera, las obras de Mart\u00ednez Monta\u00f1\u00e9s son casi exclusivamente de car\u00e1cter religioso. De \u00e9l existe un retrato pintado por Vel\u00e1zquez, hoy conservado en el Museo del Prado.<\/span><\/a>, autor del busto del monarca, y <a href=\"\/es\/territorios\/itinerarios-internacionales\/estatuas-ecuestres-de-reyes-espanoles\/felipe-iv-y-la-plaza-de-oriente-en-madrid\/galileo-galilei\/\" title=\"Galileo Galilei\">Galileo Galilei<\/a>, quien dio su consejo para asegurar la estabilidad a la estatua.<\/p>\n<p style=\"text-align: justify\"><a href=\"\/es\/territorios\/itinerarios-internacionales\/estatuas-ecuestres-de-reyes-espanoles\/felipe-iii-y-la-plaza-mayor-de-madrid\/\" title=\"Felipe III y la Plaza Mayor de Madrid\">&lt;&lt;&lt;&#8212;p\u00e1gina precedente<\/a><span>&nbsp;&nbsp;<\/span> <span>&nbsp;<\/span> <a href=\"\/es\/territorios\/itinerarios-internacionales\/estatuas-ecuestres-de-reyes-espanoles\/una-excepcion-carlos-ii-y-una-particular-representacion\/\" title=\"Una excepci\u00f3n: Carlos II y una particular representaci\u00f3n\">p\u00e1gina siguiente&#8212;&gt;&gt;&gt;<\/a><a href=\"\/es\/territorios\/itinerarios-internacionales\/belenes\/belenes-napolitanos-en-el-sur-de-italia\/\" title=\"Belenes napolitanos en el sur de Italia\"><\/a><\/p>\n<\/p><\/div>\n<p><\/p>\n","protected":false},"excerpt":{"rendered":"<p>Felipe IV y la Plaza de Oriente en Madrid Felipe IV sucedi\u00f3 a su padre a la edad de tan s\u00f3lo 16 a\u00f1os. Rein\u00f3 en Espa\u00f1a y los dominios espa\u00f1oles en Europa y Am\u00e9rica durante 44 a\u00f1os (1621-1665). Durante este periodo, Espa\u00f1a atraves\u00f3 por una&hellip;<\/p>\n","protected":false},"author":1,"featured_media":0,"parent":7561,"menu_order":0,"comment_status":"closed","ping_status":"closed","template":"","meta":{"footnotes":""},"class_list":["post-6706","page","type-page","status-publish","hentry"],"_links":{"self":[{"href":"https:\/\/digitalhistory.unite.it\/es\/wp-json\/wp\/v2\/pages\/6706","targetHints":{"allow":["GET"]}}],"collection":[{"href":"https:\/\/digitalhistory.unite.it\/es\/wp-json\/wp\/v2\/pages"}],"about":[{"href":"https:\/\/digitalhistory.unite.it\/es\/wp-json\/wp\/v2\/types\/page"}],"author":[{"embeddable":true,"href":"https:\/\/digitalhistory.unite.it\/es\/wp-json\/wp\/v2\/users\/1"}],"replies":[{"embeddable":true,"href":"https:\/\/digitalhistory.unite.it\/es\/wp-json\/wp\/v2\/comments?post=6706"}],"version-history":[{"count":2,"href":"https:\/\/digitalhistory.unite.it\/es\/wp-json\/wp\/v2\/pages\/6706\/revisions"}],"predecessor-version":[{"id":11969,"href":"https:\/\/digitalhistory.unite.it\/es\/wp-json\/wp\/v2\/pages\/6706\/revisions\/11969"}],"up":[{"embeddable":true,"href":"https:\/\/digitalhistory.unite.it\/es\/wp-json\/wp\/v2\/pages\/7561"}],"wp:attachment":[{"href":"https:\/\/digitalhistory.unite.it\/es\/wp-json\/wp\/v2\/media?parent=6706"}],"curies":[{"name":"wp","href":"https:\/\/api.w.org\/{rel}","templated":true}]}}