{"id":6707,"date":"2021-08-20T00:03:53","date_gmt":"2021-08-19T22:03:53","guid":{"rendered":"https:\/\/digitalhistory.unite.it\/una-excepcion-carlos-ii-y-una-particular-representacion\/"},"modified":"2021-11-23T15:28:57","modified_gmt":"2021-11-23T14:28:57","slug":"una-excepcion-carlos-ii-y-una-particular-representacion","status":"publish","type":"page","link":"https:\/\/digitalhistory.unite.it\/es\/territorios\/itinerarios-internacionales\/estatuas-ecuestres-de-reyes-espanoles\/una-excepcion-carlos-ii-y-una-particular-representacion\/","title":{"rendered":"Una excepci\u00f3n: Carlos II y una particular representaci\u00f3n"},"content":{"rendered":"<h1>Una excepci\u00f3n: Carlos II y una particular representaci\u00f3n <\/h1>\n<div class=\"testo\">\n<p style=\"text-align: justify\"><img loading=\"lazy\" decoding=\"async\" src=\"https:\/\/digitalhistory.unite.it\/wp-content\/uploads\/2021\/08\/carlo_ii_226x301.jpg\" width=\"226\" height=\"301\" alt=\"Carlo II Avellino\" align=\"left\">Carlos II se convirti\u00f3 en rey de Espa\u00f1a y de sus dominios italianos y americanos en 1665, tras la muerte de su padre Felipe IV. Sufri\u00f3 defectos f\u00edsicos y discapacidades psicol\u00f3gicas causadas por la pr\u00e1ctica de la endogamia, muy com\u00fan en la dinast\u00eda de los Habsburgo. El rey Carlos II fue un rey muy d\u00e9bil, casi indefenso de la decadencia final del poder espa\u00f1ol. Tras la derrota en la <a href=\"\/es\/territorios\/itinerarios-regionales\/duque-de-lerma\/la-plaza-mayor-de-madrid\/la-guerra-de-los-treinta-anos\/\" title=\"La Guerra de los Treinta A\u00f1os\">Guerra de los Treinta A\u00f1os<\/a> (1618-1648) y la p\u00e9rdida de Portugal en 1668, la monarqu\u00eda de los Habsburgo tuvo que dar paso cada vez m\u00e1s a la Francia de <a href=\"\/es\/territorios\/itinerarios-internacionales\/estatuas-ecuestres-de-reyes-espanoles\/las-estatuas-ecuestres-y-la-monarquia-espanola\/luis-xiv\/\" title=\"Luis XIV\">Luis XIV<\/a> (1638-1715). Este \u00faltimo, por otra parte, atac\u00f3 repetidamente con acciones militares a las posesiones espa\u00f1olas, como en el caso de la llamada <a href=\"\/es\/territorios\/itinerarios-internacionales\/estatuas-ecuestres-de-reyes-espanoles\/una-excepcion-carlos-ii-y-una-particular-representacion\/guerra-de-mesina\/\" title=\"Guerra de Mesina\">Guerra de Mesina<\/a> (1674-1678), durante la cual los franceses intervinieron para apoyar la revuelta de la ciudad siciliana contra el dominio espa\u00f1ol. Despu\u00e9s del per\u00edodo de la regencia de la reina madre, <a href=\"\/es\/territorios\/itinerarios-internacionales\/estatuas-ecuestres-de-reyes-espanoles\/una-excepcion-carlos-ii-y-una-particular-representacion\/mariana-de-austria\/\" title=\"Mariana de Austria\">Mariana de Austria<\/a>, Carlos II gobern\u00f3, desde 1675, bas\u00e1ndose en realidad en ministros favoritos. Se crey\u00f3 v\u00edctima de una maldici\u00f3n, por la que Carlos II ni siquiera pod\u00eda procrear un heredero durante sus dos matrimonios con <a href=\"#\" class=\"tooltip yellow-tooltip\">Mar\u00eda Luisa de Borb\u00f3n-Orleans<span>Maria Luisa de Borb\u00f3n-Orleans (1662-1689) fue la primera esposa de Carlos II de Espa\u00f1a (1661-1700). La reina de Espa\u00f1a pod\u00eda vanagloriarse de ser descendiente de la familia real francesa (sus abuelos paternos eran Luis XIII y Ana de Austria) y de la inglesa (sus abuelos maternos fueron Carlos I de Inglaterra y Enriqueta Mar\u00eda de Francia). Famosa por su belleza, Mar\u00eda Luisa no pudo dar un heredero al trono de Espa\u00f1a, probablemente por la impotencia de Carlos II. Muri\u00f3 repentinamente el 12 de febrero de 1689.<\/span><\/a> (1662-1689), nieta de Luis XIV, y <a href=\"#\" class=\"tooltip yellow-tooltip\">Mar\u00eda Ana del Palatinado-Neoburgo<span>Mar\u00eda Ana del Palatinado-Neoburgo (1667-1740) fue la segunda esposa del rey de Espa\u00f1a Carlos II (1661-1700). Tras el matrimonio (1690), la nueva reina trat\u00f3 de influir en las decisiones pol\u00edticas de su d\u00e9bil marido. A causa de la impotencia de este \u00faltimo, tampoco Mar\u00eda Ana, como la que la hab\u00eda precedido, consigui\u00f3 dar un heredero al trono. Intent\u00f3, por tanto, favorecer la sucesi\u00f3n al trono del sobrino Carlos de Habsburgo (1685-1740). Con el comienzo de la Guerra de Sucesi\u00f3n espa\u00f1ola (1701-1713), se retir\u00f3 a Bayona, donde permaneci\u00f3 durante el resto de su vida.<\/span><\/a> (1667-1740), hija del Elector Palatino Felipe Guillermo. A la muerte de Carlos II (1700), la vacante del trono fue el origen de la <a href=\"\/es\/territorios\/itinerarios-internacionales\/estatuas-ecuestres-de-reyes-espanoles\/las-estatuas-ecuestres-y-la-monarquia-espanola\/la-guerra-de-sucesion-espanola\/\" title=\"La Guerra de Sucesi\u00f3n espa\u00f1ola\">Guerra de Sucesi\u00f3n espa\u00f1ola<\/a> (1701-1713).<\/p>\n<p style=\"text-align: justify\">De Carlos II no llegaron esculturas ecuestres hasta nuestros d\u00edas. Sin embargo, es interesante centrarse en una escultura que representaba a Carlos II siendo ni\u00f1o, que se encuentra en Italia, en la ciudad de <a href=\"#\" class=\"tooltip yellow-tooltip\">Avellino<span>Tras la conquista normanda en el sur de Italia, la ciudad de Avellino fue feudo de diversas familias nobiliarias. En 1581 pas\u00f3 a manos de los Caracciolo, que la controlaron hasta 1806. Durante este largo per\u00edodo, Avellino conoci\u00f3 prosperidad demogr\u00e1fica y econ\u00f3mica. Se centr\u00f3, en particular, en la producci\u00f3n de finos pa\u00f1os de lana. Los Caracciolo influyeron tambi\u00e9n en su desarrollo urban\u00edstico: se remontan al siglo XVIII el Palacio de los Caracciolo y la creaci\u00f3n de la calle principal de la ciudad.<\/span><\/a>. Realizada en 1668 por <a href=\"\/es\/territorios\/itinerarios-urbanos\/cosimo-fanzago\/\" title=\"Cosimo Fanzago\">Cosimo Fanzago<\/a>, la obra fue encargada y financiada por la Universidad de Avellino para celebrar la sucesi\u00f3n al trono del joven rey, con tan s\u00f3lo siete a\u00f1os. No podemos olvidar la participaci\u00f3n del pr\u00edncipe de Avellino, Francesco Marino Caracciolo, quien quiso rendir homenaje al nuevo soberano, favoreciendo as\u00ed sus futuras demandas pol\u00edticas. La estatua representa a un rey ni\u00f1o suntuosamente vestido, y se coloc\u00f3 en la parte superior de un monumento cuyos detalles y decoraciones, tambi\u00e9n hechos por Cosimo Fanzago, lo convierten en un ejemplo t\u00edpico del estilo barroco.<\/p>\n<p style=\"text-align: justify\"><a href=\"\/es\/territorios\/itinerarios-internacionales\/estatuas-ecuestres-de-reyes-espanoles\/felipe-iv-y-la-plaza-de-oriente-en-madrid\/\" title=\"Felipe IV y la Plaza de Oriente en Madrid\">&lt;&lt;&lt;&#8212;p\u00e1gina precedente<\/a><span>&nbsp;&nbsp;<\/span> <span>&nbsp;<\/span> <a href=\"\/es\/territorios\/itinerarios-internacionales\/estatuas-ecuestres-de-reyes-espanoles\/felipe-v-y-una-estatua-perdida\/\" title=\"Felipe V y una estatua perdida\">p\u00e1gina siguiente&#8212;&gt;&gt;&gt;<\/a><a href=\"\/es\/territorios\/itinerarios-internacionales\/belenes\/belenes-napolitanos-en-el-sur-de-italia\/\" title=\"Belenes napolitanos en el sur de Italia\"><\/a><\/p>\n<\/p><\/div>\n<p><\/p>\n","protected":false},"excerpt":{"rendered":"<p>Una excepci\u00f3n: Carlos II y una particular representaci\u00f3n Carlos II se convirti\u00f3 en rey de Espa\u00f1a y de sus dominios italianos y americanos en 1665, tras la muerte de su padre Felipe IV. Sufri\u00f3 defectos f\u00edsicos y discapacidades psicol\u00f3gicas causadas por la pr\u00e1ctica de la&hellip;<\/p>\n","protected":false},"author":1,"featured_media":0,"parent":7561,"menu_order":0,"comment_status":"closed","ping_status":"closed","template":"","meta":{"footnotes":""},"class_list":["post-6707","page","type-page","status-publish","hentry"],"_links":{"self":[{"href":"https:\/\/digitalhistory.unite.it\/es\/wp-json\/wp\/v2\/pages\/6707","targetHints":{"allow":["GET"]}}],"collection":[{"href":"https:\/\/digitalhistory.unite.it\/es\/wp-json\/wp\/v2\/pages"}],"about":[{"href":"https:\/\/digitalhistory.unite.it\/es\/wp-json\/wp\/v2\/types\/page"}],"author":[{"embeddable":true,"href":"https:\/\/digitalhistory.unite.it\/es\/wp-json\/wp\/v2\/users\/1"}],"replies":[{"embeddable":true,"href":"https:\/\/digitalhistory.unite.it\/es\/wp-json\/wp\/v2\/comments?post=6707"}],"version-history":[{"count":2,"href":"https:\/\/digitalhistory.unite.it\/es\/wp-json\/wp\/v2\/pages\/6707\/revisions"}],"predecessor-version":[{"id":11990,"href":"https:\/\/digitalhistory.unite.it\/es\/wp-json\/wp\/v2\/pages\/6707\/revisions\/11990"}],"up":[{"embeddable":true,"href":"https:\/\/digitalhistory.unite.it\/es\/wp-json\/wp\/v2\/pages\/7561"}],"wp:attachment":[{"href":"https:\/\/digitalhistory.unite.it\/es\/wp-json\/wp\/v2\/media?parent=6707"}],"curies":[{"name":"wp","href":"https:\/\/api.w.org\/{rel}","templated":true}]}}