{"id":6708,"date":"2021-08-20T00:03:53","date_gmt":"2021-08-19T22:03:53","guid":{"rendered":"https:\/\/digitalhistory.unite.it\/felipe-v-y-una-estatua-perdida\/"},"modified":"2021-11-23T15:28:56","modified_gmt":"2021-11-23T14:28:56","slug":"felipe-v-y-una-estatua-perdida","status":"publish","type":"page","link":"https:\/\/digitalhistory.unite.it\/es\/territorios\/itinerarios-internacionales\/estatuas-ecuestres-de-reyes-espanoles\/felipe-v-y-una-estatua-perdida\/","title":{"rendered":"Felipe V y una estatua perdida"},"content":{"rendered":"<h1>Felipe V y una estatua perdida <\/h1>\n<div class=\"testo\">\n<p style=\"text-align: justify\"><img loading=\"lazy\" decoding=\"async\" src=\"https:\/\/digitalhistory.unite.it\/wp-content\/uploads\/2021\/08\/felipe_v_de_espa_a__r._michel___fileminimizer__226x335.jpg\" width=\"226\" height=\"335\" alt=\"Filippo V\" align=\"left\">Nieto de <a href=\"\/es\/territorios\/itinerarios-internacionales\/estatuas-ecuestres-de-reyes-espanoles\/las-estatuas-ecuestres-y-la-monarquia-espanola\/luis-xiv\/\" title=\"Luis XIV\">Luis XIV<\/a> de Francia, Felipe V de Borb\u00f3n (1683-1746), ya duque de Anjou, ascendi\u00f3 al trono de Espa\u00f1a en 1700, por cuenta de la relaci\u00f3n m\u00e1s directa con el difunto soberano Carlos II. Sin embargo, no fue hasta las paces de Utrecht (1713) y Rastadt (1714), que pusieron fin a la <a href=\"\/es\/territorios\/itinerarios-internacionales\/estatuas-ecuestres-de-reyes-espanoles\/las-estatuas-ecuestres-y-la-monarquia-espanola\/la-guerra-de-sucesion-espanola\/\" title=\"La Guerra de Sucesi\u00f3n espa\u00f1ola\">Guerra de Sucesi\u00f3n espa\u00f1ola<\/a> (1701-1713), cuando vio definitivamente reconocidos sus derechos, a cambio de renunciar a una gran parte de las antiguas posesiones de los Habsburgo, en particular, de los territorios italianos y los Pa\u00edses Bajos meridionales. Despu\u00e9s de dejar durante unos meses del a\u00f1o 1724 el gobierno en manos de su hijo mayor, <a href=\"#\" class=\"tooltip yellow-tooltip\">Luis<\/a>, despu\u00e9s muerto de viruela, Felipe regres\u00f3 al trono y se empe\u00f1\u00f3, en los a\u00f1os siguientes, en recuperar los territorios perdidos tomando parte en la <a href=\"\/es\/territorios\/itinerarios-internacionales\/estatuas-ecuestres-de-reyes-espanoles\/felipe-v-y-una-estatua-perdida\/guerra-de-sucesion-polaca\/\" title=\"Guerra de Sucesi\u00f3n Polaca\">Guerra de Sucesi\u00f3n polaca<\/a> (1733-1738) y en la <a href=\"\/es\/territorios\/itinerarios-internacionales\/estatuas-ecuestres-de-reyes-espanoles\/felipe-v-y-una-estatua-perdida\/guerra-de-sucesion-austriaca\/\" title=\"Guerra de Sucesi\u00f3n Austriaca\">Guerra de Sucesi\u00f3n austriaca<\/a> (1741-1748). As\u00ed fueron recuperados los <a href=\"\/es\/territorios\/itinerarios-regionales\/guerra-de-santos\/religiosidad-conflictiva\/reino-de-sicilia\/\" title=\"Reino de Sicilia\">reinos de Sicilia<\/a> y <a href=\"\/es\/territorios\/itinerarios-urbanos\/lecce\/otros-restos\/reino-de-napoles\/\" title=\"Reino de N\u00e1poles\">N\u00e1poles<\/a> (Tratado de Viena de 1738). En pol\u00edtica interior, Felipe V y sus ministros se comprometieron a imponer en el reino una serie de reformas, empezando por los decretos de Nueva Planta, publicados en 1707. \u00c9stos cancelaron las consolidadas autonom\u00edas locales, cambiando significativamente la relaci\u00f3n entre <a href=\"\/es\/territorios\/itinerarios-urbanos\/valladolid\/iglesia-de-san-pablo\/madrid\/\" title=\"Madrid\">Madrid<\/a> y las provincias: se abolieron los <a href=\"\/es\/territorios\/itinerarios-regionales\/duque-de-lerma\/denia\/reino-de-aragon\/\" title=\"Reino de Arag\u00f3n\">reinos de Arag\u00f3n<\/a>, <a href=\"\/es\/territorios\/itinerarios-regionales\/duque-de-lerma\/denia\/reino-de-valencia\/\" title=\"Reino de Valencia\">Valencia<\/a>, <a href=\"\/es\/territorios\/itinerarios-internacionales\/estatuas-ecuestres-de-reyes-espanoles\/felipe-v-y-una-estatua-perdida\/reino-de-mallorca\/\" title=\"Reino de Mallorca\">Mallorca<\/a> y sus respectivas asambleas, las cortes, mientras que se establecieron los municipios, y la figura del alcalde. A nivel central, tambi\u00e9n se eliminaron los consejos de Arag\u00f3n, de Italia y Flandes y nacieron las Secretar\u00edas de Estado, compuestas por funcionarios nombrados por el Rey y coordinadas por el Secretario de Estado. Otras reformas importantes repercutieron en el sistema fiscal, la educaci\u00f3n y el ej\u00e9rcito.<\/p>\n<p style=\"text-align: justify\">Una estatua ecuestre que representa a Felipe V fue realizada al inicio de su largo reinado, entre 1702-1703, por el escultor napolitano <a href=\"#\" class=\"tooltip yellow-tooltip\">Lorenzo Vaccaro<span>Escultor, arquitecto y pintor napolitano, Lorenzo Vaccaro (1655 ca.-1706) tom\u00f3 como modelo a Cosimo Fanzago. Destacado personaje de la N\u00e1poles tardo barroca, estuvo influenciado tambi\u00e9n por Bernini y por Solimena. Despu\u00e9s de \u00e9l, comenz\u00f3 a trabajar su hijo, tambi\u00e9n artista, Domenico Antonio.<\/span><\/a>. La estatua, que se encontraba en la Piazza del Ges\u00f9 Nuevo, sin embargo, fue demolida en 1707, con la entrada de los austriacos en la ciudad de <a href=\"\/es\/territorios\/itinerarios-urbanos\/lecce\/plaza-de-san-oronzo\/napoles\/\" title=\"N\u00e1poles\">N\u00e1poles<\/a>. Un modelo en miniatura de la estatua, adquirida en Madrid en 1705 por el duque de Puebla, se conserva ahora en el Museo del Prado. El rey est\u00e1 representado bajo la forma de un general romano que desfilaba ante el aparato triunfal realizado en su honor. En 1780, <a href=\"\/es\/territorios\/itinerarios-urbanos\/napoles-y-el-cardinal-ascanio-filomarino\/el-palacio-real\/carlos-iii-de-borbon\/\" title=\"Carlos III de Borb\u00f3n\">Carlos III<\/a> convoc\u00f3 un concurso para la creaci\u00f3n de una estatua ecuestre que representase a su padre Felipe V y pudiese ser colocada, a imitaci\u00f3n de los monarcas Habsburgo, en alguna plaza de Madrid. Aunque este proyecto no se llev\u00f3 a cabo jam\u00e1s, la Academia de Bellas Artes de San Fernando en Madrid a\u00fan conserva algunos de los modelos presentados para el concurso.<\/p>\n<p style=\"text-align: justify\"><a href=\"\/es\/territorios\/itinerarios-internacionales\/estatuas-ecuestres-de-reyes-espanoles\/una-excepcion-carlos-ii-y-una-particular-representacion\/\" title=\"Una excepci\u00f3n: Carlos II y una particular representaci\u00f3n\">&lt;&lt;&lt;&#8212;p\u00e1gina precedente<\/a><span>&nbsp;&nbsp;<\/span> <span>&nbsp;<\/span> <a href=\"\/es\/territorios\/itinerarios-internacionales\/\" title=\"Itinerarios internacionales\">\u00cdndice&#8212;&gt;&gt;&gt;<\/a><a href=\"\/es\/territorios\/itinerarios-internacionales\/\" title=\"Itinerarios internacionales\"><\/a><\/p>\n<\/p><\/div>\n<p><\/p>\n","protected":false},"excerpt":{"rendered":"<p>Felipe V y una estatua perdida Nieto de Luis XIV de Francia, Felipe V de Borb\u00f3n (1683-1746), ya duque de Anjou, ascendi\u00f3 al trono de Espa\u00f1a en 1700, por cuenta de la relaci\u00f3n m\u00e1s directa con el difunto soberano Carlos II. Sin embargo, no fue&hellip;<\/p>\n","protected":false},"author":1,"featured_media":0,"parent":7561,"menu_order":0,"comment_status":"closed","ping_status":"closed","template":"","meta":{"footnotes":""},"class_list":["post-6708","page","type-page","status-publish","hentry"],"_links":{"self":[{"href":"https:\/\/digitalhistory.unite.it\/es\/wp-json\/wp\/v2\/pages\/6708","targetHints":{"allow":["GET"]}}],"collection":[{"href":"https:\/\/digitalhistory.unite.it\/es\/wp-json\/wp\/v2\/pages"}],"about":[{"href":"https:\/\/digitalhistory.unite.it\/es\/wp-json\/wp\/v2\/types\/page"}],"author":[{"embeddable":true,"href":"https:\/\/digitalhistory.unite.it\/es\/wp-json\/wp\/v2\/users\/1"}],"replies":[{"embeddable":true,"href":"https:\/\/digitalhistory.unite.it\/es\/wp-json\/wp\/v2\/comments?post=6708"}],"version-history":[{"count":2,"href":"https:\/\/digitalhistory.unite.it\/es\/wp-json\/wp\/v2\/pages\/6708\/revisions"}],"predecessor-version":[{"id":11974,"href":"https:\/\/digitalhistory.unite.it\/es\/wp-json\/wp\/v2\/pages\/6708\/revisions\/11974"}],"up":[{"embeddable":true,"href":"https:\/\/digitalhistory.unite.it\/es\/wp-json\/wp\/v2\/pages\/7561"}],"wp:attachment":[{"href":"https:\/\/digitalhistory.unite.it\/es\/wp-json\/wp\/v2\/media?parent=6708"}],"curies":[{"name":"wp","href":"https:\/\/api.w.org\/{rel}","templated":true}]}}