{"id":6709,"date":"2021-08-20T00:03:53","date_gmt":"2021-08-19T22:03:53","guid":{"rendered":"https:\/\/digitalhistory.unite.it\/una-comunidad-rica-y-potente\/"},"modified":"2021-11-23T15:29:00","modified_gmt":"2021-11-23T14:29:00","slug":"una-comunidad-rica-y-potente","status":"publish","type":"page","link":"https:\/\/digitalhistory.unite.it\/es\/territorios\/itinerarios-internacionales\/los-genoveses-entre-italia-y-espana-enepoca-barroca\/una-comunidad-rica-y-potente\/","title":{"rendered":"Una comunidad rica y potente"},"content":{"rendered":"<h1>Una comunidad rica y potente <\/h1>\n<div class=\"testo\">\n<p style=\"text-align: justify\"><img loading=\"lazy\" decoding=\"async\" src=\"https:\/\/digitalhistory.unite.it\/wp-content\/uploads\/2021\/08\/simbolo_genova_278x185.jpg\" width=\"278\" height=\"185\" alt=\"Simbolo di Genova\" align=\"left\">Durante la \u00e9poca Moderna, la necesidad de recaudar dinero, sobre todo para financiar los elevados costos de la guerra, llev\u00f3 a los monarcas europeos a seguir estrategias diferentes para asegurar los ingresos y la financiaci\u00f3n. Junto al aumento de la presi\u00f3n fiscal sobre la poblaci\u00f3n, y a un fen\u00f3meno t\u00edpico de la Monarqu\u00eda francesa, la venalidad de los oficios, el endeudamiento fue el instrumento m\u00e1s utilizado por las Monarqu\u00edas, Rep\u00fablicas y comunidades locales, ya desde finales de la Edad Media. Los gobiernos de Italia centro-septentrional, <a href=\"\/es\/territorios\/itinerarios-urbanos\/un-jardin-espanol-a-la-italiana\/la-nobleza-hispana-y-los-jardines\/flandes\/\" title=\"Flandes\">Flandes<\/a> y el Imperio introdujeron una forma de deuda basada en la confianza de los ciudadanos-inversores: la deuda consolidada, que consist\u00eda en la emisi\u00f3n de juros (t\u00edtulos p\u00fablicos) que garantizaban una renta fija y segura (por lo general oscilaba entre el 7 y el 10 por ciento) generada por espec\u00edficos ingresos tributarios. En rep\u00fablicas italianas como Venecia y Florencia, carentes de grandes patrimonios y explotaciones, la deuda &#8220;p\u00fablica&#8221; era casi obligada, para los grandes monarcas europeos, y en particular para el Rey de Espa\u00f1a, la falta de dinero obligaba a endeudamientos mucho m\u00e1s costosos. En el siglo XIII nacieron poderosas compa\u00f1\u00edas de mercaderes-banqueros, capaces de garantizar los pr\u00e9stamos con grandes sumas de dinero, a corto plazo y con una elevada tasa de inter\u00e9s. A trav\u00e9s de las letras de cambio, tales sumas de dinero pod\u00edan viajar sin riesgo en toda Europa, siendo las ferias de cambio los lugares donde recoger o pagar el dinero en efectivo.<\/p>\n<p style=\"text-align: justify\"><img loading=\"lazy\" decoding=\"async\" src=\"https:\/\/digitalhistory.unite.it\/wp-content\/uploads\/2021\/08\/una_comunit__ricca_e_potente_279x186.jpg\" width=\"279\" height=\"186\" alt=\"Una comunit\u00e0 ricca e potente\" align=\"left\">Si inicialmente fueron de Siena y Florencia los que dominaron el mercado financiero europeo en el siglo XIII y XIV, nuevos grupos emergieron durante la Edad Moderna. En el caso espec\u00edfico de la Monarqu\u00eda espa\u00f1ola, los alemanes <a href=\"\/es\/territorios\/itinerarios-internacionales\/los-genoveses-entre-italia-y-espana-en-epoca-barroca\/una-comunidad-rica-y-potente\/los-fugger\/\" title=\"Los Fugger\">Fugger<\/a> se impusieron como principales financieros de las empresas b\u00e9licas de <a href=\"\/es\/territorios\/itinerarios-urbanos\/lecce\/otros-restos\/carlos-v-de-habsburgo\/\" title=\"Carlos V de Habsburgo\">Carlos V<\/a>, pero ya en los \u00faltimos quince a\u00f1os del reinado del Emperador, y m\u00e1s a\u00fan en tiempos de <a href=\"\/es\/territorios\/itinerarios-urbanos\/valladolid\/iglesia-de-san-pablo\/felipe-ii\/\" title=\"Felipe II\">Felipe II<\/a> y <a href=\"\/es\/territorios\/itinerarios-urbanos\/valladolid\/iglesia-de-san-pablo\/felipe-iii\/\" title=\"Felipe III\">Felipe III<\/a>, fueron los banqueros genoveses quienes garantizaron los pr\u00e9stamos m\u00e1s importantes y lucrativos (asientos) a los monarcas hispanos. Los mercaderes y navegantes genoveses estuvieron h\u00e1biles al construir una eficiente red de cr\u00e9dito con el mundo ib\u00e9rico, Francia y el norte de Europa, llegando a crear sus propias ferias de cambio, como una alternativa a las de Lyon y otros centros como las ferias de Becan\u00e7on, y a partir de 1579, en Piacenza. El poder econ\u00f3mico y pol\u00edtico de los genoveses, y en particular de familias como los <a href=\"#\" class=\"tooltip yellow-tooltip\">Doria<span>La familia Doria, o D&#8217;Oria, es una de las familias aristocr\u00e1ticas m\u00e1s importantes de la historia de Italia. Originarios de G\u00e9nova, los primeros vestigios de los Doria se remontan al siglo X. Entre los miembros de la familia, destacaban&nbsp;los almirantes Lamba (1245-1323), Andrea (1466-1560) y Gianandrea (1539-1606) y los Cardenales Girolamo, Giovanni, Sinibaldo y Giorgio. Marqueses y pr\u00edncipes de Torriglia, los Doria se dividen en varias ramas, una de las m\u00e1s famosas es la de los Doria-Pamphili.<\/span><\/a>, <a href=\"#\" class=\"tooltip yellow-tooltip\">Espinola<span>Los Espinola (Spinola) son una de las familias m\u00e1s antiguas e importantes de la historia de G\u00e9nova, tradicional protagonista de la vida pol\u00edtica de la ciudad. Aliados de los Doria en el bando gibelino durante el siglo XIV, los Espinola se enriquecieron con el tiempo por medio del comercio, de la actividad bancaria y de la adquisici\u00f3n de la propiedad. Entre sus miembros, se encuentraba el general Ambrogio Spinola (1569-1630), un gran hombre de armas al servicio del rey de Espa\u00f1a.<\/span><\/a>, <a href=\"#\" class=\"tooltip yellow-tooltip\">Grimaldi<span>Los Grimaldi son una de las familias m\u00e1s antiguas e importantes de la historia de G\u00e9nova, en el mismo plano que los Doria, los Espinola, los Fieschi y los Imperiale. Mercaderes, banqueros y terratenientes, las diversas ramas de la familia acumularon importantes t\u00edtulos, duques y marqueses, tales como los de Gerace, Salerno y Antibes. Alberto II Grimaldi es el actual soberano del principado de M\u00f3naco.<\/span><\/a> y <a href=\"#\" class=\"tooltip yellow-tooltip\">Centuri\u00f3n<span>Tambi\u00e9n los Centurione estaban entre las familias genovesas que se enriquecieron en gran medida a partir del siglo XIV, primero con el comercio y luego con la actividad bancaria, garantizando pr\u00e9stamos de grandes sumas de dinero, en particular, al Rey de Espa\u00f1a. En 1602, un miembro de la familia, Ottavio, prest\u00f3 a Felipe III de Habsburgo el llamado asiento grande, un pr\u00e9stamo r\u00e9cord que ascendi\u00f3 a casi 9 millones de ducados.<\/span><\/a>, fue suficiente como para llevar a los historiadores a acu\u00f1ar la expresi\u00f3n &#8220;siglo de los genoveses&#8221; (1530 ca. &#8211; 1630 ca.). Durante el reinado de <a href=\"\/es\/territorios\/itinerarios-urbanos\/valladolid\/iglesia-de-san-pablo\/felipe-iv\/\" title=\"Felipe IV\">Felipe IV<\/a>, su influencia fue disminuyendo, debido a la competencia de los banqueros portugueses, y tambi\u00e9n a la progresiva p\u00e9rdida de confianza de los inversores en la monarqu\u00eda de los Habsburgo, a menudo obligados a recurrir a la suspensi\u00f3n de pagos (1557, 1575, 1596, 1607, 1627, 1647, 1653) para renegociar las tasas de inter\u00e9s o para transformar la deuda fluctuante en consolidada.<\/p>\n<p style=\"text-align: justify\">La presencia de los genoveses en los principales centros de la Monarqu\u00eda espa\u00f1ola es atestiguada por los edificios, religiosos o no, que la comunidad hab\u00eda construido durante la Edad Moderna. Iglesias dedicadas al culto del Santo Patr\u00f3n de G\u00e9nova, San Jorge (foto: Iglesia de San Jorge de los Genoveses en <a href=\"\/es\/territorios\/itinerarios-internacionales\/los-genoveses-entre-italia-y-espana-en-epoca-barroca\/una-comunidad-rica-y-potente\/palermo\/\" title=\"Palermo\">Palermo<\/a>), o palacios y residencias nobiliarias que forman parte, todav\u00eda hoy, del patrimonio art\u00edstico de diversos lugares y testifican, distanciados en el tiempo, el poder y la riqueza de la comunidad genovesa en \u00c9poca Barroca.<\/p>\n<p style=\"text-align: justify\"><a href=\"\/es\/territorios\/itinerarios-internacionales\/\" title=\"Itinerarios internacionales\">&lt;&lt;&lt;&#8212;\u00cdndice<\/a>&nbsp;&nbsp; <a href=\"\/es\/territorios\/itinerarios-internacionales\/los-genoveses-entre-italia-y-espana-en-epoca-barroca\/la-iglesia-de-san-jorge-de-los-genoveses-en-palermo\/\" title=\"La iglesia de San Jorge de los Genoveses en Palermo\">p\u00e1gina siguiente&#8212;&gt;&gt;&gt;<\/a><\/p>\n<\/p><\/div>\n<p><\/p>\n","protected":false},"excerpt":{"rendered":"<p>Una comunidad rica y potente Durante la \u00e9poca Moderna, la necesidad de recaudar dinero, sobre todo para financiar los elevados costos de la guerra, llev\u00f3 a los monarcas europeos a seguir estrategias diferentes para asegurar los ingresos y la financiaci\u00f3n. Junto al aumento de la&hellip;<\/p>\n","protected":false},"author":1,"featured_media":0,"parent":7583,"menu_order":0,"comment_status":"closed","ping_status":"closed","template":"","meta":{"footnotes":""},"class_list":["post-6709","page","type-page","status-publish","hentry"],"_links":{"self":[{"href":"https:\/\/digitalhistory.unite.it\/es\/wp-json\/wp\/v2\/pages\/6709","targetHints":{"allow":["GET"]}}],"collection":[{"href":"https:\/\/digitalhistory.unite.it\/es\/wp-json\/wp\/v2\/pages"}],"about":[{"href":"https:\/\/digitalhistory.unite.it\/es\/wp-json\/wp\/v2\/types\/page"}],"author":[{"embeddable":true,"href":"https:\/\/digitalhistory.unite.it\/es\/wp-json\/wp\/v2\/users\/1"}],"replies":[{"embeddable":true,"href":"https:\/\/digitalhistory.unite.it\/es\/wp-json\/wp\/v2\/comments?post=6709"}],"version-history":[{"count":2,"href":"https:\/\/digitalhistory.unite.it\/es\/wp-json\/wp\/v2\/pages\/6709\/revisions"}],"predecessor-version":[{"id":12014,"href":"https:\/\/digitalhistory.unite.it\/es\/wp-json\/wp\/v2\/pages\/6709\/revisions\/12014"}],"up":[{"embeddable":true,"href":"https:\/\/digitalhistory.unite.it\/es\/wp-json\/wp\/v2\/pages\/7583"}],"wp:attachment":[{"href":"https:\/\/digitalhistory.unite.it\/es\/wp-json\/wp\/v2\/media?parent=6709"}],"curies":[{"name":"wp","href":"https:\/\/api.w.org\/{rel}","templated":true}]}}