{"id":6710,"date":"2021-08-20T00:03:53","date_gmt":"2021-08-19T22:03:53","guid":{"rendered":"https:\/\/digitalhistory.unite.it\/la-iglesia-de-san-jorge-de-los-genoveses-en-palermo\/"},"modified":"2021-11-23T15:28:50","modified_gmt":"2021-11-23T14:28:50","slug":"la-iglesia-de-san-jorge-de-los-genoveses-en-palermo","status":"publish","type":"page","link":"https:\/\/digitalhistory.unite.it\/es\/temas\/iglesias\/la-iglesia-de-san-jorge-de-los-genoveses-en-palermo\/","title":{"rendered":"La iglesia de San Jorge de los Genoveses en Palermo"},"content":{"rendered":"<h1>La iglesia de San Jorge de los Genoveses en Palermo <\/h1>\n<div class=\"testo\">\n<p style=\"text-align: justify\">Desde la primera mitad del siglo XIV, cuando prevalec\u00eda el partido g\u00fcelfo en G\u00e9nova, obligando a muchos gibelinos al exilio, no pocos miembros de la Naci\u00f3n genovesa se establecieron en el <a href=\"\/es\/territorios\/itinerarios-regionales\/guerra-de-santos\/religiosidad-conflictiva\/reino-de-sicilia\/\" title=\"Reino de Sicilia\">reino de Sicilia<\/a>. A menudo, desempe\u00f1ando oficios p\u00fablicos de gran importancia, o participaban con \u00e9xito en los sectores de comercio y en otros espec\u00edficos de producci\u00f3n, tales como la elaboraci\u00f3n de la lana y la producci\u00f3n de los pa\u00f1os, los genoveses fueron protagonista de primer orden en la econom\u00eda y la vida p\u00fablica siciliana de los siglos sucesivos.<\/p>\n<p style=\"text-align: justify\"><img loading=\"lazy\" decoding=\"async\" src=\"https:\/\/digitalhistory.unite.it\/wp-content\/uploads\/2021\/08\/san_giorgio_dei_genovesi_palermo_278x185.jpg\" width=\"278\" height=\"185\" alt=\"Chiesa San Giorgio dei Genovesi Pa\" align=\"left\">La iglesia de San Jorge de los Genoveses en <a href=\"\/es\/territorios\/itinerarios-internacionales\/los-genoveses-entre-italia-y-espana-en-epoca-barroca\/una-comunidad-rica-y-potente\/palermo\/\" title=\"Palermo\">Palermo<\/a> fue construida entre 1575 y 1596 en la zona exterior del barrio de la Loggia, cerca del Molo que el Senado hab\u00eda decidido construir para garantizar la modernizaci\u00f3n del puerto. En este lugar hab\u00eda otra iglesia dedicada al culto de San Lucas, que fue demolida para dar paso a la nueva construcci\u00f3n. El templo fue construido seg\u00fan el proyecto del arquitecto piamont\u00e9s <a href=\"#\" class=\"tooltip yellow-tooltip\">Giorgio di Faccio<span>Giorgio di Faccio, o di Fazio, fue un arquitecto italiano, natural del Piamonte, pero que trabaj\u00f3 en Palermo desde 1559 hasta su muerte en 1592. La iglesia de San Jorge de los Genoveses es, sin duda, su obra m\u00e1s famosa.<\/span><\/a> y puede ser considerado como el s\u00edmbolo del poder alcanzado por la comunidad genovesa en Sicilia durante la segunda mitad del siglo XVI, ensombreciendo el dominio tradicional de los banqueros de Pisa que se encontraban en la Isla. La iglesia tiene una fachada sencilla y una estructura interna dividida en tres naves, con capillas laterales: la ambici\u00f3n del proyecto y el enorme gasto que fue necesario para llevarla a cabo, da testimonio de la riqueza de los fundadores. La ausencia de un p\u00f3rtico, a diferencia de otras iglesias de la \u00e9poca, confirma el uso prevalentemente religioso del templo.<\/p>\n<p style=\"text-align: justify\">El interior (foto) conserva l\u00e1pidas sepulcrales y nichos de m\u00e1rmol que son reflejo del inter\u00e9s de las familias genovesas de la ciudad por conseguir un espacio de prestigio en la iglesia de la Naci\u00f3n. Entre las estelas funerarias de las diversas familias est\u00e1 sepultada tambi\u00e9n la c\u00e9lebre pintora <a href=\"\/es\/territorios\/itinerarios-internacionales\/los-genoveses-entre-italia-y-espana-en-epoca-barroca\/la-iglesia-de-san-jorge-de-los-genoveses-en-palermo\/sofonisba-anguissola\/\" title=\"Sofonisba Anguissola\">Sofonisba Anguissola<\/a>. Ejemplos del arte barroco son las numerosas pinturas del siglo XVII conservadas dentro de la iglesia; adem\u00e1s de un an\u00f3nimo <em>San Jorge y el drag\u00f3n<\/em>, destacan el <em>Martirio de San Jorge<\/em> y el <em>Bautismo de Cristo<\/em> de <a href=\"#\" class=\"tooltip yellow-tooltip\">Jacopo Palma el Joven<span>Jacobo Negretti, conocido como Jacobo &#8220;Palma el Joven&#8221; para distinguirlo de su t\u00edo abuelo Jacobo &#8220;Palma el Viejo&#8221;, fue un pintor italiano que trabaj\u00f3 entre los siglos XVI y XVII (1544-1628). Colaborador y disc\u00edpulo de Tiziano, pas\u00f3 cuatro a\u00f1os de formaci\u00f3n en Roma, siendo muy reconocido en B\u00e9rgamo en las \u00faltimas d\u00e9cadas del siglo XVI.<\/span><\/a>, <em>San Lucas pinta a la Virgen<\/em> de <a href=\"#\" class=\"tooltip yellow-tooltip\">Filippo Paladini<span>Filippo Paladini (1544-1614) fue un pintor tardo-manierista de la Toscana. Despu\u00e9s de un per\u00edodo de cinco a\u00f1os que pas\u00f3 en la isla de Malta, vivi\u00f3 en la corte del pr\u00edncipe Branciforte di Mazzarino, donde despu\u00e9s muri\u00f3 a la edad de setenta a\u00f1os. Sus pinturas adornan muchas iglesias sicilianas, en Vizzini, Palermo, Enna y Caltanissetta.<\/span><\/a>, el <em>Martirio de San Vicente de Zaragoza<\/em> de <a href=\"#\" class=\"tooltip yellow-tooltip\">Jacopo da Empoli<span>Jacopo Chimenti, tambi\u00e9n llamado Jacopo da Empoli o El Empoli, naci\u00f3 y muri\u00f3 en Florencia (1551-1640). Pintor inspirado en los maestros de principios del siglo XVI, con un poco de influencia de Caravaggio, debe su apodo a la ciudad de origen de su padre.<\/span><\/a>, la <em>Virgen Reina de G\u00e9nova<\/em> de <a href=\"#\" class=\"tooltip yellow-tooltip\">Domenico Fiasella<span>Domenico Fiasella, llamado Il Sarzana por el nombre de su ciudad natal (1589-1669), fue un pintor formado en G\u00e9nova, en el taller de Girolamo Paggi. Despu\u00e9s de casi una d\u00e9cada que pas\u00f3 en Roma, donde estudi\u00f3 el arte antiguo, Rafael, Caravaggio y Annibale Carracci, regres\u00f3 definitivamente a G\u00e9nova. Aqu\u00ed se produjo la mayor parte de sus obras, inspiradas en el tardo-manierismo local y el realismo local del Caravaggio.<\/span><\/a> y la <em>Virgen del Rosario y los Santos<\/em> de <a href=\"\/es\/territorios\/itinerarios-urbanos\/valladolid\/catedral\/giordano\/\" title=\"Giordano\">Luca Giordano<\/a>.<\/p>\n<p style=\"text-align: justify\"><a href=\"\/es\/territorios\/itinerarios-internacionales\/los-genoveses-entre-italia-y-espana-en-epoca-barroca\/una-comunidad-rica-y-potente\/\" title=\"Una comunidad rica y potente\">&lt;&lt;&lt;&#8212;p\u00e1gina precedente<\/a>&nbsp;&nbsp; <a href=\"\/es\/territorios\/itinerarios-internacionales\/los-genoveses-entre-italia-y-espana-en-epoca-barroca\/la-iglesia-de-san-jorge-de-los-genoveses-en-napoles\/\" title=\"La iglesia de San Jorge de los Genoveses en N\u00e1poles\">p\u00e1gina siguiente&#8212;&gt;&gt;&gt;<\/a><\/p>\n<\/p><\/div>\n<p><\/p>\n","protected":false},"excerpt":{"rendered":"<p>La iglesia de San Jorge de los Genoveses en Palermo Desde la primera mitad del siglo XIV, cuando prevalec\u00eda el partido g\u00fcelfo en G\u00e9nova, obligando a muchos gibelinos al exilio, no pocos miembros de la Naci\u00f3n genovesa se establecieron en el reino de Sicilia. A&hellip;<\/p>\n","protected":false},"author":1,"featured_media":0,"parent":5913,"menu_order":0,"comment_status":"closed","ping_status":"closed","template":"","meta":{"footnotes":""},"class_list":["post-6710","page","type-page","status-publish","hentry"],"_links":{"self":[{"href":"https:\/\/digitalhistory.unite.it\/es\/wp-json\/wp\/v2\/pages\/6710","targetHints":{"allow":["GET"]}}],"collection":[{"href":"https:\/\/digitalhistory.unite.it\/es\/wp-json\/wp\/v2\/pages"}],"about":[{"href":"https:\/\/digitalhistory.unite.it\/es\/wp-json\/wp\/v2\/types\/page"}],"author":[{"embeddable":true,"href":"https:\/\/digitalhistory.unite.it\/es\/wp-json\/wp\/v2\/users\/1"}],"replies":[{"embeddable":true,"href":"https:\/\/digitalhistory.unite.it\/es\/wp-json\/wp\/v2\/comments?post=6710"}],"version-history":[{"count":2,"href":"https:\/\/digitalhistory.unite.it\/es\/wp-json\/wp\/v2\/pages\/6710\/revisions"}],"predecessor-version":[{"id":11913,"href":"https:\/\/digitalhistory.unite.it\/es\/wp-json\/wp\/v2\/pages\/6710\/revisions\/11913"}],"up":[{"embeddable":true,"href":"https:\/\/digitalhistory.unite.it\/es\/wp-json\/wp\/v2\/pages\/5913"}],"wp:attachment":[{"href":"https:\/\/digitalhistory.unite.it\/es\/wp-json\/wp\/v2\/media?parent=6710"}],"curies":[{"name":"wp","href":"https:\/\/api.w.org\/{rel}","templated":true}]}}