{"id":6711,"date":"2021-08-20T00:03:53","date_gmt":"2021-08-19T22:03:53","guid":{"rendered":"https:\/\/digitalhistory.unite.it\/la-iglesia-de-san-jorge-de-los-genoveses-en-napoles\/"},"modified":"2021-11-23T15:28:50","modified_gmt":"2021-11-23T14:28:50","slug":"la-iglesia-de-san-jorge-de-los-genoveses-en-napoles","status":"publish","type":"page","link":"https:\/\/digitalhistory.unite.it\/es\/temas\/iglesias\/la-iglesia-de-san-jorge-de-los-genoveses-en-napoles\/","title":{"rendered":"La iglesia de San Jorge de los Genoveses en N\u00e1poles"},"content":{"rendered":"<h1>La iglesia de San Jorge de los Genoveses en N\u00e1poles <\/h1>\n<div class=\"testo\">\n<p style=\"text-align: justify\">El dominio de los genoveses en el sistema de cr\u00e9dito de la ciudad y en el <a href=\"\/es\/territorios\/itinerarios-urbanos\/lecce\/otros-restos\/reino-de-napoles\/\" title=\"Reino de N\u00e1poles\">reino de N\u00e1poles<\/a> comenz\u00f3 en las primeras d\u00e9cadas del siglo XVI, destinado a crecer m\u00e1s y m\u00e1s a lo largo del siglo XVII. Junto a personajes naturales del reino, como el c\u00e9lebre caso de <a href=\"\/es\/territorios\/itinerarios-internacionales\/los-genoveses-entre-italia-y-espana-en-epoca-barroca\/la-iglesia-de-san-jorge-de-los-genoveses-en-napoles\/bartolomeo-daquino\/\" title=\"Bartolomeo d'Aquino\">Bartolomeo d&#8217;Aquino<\/a>, importantes familias genovesas como los <a href=\"#\" class=\"tooltip yellow-tooltip\">De Mari<span>Los De Mari eran una familia de origen genov\u00e9s, afincada en el reino de N\u00e1poles desde principios del siglo XVI. Comerciantes, banqueros y asientistas, acumularon en el trascurso de la Edad Moderna posesiones agrarias y t\u00edtulos de nobleza, arraig\u00e1ndose cada vez m\u00e1s a la sociedad espa\u00f1ola del Sur.<\/span><\/a> se establecieron como protagonistas de primer orden de la vida p\u00fablica, a\u00f1adiendo a menudo, a sus fortunas de origen mercantil y bancario, t\u00edtulos nobiliarios, se\u00f1or\u00edos y cargos pol\u00edtico-institucionales.<\/p>\n<p style=\"text-align: justify\"><img loading=\"lazy\" decoding=\"async\" src=\"https:\/\/digitalhistory.unite.it\/wp-content\/uploads\/2021\/08\/genovesi_280x210.jpg\" width=\"280\" height=\"210\" alt=\"Chiesa San Giorgio dei Genovesi Na\" align=\"left\">La comunidad genovesa residente en <a href=\"\/es\/territorios\/itinerarios-urbanos\/lecce\/plaza-de-san-oronzo\/napoles\/\" title=\"N\u00e1poles\">N\u00e1poles<\/a> ya hab\u00eda construido una peque\u00f1a iglesia bajo la enfermer\u00eda de Santa Mar\u00eda la Nueva, pero la necesidad de un templo m\u00e1s grande que representase la Naci\u00f3n, cada vez m\u00e1s numerosa y poderosa, llev\u00f3 a la adquisici\u00f3n de un \u00e1rea donde se encontraba el teatro conocido como de la &#8220;Comedia Vieja&#8221;. Derribado el teatro en 1587, se construy\u00f3 la iglesia de San Jorge de los Genoveses o, en memoria del edificio anterior, de San Jorge en la Comedia Vieja. La estructura, t\u00edpicamente barroca, presenta un amplio sagrario elevado que se accede por una escalinata, construida por <a href=\"#\" class=\"tooltip yellow-tooltip\">Bartolomeo Picchiatti<span>Bartolomeo Picchiatti (1571-1643) se traslad\u00f3 a N\u00e1poles desde su Ferrara natal en 1593, trabajando primero con el arquitecto Domenico Fontana. Entre sus obras, se encuentra el Palazzo Monte de los Pobres Avergonzados y la Iglesia de San Giorgio de los Genoveses. En los \u00faltimos a\u00f1os fue ayudado por su hijo Francesco Antonio, por ejemplo, en el dise\u00f1o de la bas\u00edlica de San Agostino alla Zecca.<\/span><\/a> durante la restauraci\u00f3n coordinada por el mismo arquitecto a principios del siglo XVII. La fachada es sencilla y armoniosa, mientras que el interior tiene planta de cruz latina de una sola nave, con capillas laterales enriquecidas, que culmina en el espacio poligonal del \u00e1bside. Un rico recubrimiento de estuco decora la b\u00f3veda de ca\u00f1\u00f3n y las c\u00fapulas, siendo tambi\u00e9n numerosas las obras de arte que se conservan en la iglesia. En particular, destacan <em>San Antonio resucita un muerto<\/em> de <a href=\"#\" class=\"tooltip yellow-tooltip\">Battistello Caracciolo<span>Giovanni Battista Caracciolo llamado Battistello (1578-1635) fue un pintor napolitano. Disc\u00edpulo de Belisario Corenzio, fue el principal difusor del arte y del estilo de Caravaggio en N\u00e1poles. En la segunda mitad de su carrera, como resultado de los viajes y estancias principalmente en Roma, sus obras no ten\u00edan relaci\u00f3n con el modelo caravaggesco, sino que eran m\u00e1s cercanas a la influencia de Guido Reni y de los Carracci.<\/span><\/a>, una clara evidencia de la influencia de <a href=\"\/es\/territorios\/itinerarios-urbanos\/napoles-y-el-cardinal-ascanio-filomarino\/un-ambicioso-prelado\/caravaggio\/\" title=\"Caravaggio\">Caravaggio<\/a> en la pintura napolitana del siglo XVII, y la obra sobre el altar mayor que representa a <em>San Jorge matando al drag\u00f3n<\/em> de <a href=\"#\" class=\"tooltip yellow-tooltip\">Andrea Sabatino, llamado Andrea da Salerno<span>Andrea Sabatino, tambi\u00e9n conocido como Andrea da Salerno (1480-1545) fue un pintor renacentista. Trabaj\u00f3 en las actuales provincias de N\u00e1poles y Salerno, en el sur del Lazio, y pint\u00f3 durante sus \u00faltimos a\u00f1os de vida en la abad\u00eda de Montecassino. Muri\u00f3 en Gaeta, donde se encontraba trabajando en el santuario de la Sant\u00edsima Anunciada. Sus pupilos fueron Giovanni Filippo Criscuolo y Severo Ierace.<\/span><\/a>. <a href=\"#\" class=\"tooltip yellow-tooltip\">Domenico Fiasella<span>Domenico Fiasella, llamado Il Sarzana por el nombre de su ciudad natal (1589-1669), fue un pintor formado en G\u00e9nova, en el taller de Girolamo Paggi. Despu\u00e9s de casi una d\u00e9cada que pas\u00f3 en Roma, donde estudi\u00f3 el arte antiguo, Rafael, Caravaggio y Annibale Carracci, regres\u00f3 definitivamente a G\u00e9nova. Aqu\u00ed se produjo la mayor parte de sus obras, inspiradas en el tardo-manierismo local y el realismo local del Caravaggio.<\/span><\/a>, <a href=\"#\" class=\"tooltip yellow-tooltip\">Jacopo Cestaro<span>Jacobo o Giacomo Cestaro fue un pintor nacido en Bagnoli Irpino, cerca de Avellino (1718-1785\/1789).<\/span><\/a> y <a href=\"#\" class=\"tooltip yellow-tooltip\">Francesco De Mura<span>El napolitano Francesco de Mura (1696-1782) se form\u00f3 en el taller de Francesco Solimena. La influencia de la escuela barroca napolitana del mismo Solimena y de Luca Giordano fue evidente en su rica producci\u00f3n pict\u00f3rica, lo que habr\u00eda influenciado todo el Setecientos art\u00edstico napolitano.<\/span><\/a> fueron otros artistas que decoraron la iglesia durante los siglos XVII y XVIII. Situada en pleno centro hist\u00f3rico, en v\u00eda Medina, hoy se utiliza como una capilla universitaria, pero tambi\u00e9n como sede de seminarios y actividades culturales, sesiones de graduaci\u00f3n, exposiciones y conferencias.<\/p>\n<p style=\"text-align: justify\"><a href=\"\/es\/territorios\/itinerarios-internacionales\/los-genoveses-entre-italia-y-espana-en-epoca-barroca\/la-iglesia-de-san-jorge-de-los-genoveses-en-palermo\/\" title=\"La iglesia de San Jorge de los Genoveses en Palermo\">&lt;&lt;&lt;&#8212;p\u00e1gina precedente<\/a>&nbsp;&nbsp; <a href=\"\/es\/territorios\/itinerarios-internacionales\/los-genoveses-entre-italia-y-espana-en-epoca-barroca\/los-genoveses-en-el-puerto-de-cadiz-siglo-xvii\/\" title=\"Los genoveses en el Puerto de C\u00e1diz (siglo XVII)\">p\u00e1gina siguiente&#8212;&gt;&gt;&gt;<\/a><\/p>\n<\/p><\/div>\n<p><\/p>\n","protected":false},"excerpt":{"rendered":"<p>La iglesia de San Jorge de los Genoveses en N\u00e1poles El dominio de los genoveses en el sistema de cr\u00e9dito de la ciudad y en el reino de N\u00e1poles comenz\u00f3 en las primeras d\u00e9cadas del siglo XVI, destinado a crecer m\u00e1s y m\u00e1s a lo&hellip;<\/p>\n","protected":false},"author":1,"featured_media":0,"parent":5913,"menu_order":0,"comment_status":"closed","ping_status":"closed","template":"","meta":{"footnotes":""},"class_list":["post-6711","page","type-page","status-publish","hentry"],"_links":{"self":[{"href":"https:\/\/digitalhistory.unite.it\/es\/wp-json\/wp\/v2\/pages\/6711","targetHints":{"allow":["GET"]}}],"collection":[{"href":"https:\/\/digitalhistory.unite.it\/es\/wp-json\/wp\/v2\/pages"}],"about":[{"href":"https:\/\/digitalhistory.unite.it\/es\/wp-json\/wp\/v2\/types\/page"}],"author":[{"embeddable":true,"href":"https:\/\/digitalhistory.unite.it\/es\/wp-json\/wp\/v2\/users\/1"}],"replies":[{"embeddable":true,"href":"https:\/\/digitalhistory.unite.it\/es\/wp-json\/wp\/v2\/comments?post=6711"}],"version-history":[{"count":2,"href":"https:\/\/digitalhistory.unite.it\/es\/wp-json\/wp\/v2\/pages\/6711\/revisions"}],"predecessor-version":[{"id":11912,"href":"https:\/\/digitalhistory.unite.it\/es\/wp-json\/wp\/v2\/pages\/6711\/revisions\/11912"}],"up":[{"embeddable":true,"href":"https:\/\/digitalhistory.unite.it\/es\/wp-json\/wp\/v2\/pages\/5913"}],"wp:attachment":[{"href":"https:\/\/digitalhistory.unite.it\/es\/wp-json\/wp\/v2\/media?parent=6711"}],"curies":[{"name":"wp","href":"https:\/\/api.w.org\/{rel}","templated":true}]}}