{"id":6712,"date":"2021-08-20T00:03:53","date_gmt":"2021-08-19T22:03:53","guid":{"rendered":"https:\/\/digitalhistory.unite.it\/los-genoveses-en-el-puerto-de-cadiz-siglo-xvii\/"},"modified":"2021-11-23T15:29:00","modified_gmt":"2021-11-23T14:29:00","slug":"los-genoveses-en-el-puerto-de-cadiz-siglo-xvii","status":"publish","type":"page","link":"https:\/\/digitalhistory.unite.it\/es\/territorios\/itinerarios-internacionales\/los-genoveses-entre-italia-y-espana-enepoca-barroca\/los-genoveses-en-el-puerto-de-cadiz-siglo-xvii\/","title":{"rendered":"Los genoveses en el Puerto de C\u00e1diz (siglo XVII)"},"content":{"rendered":"<h1>Los genoveses en el Puerto de C\u00e1diz (siglo XVII) <\/h1>\n<div class=\"testo\">\n<p style=\"text-align: justify\"><img loading=\"lazy\" decoding=\"async\" src=\"https:\/\/digitalhistory.unite.it\/wp-content\/uploads\/2021\/08\/cadice_278x186.jpg\" width=\"278\" height=\"186\" alt=\"Cadice\" align=\"left\">La presencia de genoveses en la Pen\u00ednsula Ib\u00e9rica data de \u00e9poca medieval cuando la <a href=\"\/es\/territorios\/itinerarios-internacionales\/los-genoveses-entre-italia-y-espana-en-epoca-barroca\/los-genoveses-en-el-puerto-de-cadiz-siglo-xvii\/republica-de-genova\/\" title=\"Rep\u00fablica de G\u00e9nova\">Rep\u00fablica de G\u00e9nova<\/a> era una potencia mar\u00edtima que cre\u00f3 diversas colonias comerciales a lo largo de las costas del Mediterr\u00e1neo. El inter\u00e9s de los <a href=\"\/es\/territorios\/itinerarios-urbanos\/valladolid\/el-museo-nacional-de-escultura\/reyes-catolicos\/\" title=\"Reyes Cat\u00f3licos\">Reyes Cat\u00f3licos<\/a> en hacer realidad el imperio de Indias hizo que un gran n\u00famero de mercaderes ligures con gran experiencia en las finanzas y en el comercio exterior se asentaran en Castilla, para colaborar con los monarcas en cuestiones econ\u00f3micas. Familias enteras del patriciado genov\u00e9s cuyos miembros ejerc\u00edan de importantes banqueros y mercaderes, comenzaron entonces a asentarse adem\u00e1s de en Castilla, en los principales puertos mar\u00edtimos de la Pen\u00ednsula como <a href=\"\/es\/territorios\/itinerarios-internacionales\/los-genoveses-entre-italia-y-espana-en-epoca-barroca\/los-genoveses-en-el-puerto-de-cadiz-siglo-xvii\/cadiz\/\" title=\"C\u00e1diz\">C\u00e1diz<\/a>, <a href=\"\/es\/territorios\/itinerarios-internacionales\/los-genoveses-entre-italia-y-espana-en-epoca-barroca\/los-genoveses-en-el-puerto-de-cadiz-siglo-xvii\/sevilla\/\" title=\"Sevilla\">Sevilla<\/a> o <a href=\"\/es\/territorios\/itinerarios-internacionales\/los-genoveses-entre-italia-y-espana-en-epoca-barroca\/los-genoveses-en-el-puerto-de-cadiz-siglo-xvii\/valencia\/\" title=\"Valencia\">Valencia<\/a>, controlando as\u00ed el comercio mediterr\u00e1neo y tambi\u00e9n el americano. En 1528 por medio del acuerdo de la <a href=\"#\" class=\"tooltip yellow-tooltip\">Condotta<span>Es el acuerdo entre el emperador Carlos V y Andrea Doria en 1528 por el que se establec\u00edan las relaciones de dependencia entre la Rep\u00fablica de G\u00e9nova y la Monarqu\u00eda Hispana. De un lado, la Monarqu\u00eda ofrec\u00eda protecci\u00f3n militar a G\u00e9nova y del otro, G\u00e9nova impulsaba econ\u00f3micamente la din\u00e1mica comercial de la Monarqu\u00eda.<\/span><\/a>, el Imperio de <a href=\"\/es\/territorios\/itinerarios-urbanos\/lecce\/otros-restos\/carlos-v-de-habsburgo\/\" title=\"Carlos V de Habsburgo\">Carlos V<\/a> comienza a ejercer una tutela sobre la Rep\u00fablica genovesa, a la que protege militarmente, dando comienzo a una relaci\u00f3n estrecha entre G\u00e9nova y Espa\u00f1a que se conoce como el &#8220;siglo de los genoveses&#8221;. A cambio de los pr\u00e9stamos continuos a la corona, los genoveses consiguieron amplios privilegios para participar en el emporio colonial americano. Poco a poco, los asentistas genoveses fueron tomando mayor protagonismo en las finanzas de <a href=\"\/es\/territorios\/itinerarios-urbanos\/valladolid\/iglesia-de-san-pablo\/felipe-ii\/\" title=\"Felipe II\">Felipe II<\/a>, ascendiendo a puestos cada vez m\u00e1s relevantes en la <a href=\"\/es\/territorios\/itinerarios-urbanos\/valladolid\/iglesia-de-san-pablo\/corte\/\" title=\"Corte\">corte<\/a> hispana por medio del servicio al monarca y las alianzas matrimoniales con importantes familias de la aristocracia espa\u00f1ola. Pero la \u00e9poca del Barroco signific\u00f3 el declive de los asentistas genoveses en Espa\u00f1a, especialmente tras la <a href=\"#\" class=\"tooltip yellow-tooltip\">bancarrota de 1627<span>En 1627 el sistema financiero de la Monarqu\u00eda Hispana se declar\u00f3 insolvente. La relaci\u00f3n de la Rep\u00fablica genovesa con la Monarqu\u00eda comenzaba a derrumbarse: ni la Monarqu\u00eda pudo defender militarmente el ataque de Saboya a G\u00e9nova, ni los genoveses estaban dispuestos a prestar m\u00e1s dinero a la corona espa\u00f1ola.<\/span><\/a>, que demostr\u00f3 la falta de solvencia de la econom\u00eda espa\u00f1ola. Fue entonces cuando en la Pen\u00ednsula ib\u00e9rica se cambi\u00f3 el dominio de los genoveses por el predominio del <a href=\"#\" class=\"tooltip yellow-tooltip\">Banco de Cambio de Amsterdam<span>Se cre\u00f3 en 1609 y fue de los m\u00e1s importantes del norte de Europa. Tanto su nacimiento como su desarrollo estuvieron vinculados a La Compa\u00f1\u00eda Neerlandesa de las Indias Orientales, quebrando ambos organismos a principios del siglo XIX.<\/span><\/a>, que se convirti\u00f3 en la plaza principal de pr\u00e9stamos. A lo que habr\u00eda que sumar el declive del puerto atl\u00e1ntico de Sevilla debido al descenso comercial con Am\u00e9rica y el auge de importantes compa\u00f1\u00edas comerciales competidoras como la holandesa o la inglesa en la Indias Orientales. A mediados del siglo XVII, los mercaderes y prestamistas ligures cambiaron de estrategia; abandonaron el comercio de Am\u00e9rica, convirti\u00e9ndose en intervinientes -comerciantes de trigo y seda especialmente &#8211; entre los reinos hispanos y los territorios italianos de la Monarqu\u00eda. Buena parte de la colonia de genoveses asentados en Sevilla se desplaz\u00f3 a C\u00e1diz donde se daba un comercio m\u00e1s local que miraba a Italia (foto: la&nbsp;costa gaditana con la catedral). Y es precisamente en C\u00e1diz, donde se rastrea mejor el pasado barroco de la naci\u00f3n genovesa.<\/p>\n<p style=\"text-align: justify\"><a href=\"\/es\/territorios\/itinerarios-internacionales\/los-genoveses-entre-italia-y-espana-en-epoca-barroca\/la-iglesia-de-san-jorge-de-los-genoveses-en-napoles\/\" title=\"La iglesia de San Jorge de los Genoveses en N\u00e1poles\">&lt;&lt;&lt;&#8212;p\u00e1gina precedente<\/a>&nbsp;&nbsp; <a href=\"\/es\/territorios\/itinerarios-internacionales\/los-genoveses-entre-italia-y-espana-en-epoca-barroca\/capilla-de-la-parroquia-de-santa-cruz-cadiz\/\" title=\"Capilla de la Parroquia de Santa Cruz (C\u00e1diz)\">p\u00e1gina siguiente&#8212;&gt;&gt;&gt;<\/a><\/p>\n<\/p><\/div>\n<p><\/p>\n","protected":false},"excerpt":{"rendered":"<p>Los genoveses en el Puerto de C\u00e1diz (siglo XVII) La presencia de genoveses en la Pen\u00ednsula Ib\u00e9rica data de \u00e9poca medieval cuando la Rep\u00fablica de G\u00e9nova era una potencia mar\u00edtima que cre\u00f3 diversas colonias comerciales a lo largo de las costas del Mediterr\u00e1neo. El inter\u00e9s&hellip;<\/p>\n","protected":false},"author":1,"featured_media":0,"parent":7583,"menu_order":0,"comment_status":"closed","ping_status":"closed","template":"","meta":{"footnotes":""},"class_list":["post-6712","page","type-page","status-publish","hentry"],"_links":{"self":[{"href":"https:\/\/digitalhistory.unite.it\/es\/wp-json\/wp\/v2\/pages\/6712","targetHints":{"allow":["GET"]}}],"collection":[{"href":"https:\/\/digitalhistory.unite.it\/es\/wp-json\/wp\/v2\/pages"}],"about":[{"href":"https:\/\/digitalhistory.unite.it\/es\/wp-json\/wp\/v2\/types\/page"}],"author":[{"embeddable":true,"href":"https:\/\/digitalhistory.unite.it\/es\/wp-json\/wp\/v2\/users\/1"}],"replies":[{"embeddable":true,"href":"https:\/\/digitalhistory.unite.it\/es\/wp-json\/wp\/v2\/comments?post=6712"}],"version-history":[{"count":2,"href":"https:\/\/digitalhistory.unite.it\/es\/wp-json\/wp\/v2\/pages\/6712\/revisions"}],"predecessor-version":[{"id":12009,"href":"https:\/\/digitalhistory.unite.it\/es\/wp-json\/wp\/v2\/pages\/6712\/revisions\/12009"}],"up":[{"embeddable":true,"href":"https:\/\/digitalhistory.unite.it\/es\/wp-json\/wp\/v2\/pages\/7583"}],"wp:attachment":[{"href":"https:\/\/digitalhistory.unite.it\/es\/wp-json\/wp\/v2\/media?parent=6712"}],"curies":[{"name":"wp","href":"https:\/\/api.w.org\/{rel}","templated":true}]}}