{"id":6714,"date":"2021-08-20T00:03:54","date_gmt":"2021-08-19T22:03:54","guid":{"rendered":"https:\/\/digitalhistory.unite.it\/esculturas-en-la-catedral-nueva-de-cadiz\/"},"modified":"2021-11-23T15:28:59","modified_gmt":"2021-11-23T14:28:59","slug":"esculturas-en-la-catedral-nueva-de-cadiz","status":"publish","type":"page","link":"https:\/\/digitalhistory.unite.it\/es\/territorios\/itinerarios-internacionales\/los-genoveses-entre-italia-y-espana-enepoca-barroca\/esculturas-en-la-catedral-nueva-de-cadiz\/","title":{"rendered":"Esculturas de la escuela genovesa en la Catedral Nueva de C\u00e1diz"},"content":{"rendered":"<h1>Esculturas de la escuela genovesa en la Catedral Nueva de C\u00e1diz <\/h1>\n<div class=\"testo\">\n<p style=\"text-align: justify\"><img loading=\"lazy\" decoding=\"async\" src=\"https:\/\/digitalhistory.unite.it\/wp-content\/uploads\/2021\/08\/cattedrale_nuova_di_cadice_278x185.jpg\" width=\"278\" height=\"185\" alt=\"Cattedrale nuova di Cadice\" align=\"left\">Durante el siglo XVII, <a href=\"\/es\/territorios\/itinerarios-internacionales\/los-genoveses-entre-italia-y-espana-en-epoca-barroca\/los-genoveses-en-el-puerto-de-cadiz-siglo-xvii\/cadiz\/\" title=\"C\u00e1diz\">C\u00e1diz<\/a> adquiri\u00f3 mayor importancia como puerto mar\u00edtimo, ensombreciendo a <a href=\"\/es\/territorios\/itinerarios-internacionales\/los-genoveses-entre-italia-y-espana-en-epoca-barroca\/los-genoveses-en-el-puerto-de-cadiz-siglo-xvii\/sevilla\/\" title=\"Sevilla\">Sevilla<\/a>, puerto principal durante la centuria anterior. La ciudad gaditana atrae a un gran n\u00famero de comerciantes genoveses, pero con ellos tambi\u00e9n a artistas ligures, que realizaron un elevado n\u00famero de estatuas, retablos y portadas repartidos por los conventos y templos de C\u00e1diz. Hasta tal punto que se habla de la <a href=\"#\" class=\"tooltip yellow-tooltip\">&#8220;escuela genovesa&#8221;<span>La escuela genovesa era un conjunto de movimientos art\u00edsticos que se desarrollaron en la regi\u00f3n ligur, para luego difundirse por toda Europa. Estos artistas, sobre todo escultores y pintores, adquirieron gran difusi\u00f3n a principios del siglo XVIII. Muchos de ellos residieron toda su vida en G\u00e9nova, a quienes se les encargaba en sus talleres las nuevas creaciones, mientras otros acabaron traslad\u00e1ndose a ciudades europeas donde hab\u00eda mayor demanda de sus obras, como fue el caso de C\u00e1diz y Sevilla.<\/span><\/a> en la imaginer\u00eda gaditana para referirse al grupo de escultores ligures que a finales del siglo XVII se afincaron en C\u00e1diz, o bien trabajaron desde G\u00e9nova, exportando sus obras al territorio espa\u00f1ol. Las canteras de m\u00e1rmol de la provincia italiana de Massa-Carrara, cercanas a la zona ligur, permitieron a los genoveses desarrollar una gran actividad art\u00edstica en torno a este material. Los genoveses dominaron las t\u00e9cnicas, y el elevado peso de las piezas o el riesgo a romperse a bordo de los nav\u00edos que transportaban las obras de G\u00e9nova a C\u00e1diz, no impidi\u00f3 esta comunicaci\u00f3n continua entre ambos lugares. Los temas iconogr\u00e1ficos de estos artistas genoveses entroncaban perfectamente con la tradici\u00f3n andaluza. Se dieron dos tipos de esculturas genovesas en C\u00e1diz durante el siglo XVII y principios del XVIII, siempre de temas religiosos: por una parte, se segu\u00edan modelos de santos hispanos, con las vestimentas y la caracterizaci\u00f3n imitando a las estatuas andaluzas, de gran expresividad, y por otro, las esculturas que fueron t\u00edpicamente genovesas. Existieron ejemplos de escultura genovesa en madera policromada, que en G\u00e9nova tuvo una gran difusi\u00f3n, pero que en C\u00e1diz no se populariz\u00f3 hasta principios del XVIII, de la mano del escultor genov\u00e9s <a href=\"#\" class=\"tooltip yellow-tooltip\">Ant\u00f3n Mar\u00eda Maragliano<span>Escultor genov\u00e9s (1664-1739) que destac\u00f3 durante el Barroco, siendo el referente de la escultura en madera policromada. Sus obras tuvieron gran \u00e9xito en G\u00e9nova y en C\u00e1diz, extendi\u00e9ndose a trav\u00e9s de sus disc\u00edpulos y seguidores por las Islas Canarias y Am\u00e9rica. Sus esculturas se encuentran repartidas por toda Liguria en conventos e Iglesias, destacando los pasos procesionales de Semana Santa con escenas de la Pasi\u00f3n o vidas de Santos.<\/span><\/a>, considerado el &#8220;caposcuola&#8221; de la escultura ligur.<\/p>\n<p style=\"text-align: justify\">Buena muestra de la difusi\u00f3n de la escultura genovesa en C\u00e1diz es el elevado n\u00famero de esculturas que se encuentran en la <a href=\"\/es\/territorios\/itinerarios-internacionales\/los-genoveses-entre-italia-y-espana-en-epoca-barroca\/esculturas-en-la-catedral-nueva-de-cadiz\/catedral-nueva-de-cadiz\/\" title=\"Catedral Nueva de C\u00e1diz\">Catedral Nueva de C\u00e1diz<\/a> (foto); todas de finales del siglo XVII y principios del XVIII: un retablo de m\u00e1rmol y jaspes en la capilla de la Asunci\u00f3n, dos esculturas de madera policromada de San Patricio y San Nicol\u00e1s de Tolentino en la capilla de la Adoraci\u00f3n de los Reyes, dos im\u00e1genes en m\u00e1rmol de San Jorge y San Juan Bautista en la capilla de San Jos\u00e9, y una escultura de San Francisco de Borja en la capilla de Santa Teresa.<\/p>\n<p style=\"text-align: justify\"><a href=\"\/es\/territorios\/itinerarios-internacionales\/los-genoveses-entre-italia-y-espana-en-epoca-barroca\/capilla-de-la-parroquia-de-santa-cruz-cadiz\/\" title=\"Capilla de la Parroquia de Santa Cruz (C\u00e1diz)\">&lt;&lt;&lt;&#8212;p\u00e1gina precedente<\/a>&nbsp;&nbsp; <a href=\"\/es\/territorios\/itinerarios-internacionales\/los-genoveses-entre-italia-y-espana-en-epoca-barroca\/el-palacio-riquelme-y-la-cartuja-de-jerez\/\" title=\"El Palacio Riquelme y la Cartuja de Jerez\">p\u00e1gina siguiente&#8212;&gt;&gt;&gt;<\/a><\/p>\n<\/p><\/div>\n<p><\/p>\n","protected":false},"excerpt":{"rendered":"<p>Esculturas de la escuela genovesa en la Catedral Nueva de C\u00e1diz Durante el siglo XVII, C\u00e1diz adquiri\u00f3 mayor importancia como puerto mar\u00edtimo, ensombreciendo a Sevilla, puerto principal durante la centuria anterior. La ciudad gaditana atrae a un gran n\u00famero de comerciantes genoveses, pero con ellos&hellip;<\/p>\n","protected":false},"author":1,"featured_media":0,"parent":7583,"menu_order":0,"comment_status":"closed","ping_status":"closed","template":"","meta":{"footnotes":""},"class_list":["post-6714","page","type-page","status-publish","hentry"],"_links":{"self":[{"href":"https:\/\/digitalhistory.unite.it\/es\/wp-json\/wp\/v2\/pages\/6714","targetHints":{"allow":["GET"]}}],"collection":[{"href":"https:\/\/digitalhistory.unite.it\/es\/wp-json\/wp\/v2\/pages"}],"about":[{"href":"https:\/\/digitalhistory.unite.it\/es\/wp-json\/wp\/v2\/types\/page"}],"author":[{"embeddable":true,"href":"https:\/\/digitalhistory.unite.it\/es\/wp-json\/wp\/v2\/users\/1"}],"replies":[{"embeddable":true,"href":"https:\/\/digitalhistory.unite.it\/es\/wp-json\/wp\/v2\/comments?post=6714"}],"version-history":[{"count":2,"href":"https:\/\/digitalhistory.unite.it\/es\/wp-json\/wp\/v2\/pages\/6714\/revisions"}],"predecessor-version":[{"id":12005,"href":"https:\/\/digitalhistory.unite.it\/es\/wp-json\/wp\/v2\/pages\/6714\/revisions\/12005"}],"up":[{"embeddable":true,"href":"https:\/\/digitalhistory.unite.it\/es\/wp-json\/wp\/v2\/pages\/7583"}],"wp:attachment":[{"href":"https:\/\/digitalhistory.unite.it\/es\/wp-json\/wp\/v2\/media?parent=6714"}],"curies":[{"name":"wp","href":"https:\/\/api.w.org\/{rel}","templated":true}]}}