{"id":6715,"date":"2021-08-20T00:03:54","date_gmt":"2021-08-19T22:03:54","guid":{"rendered":"https:\/\/digitalhistory.unite.it\/el-palacio-riquelme-y-la-cartuja-de-jerez\/"},"modified":"2021-11-23T15:28:59","modified_gmt":"2021-11-23T14:28:59","slug":"el-palacio-riquelme-y-la-cartuja-de-jerez","status":"publish","type":"page","link":"https:\/\/digitalhistory.unite.it\/es\/territorios\/itinerarios-internacionales\/los-genoveses-entre-italia-y-espana-enepoca-barroca\/el-palacio-riquelme-y-la-cartuja-de-jerez\/","title":{"rendered":"El Palacio Riquelme y la Cartuja de Jerez"},"content":{"rendered":"<h1>El Palacio Riquelme y la Cartuja de Jerez <\/h1>\n<div class=\"testo\">\n<p style=\"text-align: justify\">La importancia econ\u00f3mica que adquiri\u00f3 <a href=\"#\" class=\"tooltip yellow-tooltip\">Jerez de la Frontera<span>La ciudad de Jerez de la Frontera se encuentra en la provincia andaluza de C\u00e1diz. Su historia est\u00e1 ligada a la invasi\u00f3n \u00e1rabe, de hecho, su nombre Jerez, proviene del \u00e1rabe. Una vez reconquistada por los cristianos, se le a\u00f1adi\u00f3 el apelativo &#8220;de la frontera&#8221; porque limitaba al este con el reino nazar\u00ed de Granada. El siglo XVI y principios del XVII trajo gran prosperidad a la ciudad por la cantidad de comerciantes extranjeros que se asentaron en Jerez y por el gran crecimiento urban\u00edstico que hoy, todav\u00eda, se puede apreciar.<\/span><\/a> atrajo a un gran n\u00famero de mercaderes, artistas, religiosos, etc. De influencia art\u00edstica genovesa destacan dos edificios: el Palacio Riquelme y la Cartuja.<\/p>\n<p style=\"text-align: justify\"><img loading=\"lazy\" decoding=\"async\" src=\"https:\/\/digitalhistory.unite.it\/wp-content\/uploads\/2021\/08\/palacio_riquelme_281x187.jpg\" width=\"281\" height=\"187\" alt=\"Palacio Riquelme\" align=\"left\">El primero de ellos es un palacio que comenz\u00f3 a construirse en el siglo XVI. Actualmente su interior est\u00e1 totalmente en un estado ruinoso pero su fachada sigue siendo uno de los mejores ejemplos de la influencia genovesa en la nobleza jerezana. Diversos miembros del linaje de los <a href=\"#\" class=\"tooltip yellow-tooltip\">Riquelme<span>Familia de origen aragon\u00e9s, pasando una de sus ramas a vivir en Jerez a finales del siglo XV y principios del XVI. Sin ser nobles, llegaron a tener gran poder econ\u00f3mico por lo que compraron una manzana de casas para construir su palacio. Asimismo, usaron como capilla de enterramiento de sus familiares la Iglesia de San Mateo, cercana al palacio.<\/span><\/a> fueron levantando y reformando este edificio. El Palacio Riquelme se sit\u00faa en plena Plaza del antiguo Mercado, hoy desaparecido, donde durante los siglos XVI y XVII se realizaron las transacciones econ\u00f3micas m\u00e1s importantes de la ciudad. De esta manera la residencia de los Riquelme presid\u00eda el espacio de poder econ\u00f3mico de la ciudad. La colonia de comerciantes y prestamistas genoveses se situaron en los alrededores de este lugar, influyendo en los elementos decorativos del palacio. La fachada del Palacio (foto 1), cuya construcci\u00f3n data de 1542, se divide en dos alturas con todo un programa iconogr\u00e1fico que ensalza a la familia Riquelme, de acuerdo con el poder econ\u00f3mico que tuvo la familia en el siglo XVI. En el cuerpo inferior destaca la puerta adintelada, flanqueada por columnas de orden compuesto. Esta portada se corona por un entablamento que sujeta el cuerpo superior en el que se sit\u00faa un ventanal flanqueado por columnillas adosadas y un dintel apoyado en dos m\u00e9nsulas que sujetan a dos leones mitol\u00f3gicos encadenados por el cuello. Su decoraci\u00f3n alude a la mitolog\u00eda cl\u00e1sica, destacando a los lados dos figuras de H\u00e9rcules. Medallones y escudos con la her\u00e1ldica de los Riquelme rodean toda la puerta. En este palacio se puede vislumbrar la influencia genovesa sobre su decoraci\u00f3n. As\u00ed, las columnas exteriores muestran unos capiteles de cogollos, copia de los italianos cuya influencia llega a Jerez por influencia de los mercaderes genoveses.<\/p>\n<p style=\"text-align: justify\"><img loading=\"lazy\" decoding=\"async\" src=\"https:\/\/digitalhistory.unite.it\/wp-content\/uploads\/2021\/08\/cartuja_1_281x174.jpg\" width=\"281\" height=\"174\" alt=\"Cartuja 1\" align=\"left\">Existen otros ejemplos de columnas de m\u00e1rmol italiano con capitel de cogollos en el claustro de la Cartuja de Santa Mar\u00eda de la Defensi\u00f3n (foto 2), situada a las afueras de la ciudad de Jerez. Don <a href=\"#\" class=\"tooltip yellow-tooltip\">\u00c1lvaro Obertos de Valeto<span>Noble jerezano (1427-1482) de ascendencia genovesa que fund\u00f3 la Cartuja de Jerez, donde se encuentra enterrado. Su piedad y devoci\u00f3n le llev\u00f3 a donar todos sus bienes a los monjes para comenzar la construcci\u00f3n del monasterio.<\/span><\/a> fue un noble de ascendencia genovesa que fund\u00f3 esta Cartuja cedi\u00e9ndosela a los monjes en 1476. Las obras de todo el monasterio finalizaron en el a\u00f1o 1620, y el interior de la iglesia est\u00e1 todo enriquecido con yeser\u00edas y pinturas murales. La entrada a la Cartuja se realiza a trav\u00e9s de una colosal portada (1571) dise\u00f1ada por el arquitecto <a href=\"#\" class=\"tooltip yellow-tooltip\">Andr\u00e9s de Ribera<span>Fue el artista art\u00edfice de gran parte de los edificios y elementos decorativos m\u00e1s destacados de Jerez de la Frontera. En la segunda mitad del siglo XVI fue nombrado Maestro Mayor de las obras de esta ciudad, introduciendo en ella su estilo renacentista.<\/span><\/a>, con forma de arco de triunfo. Una vez dentro, la iglesia est\u00e1 totalmente barroquizada, siendo su sagrario, rejas, retablos, b\u00f3vedas y par\u00e1metros de mediados del siglo XVII. En la capilla mayor existieron pinturas de importantes autores como <a href=\"\/es\/territorios\/itinerarios-internacionales\/los-genoveses-entre-italia-y-espana-en-epoca-barroca\/el-palacio-riquelme-y-la-cartuja-de-jerez\/francisco-de-zurbaran\/\" title=\"Francisco de Zurbar\u00e1n\">Zurbar\u00e1n<\/a>, que hoy se exponen en el museo de C\u00e1diz.<\/p>\n<p style=\"text-align: justify\"><a href=\"\/es\/territorios\/itinerarios-internacionales\/los-genoveses-entre-italia-y-espana-en-epoca-barroca\/esculturas-en-la-catedral-nueva-de-cadiz\/\" title=\"Esculturas en la Catedral Nueva de C\u00e1diz\">&lt;&lt;&lt;&#8212;p\u00e1gina precedente<\/a>&nbsp;&nbsp; <a href=\"\/es\/territorios\/itinerarios-internacionales\/\" title=\"Itinerarios internacionales\">\u00cdndice&#8212;&gt;&gt;&gt;<\/a><\/p>\n<\/p><\/div>\n<p><\/p>\n","protected":false},"excerpt":{"rendered":"<p>El Palacio Riquelme y la Cartuja de Jerez La importancia econ\u00f3mica que adquiri\u00f3 Jerez de la FronteraLa ciudad de Jerez de la Frontera se encuentra en la provincia andaluza de C\u00e1diz. Su historia est\u00e1 ligada a la invasi\u00f3n \u00e1rabe, de hecho, su nombre Jerez, proviene&hellip;<\/p>\n","protected":false},"author":1,"featured_media":0,"parent":7583,"menu_order":0,"comment_status":"closed","ping_status":"closed","template":"","meta":{"footnotes":""},"class_list":["post-6715","page","type-page","status-publish","hentry"],"_links":{"self":[{"href":"https:\/\/digitalhistory.unite.it\/es\/wp-json\/wp\/v2\/pages\/6715","targetHints":{"allow":["GET"]}}],"collection":[{"href":"https:\/\/digitalhistory.unite.it\/es\/wp-json\/wp\/v2\/pages"}],"about":[{"href":"https:\/\/digitalhistory.unite.it\/es\/wp-json\/wp\/v2\/types\/page"}],"author":[{"embeddable":true,"href":"https:\/\/digitalhistory.unite.it\/es\/wp-json\/wp\/v2\/users\/1"}],"replies":[{"embeddable":true,"href":"https:\/\/digitalhistory.unite.it\/es\/wp-json\/wp\/v2\/comments?post=6715"}],"version-history":[{"count":2,"href":"https:\/\/digitalhistory.unite.it\/es\/wp-json\/wp\/v2\/pages\/6715\/revisions"}],"predecessor-version":[{"id":12004,"href":"https:\/\/digitalhistory.unite.it\/es\/wp-json\/wp\/v2\/pages\/6715\/revisions\/12004"}],"up":[{"embeddable":true,"href":"https:\/\/digitalhistory.unite.it\/es\/wp-json\/wp\/v2\/pages\/7583"}],"wp:attachment":[{"href":"https:\/\/digitalhistory.unite.it\/es\/wp-json\/wp\/v2\/media?parent=6715"}],"curies":[{"name":"wp","href":"https:\/\/api.w.org\/{rel}","templated":true}]}}