{"id":6718,"date":"2021-08-20T00:03:54","date_gmt":"2021-08-19T22:03:54","guid":{"rendered":"https:\/\/digitalhistory.unite.it\/belenes-napolitanos-en-el-sur-de-italia\/"},"modified":"2021-11-23T15:28:58","modified_gmt":"2021-11-23T14:28:58","slug":"belenes-napolitanos-en-el-sur-de-italia","status":"publish","type":"page","link":"https:\/\/digitalhistory.unite.it\/es\/territorios\/itinerarios-internacionales\/belenes\/belenes-napolitanos-en-el-sur-de-italia\/","title":{"rendered":"Algunos ejemplos famosos de Belenes napolitanos en el sur de Italia"},"content":{"rendered":"<h1>Algunos ejemplos famosos de Belenes napolitanos en el sur de Italia <\/h1>\n<div class=\"testo\">\n<p style=\"text-align: justify\"><img loading=\"lazy\" decoding=\"async\" src=\"https:\/\/digitalhistory.unite.it\/wp-content\/uploads\/2021\/08\/presepe_reggia_251x188.jpg\" width=\"251\" height=\"188\" alt=\"Presepe reggia 2\" align=\"left\">Uno de los ejemplos m\u00e1s famosos de bel\u00e9n napolitano es el conservado y visitado por el p\u00fablico todas las Navidad en el Palacio Real de <a href=\"\/es\/territorios\/itinerarios-internacionales\/belenes\/belenes-napolitanos-en-el-sur-de-italia\/caserta\/\" title=\"Caserta\">Caserta<\/a>. Bajo la dinast\u00eda de los <a href=\"\/es\/territorios\/itinerarios-urbanos\/napoles-y-el-cardinal-ascanio-filomarino\/el-cardenal-en-napoles-palacio-filomarino\/los-borbones\/\" title=\"Los Borbones\">Borbones<\/a>, y particularmente durante el reinado de <a href=\"\/es\/territorios\/itinerarios-urbanos\/napoles-y-el-cardinal-ascanio-filomarino\/el-palacio-real\/carlos-iii-de-borbon\/\" title=\"Carlos III de Borb\u00f3n\">Carlos III<\/a>, el bel\u00e9n se hizo notorio en la <a href=\"\/es\/territorios\/itinerarios-urbanos\/valladolid\/iglesia-de-san-pablo\/corte\/\" title=\"Corte\">corte<\/a>, y en su elaboraci\u00f3n trabajaron no s\u00f3lo artistas elegidos especialmente para la ocasi\u00f3n, sino tambi\u00e9n varios miembros de la misma corte. Otro soberano con gran pasi\u00f3n por el bel\u00e9n fue <a href=\"#\" class=\"tooltip yellow-tooltip\">Francisco I<span>Francesco I de Borb\u00f3n (1777-1830) fue Rey de las Dos Sicilias tan s\u00f3lo cinco a\u00f1os, de 1825 hasta su muerte. \u00c9l era el segundo hijo de Fernando IV y Mar\u00eda Carolina de Austria.<\/span><\/a>, mientras que su hijo <a href=\"#\" class=\"tooltip yellow-tooltip\">Fernando II<span>Fernando II de Borb\u00f3n (1810-1859), hijo de Francisco I, fue Rey de las Dos Sicilias desde 1830 hasta su muerte en 1859. Su reino disfrut\u00f3 de una importante serie de reformas burocr\u00e1ticas y econ\u00f3micas, as\u00ed como la realizaci\u00f3n de numerosas e importantes infraestructuras. Tuvo que hacer frente a la revuelta popular de 1848, limpi\u00f3 las finanzas del reino, pero tambi\u00e9n fue criticado por su gobierno de impronta absolutista. Fue sucedido por su hijo Francisco II, \u00faltimo rey de las Dos Sicilias antes de la unificaci\u00f3n de Italia.<\/span><\/a> fue el \u00faltimo de los Borbones en montar el bel\u00e9n en el &#8220;Sal\u00f3n dela Raqueta&#8221;: este \u00faltimo Bel\u00e9n borb\u00f3nico fue representado por <a href=\"#\" class=\"tooltip yellow-tooltip\">Salvatore Fergola<span>Salvatore Fergola (1799-1874) fue un pintor italiano. Naci\u00f3 y muri\u00f3 en N\u00e1poles, donde se hizo famoso como importante int\u00e9rprete del vedutismo (pintura paisajista). \u00c9l era pintor de corte con los Borbones, destacado exponente de la &#8220;Escuela de Posillipo&#8221; y trabaj\u00f3 en la decoraci\u00f3n del Palacio Real de N\u00e1poles.<\/span><\/a> en las paredes de la nueva sala del Bel\u00e9n. El bel\u00e9n actual, recientemente restaurado despu\u00e9s de que la mayor\u00eda de los pastores hab\u00edan sido robados, se encuentra, de hecho, en una sala el\u00edptica dentro de la secci\u00f3n de la regia conocida como el &#8220;Apartamento Viejo&#8221;. Pintada en blanco y sin adornos, la sala fue escenario de eventos, fiestas y diversi\u00f3n para la corte. Como se ha mencionado, a la realizaci\u00f3n del bel\u00e9n han contribuido grandes artistas entre los que se encontraba el napolitano <a href=\"#\" class=\"tooltip yellow-tooltip\">Giuseppe Sanmartino<span>Giuseppe Sanmartino (1720-1793) fue un importante escultor italiano, una figura destacada en el panorama art\u00edstico napolitano del Setecientos. Su obra m\u00e1s famosa es, sin duda, el marm\u00f3reo <em>Cristo velado<\/em> realizado para la capilla de los Pr\u00edncipes de Sangro di Sansevero en N\u00e1poles, la Capilla de Sansevero. Pero en su larga carrera, Sammartino fue autor de otras grandes obras, como la decoraci\u00f3n de la iglesia de la Anunciaci\u00f3n o el altar de la Iglesia della Nunziatella. Tambi\u00e9n fue art\u00edfice de figuras de bel\u00e9n.<\/span><\/a>, principal exponente de la escultura napolitana del siglo XVIII. \u00c9l, al igual que los otros artistas que se iban alternando en el montaje del bel\u00e9n de la corte, realizaron en terracota las figuras m\u00e1s importantes, mientras que para el resto de personajes usaban la terracota s\u00f3lo para las cabezas y las extremidades, el resto era de alambre y estopa. El bel\u00e9n se coloc\u00f3, siguiendo un esquema cl\u00e1sico y r\u00edgido, sobre un escollo de corcho, dividido en las escenas can\u00f3nicas del Nacimiento, la Anunciaci\u00f3n a los Pastores y el episodio de la Posada. Adem\u00e1s de los artistas, tambi\u00e9n las princesas y damas de la corte ayudaron a enriquecer las figuras individuales con joyas, telas suntuosas y ricas ropas.<\/p>\n<p style=\"text-align: justify\"><img loading=\"lazy\" decoding=\"async\" src=\"https:\/\/digitalhistory.unite.it\/wp-content\/uploads\/2021\/08\/presepe_della_reggia_di_caserta_251x188.jpg\" width=\"251\" height=\"188\" alt=\"Presepe reggia\" align=\"left\">Igualmente famoso es el bel\u00e9n conservado en la Capilla Palatina del <a href=\"\/es\/territorios\/itinerarios-urbanos\/napoles-y-el-cardinal-ascanio-filomarino\/el-palacio-real\/\" title=\"El Palacio Real\">Palacio Real<\/a> de <a href=\"\/es\/territorios\/itinerarios-urbanos\/lecce\/plaza-de-san-oronzo\/napoles\/\" title=\"N\u00e1poles\">N\u00e1poles<\/a>, fruto de la recopilaci\u00f3n de diversas colecciones montadas a lo largo del tiempo por el Banco de N\u00e1poles con el fin de presentar un modelo ejemplar de bel\u00e9n napolitano del siglo XVIII. Las 210 figuras y 144 accesorios provienen en realidad de belenes desmontados y en buena parte vendidos o dispersados a principios del siglo XIX. Muchas de las figuras del Bel\u00e9n del Banco de N\u00e1poles fueron realizadas en el Setecientos por reputados artistas como Sanmartino, <a href=\"#\" class=\"tooltip yellow-tooltip\">Angelo Viva<span>Angelo Viva (1748-1837) fue uno de los escultores napolitanos, disc\u00edpulo de Giuseppe Sanmartino<\/span><\/a>, Lorenzo Mosca, <a href=\"#\" class=\"tooltip yellow-tooltip\">Salvatore Franco<span>Disc\u00edpulo y colaborador de Sanmartino, Salvatore Franco fue un escultor de m\u00e1rmol y estuco, adem\u00e1s de autor de figuras en terracota policromada para los belenes. Nacido en N\u00e1poles, estuvo activo entre 1770 y 1815.<\/span><\/a>, Giuseppe Gori, <a href=\"#\" class=\"tooltip yellow-tooltip\">Francesco y Camillo Celebrano<span>Francesco Celebrano (1729-1814) fue un escultor y pintor al servicio de Fernando IV de Borb\u00f3n, gran decorador de porcelana y autor de una rica producci\u00f3n de belenes. Su hijo Camillo, de quien se desconoce la fecha de nacimiento, estuvo trabajando entre 1780 y 1828, se form\u00f3 con su padre y continu\u00f3 su actividad, especialmente en la construcci\u00f3n y decoraci\u00f3n de los Belenes.<\/span><\/a> y <a href=\"#\" class=\"tooltip yellow-tooltip\">Matteo Bottigliero<span>Mateo Bottigliero, o Bottiglieri (1684-1757) fue un importante artista del Setecientos napolitano, escultor y pintor. Al igual que otros artistas contempor\u00e1neos, se hizo conocido por su rica producci\u00f3n de belenes.<\/span><\/a>. La escenograf\u00eda es t\u00edpica de la escena del Nacimiento napolitano con la Sagrada Familia puesta sobre el cl\u00e1sico escollo de corcho de frente a las ruinas del templo pagano, la taberna y el rico conjunto de personajes extra\u00eddos de las historias b\u00edblicas (como los Reyes Magos) o la tradici\u00f3n popular napolitana (como los gaiteros, los comerciantes, el panadero o el herrero).<\/p>\n<p style=\"text-align: justify\"><img loading=\"lazy\" decoding=\"async\" src=\"https:\/\/digitalhistory.unite.it\/wp-content\/uploads\/2021\/08\/presepe_cuciniello__fileminimizer__250x188.jpg\" width=\"250\" height=\"188\" alt=\"Presepe Cuciniello\" align=\"left\">Por \u00faltimo, de gran valor hist\u00f3rico y art\u00edstico es tambi\u00e9n el bel\u00e9n montado en diciembre 1879, gracias a las figuras donadas por <a href=\"#\" class=\"tooltip yellow-tooltip\">Michele Cuciniello<span>Michele Cuciniello (1823-1889) fue un dramaturgo napolitano. Gran coleccionista de pastores y objetos del bel\u00e9n napolitano, en 1879 don\u00f3 su colecci\u00f3n al museo de San Martino de N\u00e1poles, donde a\u00fan se conserva hoy el bel\u00e9n que lleva su nombre.<\/span><\/a>, del cual toma su nombre, y se puede visitar en una exposici\u00f3n permanente en el Museo Nacional de San Martino (imagen 3). Personajes, animales y accesorios datan del per\u00edodo comprendido entre la segunda mitad del siglo XVIII y la primera mitad del siglo XIX y est\u00e1n dispuestos en varias escenas de acuerdo al proyecto del mismo Cuciniello y de otros personajes de la escena cultural napolitana del ochocientos y novecientos. Tambi\u00e9n en este caso, hay elementos t\u00edpicos del bel\u00e9n napolitano, como la presencia de ruinas de antiguos templos paganos (que simboliza la victoria del cristianismo sobre el mundo pagano) y una serie de personajes que representan la vida cotidiana de N\u00e1poles en la segunda edad moderna.<\/p>\n<p style=\"text-align: justify\"><a href=\"\/es\/territorios\/itinerarios-internacionales\/belenes\/via-san-gregorio-armeno-y-el-belen-napolitano\/\" title=\"V\u00eda San Gregorio Armeno y el Bel\u00e9n napolitano\">&lt;&lt;&lt;&#8212;p\u00e1gina precedente<\/a><span>&nbsp;&nbsp;&nbsp;<\/span> <a href=\"\/es\/territorios\/itinerarios-internacionales\/belenes\/carlos-iii-de-espana-y-los-belenes-napolitanos\/\" title=\"Carlos III de Espa\u00f1a y los Belenes napolitanos\">p\u00e1gina siguiente&#8212;&gt;&gt;&gt;<\/a><a href=\"\/es\/territorios\/itinerarios-internacionales\/los-genoveses-entre-italia-y-espana-en-epoca-barroca\/la-iglesia-de-san-jorge-de-los-genoveses-en-napoles\/\" title=\"La iglesia de San Jorge de los Genoveses en N\u00e1poles\"><\/a><\/p>\n<\/p><\/div>\n<p><\/p>\n","protected":false},"excerpt":{"rendered":"<p>Algunos ejemplos famosos de Belenes napolitanos en el sur de Italia Uno de los ejemplos m\u00e1s famosos de bel\u00e9n napolitano es el conservado y visitado por el p\u00fablico todas las Navidad en el Palacio Real de Caserta. Bajo la dinast\u00eda de los Borbones, y particularmente&hellip;<\/p>\n","protected":false},"author":1,"featured_media":0,"parent":7594,"menu_order":0,"comment_status":"closed","ping_status":"closed","template":"","meta":{"footnotes":""},"class_list":["post-6718","page","type-page","status-publish","hentry"],"_links":{"self":[{"href":"https:\/\/digitalhistory.unite.it\/es\/wp-json\/wp\/v2\/pages\/6718","targetHints":{"allow":["GET"]}}],"collection":[{"href":"https:\/\/digitalhistory.unite.it\/es\/wp-json\/wp\/v2\/pages"}],"about":[{"href":"https:\/\/digitalhistory.unite.it\/es\/wp-json\/wp\/v2\/types\/page"}],"author":[{"embeddable":true,"href":"https:\/\/digitalhistory.unite.it\/es\/wp-json\/wp\/v2\/users\/1"}],"replies":[{"embeddable":true,"href":"https:\/\/digitalhistory.unite.it\/es\/wp-json\/wp\/v2\/comments?post=6718"}],"version-history":[{"count":2,"href":"https:\/\/digitalhistory.unite.it\/es\/wp-json\/wp\/v2\/pages\/6718\/revisions"}],"predecessor-version":[{"id":11994,"href":"https:\/\/digitalhistory.unite.it\/es\/wp-json\/wp\/v2\/pages\/6718\/revisions\/11994"}],"up":[{"embeddable":true,"href":"https:\/\/digitalhistory.unite.it\/es\/wp-json\/wp\/v2\/pages\/7594"}],"wp:attachment":[{"href":"https:\/\/digitalhistory.unite.it\/es\/wp-json\/wp\/v2\/media?parent=6718"}],"curies":[{"name":"wp","href":"https:\/\/api.w.org\/{rel}","templated":true}]}}