{"id":6719,"date":"2021-08-20T00:03:55","date_gmt":"2021-08-19T22:03:55","guid":{"rendered":"https:\/\/digitalhistory.unite.it\/carlos-iii-de-espana-y-los-belenes-napolitanos\/"},"modified":"2021-11-23T15:28:58","modified_gmt":"2021-11-23T14:28:58","slug":"carlos-iii-de-espana-y-los-belenes-napolitanos","status":"publish","type":"page","link":"https:\/\/digitalhistory.unite.it\/es\/territorios\/itinerarios-internacionales\/belenes\/carlos-iii-de-espana-y-los-belenes-napolitanos\/","title":{"rendered":"Carlos III de Espa\u00f1a y su gusto por los Belenes napolitanos"},"content":{"rendered":"<h1>Carlos III de Espa\u00f1a y su gusto por los Belenes napolitanos <\/h1>\n<div class=\"testo\">\n<p style=\"text-align: justify\"><img loading=\"lazy\" decoding=\"async\" src=\"https:\/\/digitalhistory.unite.it\/wp-content\/uploads\/2021\/08\/imagen_1__1__252x168.jpg\" width=\"252\" height=\"168\" alt=\"Bel\u00e9n del Pr\u00edncipe 1\" align=\"left\">Aunque se conocen ejemplos de belenes napolitanos en Espa\u00f1a, documentados al menos desde el siglo XV, fue en el Setecientos cuando se difundi\u00f3 el gusto y la afici\u00f3n por coleccionar piezas de bel\u00e9n. Cuando en 1759, <a href=\"\/es\/territorios\/itinerarios-urbanos\/napoles-y-el-cardinal-ascanio-filomarino\/el-palacio-real\/carlos-iii-de-borbon\/\" title=\"Carlos III de Borb\u00f3n\">Carlos III<\/a> lleg\u00f3 de <a href=\"\/es\/territorios\/itinerarios-urbanos\/lecce\/plaza-de-san-oronzo\/napoles\/\" title=\"N\u00e1poles\">N\u00e1poles<\/a> a la <a href=\"\/es\/territorios\/itinerarios-urbanos\/valladolid\/iglesia-de-san-pablo\/corte\/\" title=\"Corte\">corte<\/a> hispana, trajo consigo un conjunto de Belenes napolitanos que hab\u00eda adquirido durante su reinado napolitano (1734-1759). Por deseo expreso de este monarca, se montaron belenes en diversos <a href=\"#\" class=\"tooltip yellow-tooltip\">Sitios Reales<span>Son los lugares, en su mayor\u00eda palacios, que han servido como residencia de los distintos monarcas. En el caso de Espa\u00f1a destacan por su importancia hist\u00f3rica y cultural, El Escorial, El Palacio de Aranjuez o el Palacio Real de Madrid. Conservan en su interior un importante patrimonio art\u00edstico como el antiguo mobiliario de la familia real o colecciones de pintura y tapices de gran valor. Adem\u00e1s del edificio, destacan los jardines, fuentes y estanques que rodean a estos palacios.<\/span><\/a> con figuras tra\u00eddas del territorio italiano. Se trataba de belenes alejados del simbolismo religioso, buscando un costumbrismo y un reflejo del mundo cortesano en la ambientaci\u00f3n, las figuras y la ostentaci\u00f3n. El lujo de adquirir piezas \u00fanicas tra\u00eddas de N\u00e1poles llev\u00f3 a la aristocracia espa\u00f1ola, a imitaci\u00f3n de la realeza, a coleccionar figuras de belenes para exhibirlas en sus casas cada Navidad. En este sentido, cada a\u00f1o, la nobleza m\u00e1s destacada acud\u00eda a palacio para contemplar el Bel\u00e9n del Pr\u00edncipe (imagen 1), que aumentaba con la adquisici\u00f3n anual de nuevas piezas, siendo accesible para las altas esferas hasta el siglo XX, siempre con cita previa que despachaba el Mayordomo Mayor de Palacio. Daba comienzo as\u00ed un tr\u00e1fico intenso entre Espa\u00f1a y el <a href=\"\/es\/territorios\/itinerarios-urbanos\/lecce\/otros-restos\/reino-de-napoles\/\" title=\"Reino de N\u00e1poles\">reino de N\u00e1poles<\/a> por adquirir figuras del Pesebre. Desde la corte madrile\u00f1a, Carlos III ped\u00eda continuamente piezas para los belenes de sus hijos, siendo especialmente importante &#8211; por su elevado n\u00famero de piezas, sus elegantes indumentarias y su perfecta t\u00e9cnica y acabado &#8211; el Bel\u00e9n del Pr\u00edncipe, futuro <a href=\"\/es\/territorios\/itinerarios-internacionales\/belenes\/carlos-iii-de-espana-y-los-belenes-napolitanos\/carlos-iv-de-borbon\/\" title=\"Carlos IV de Borb\u00f3n\">Carlos IV<\/a>. Este monarca continu\u00f3 la afici\u00f3n y la tradici\u00f3n de su padre, exhibiendo y aumentando cada a\u00f1o el bel\u00e9n partenopeo en el Palacio Real.<\/p>\n<p style=\"text-align: justify\"><img loading=\"lazy\" decoding=\"async\" src=\"https:\/\/digitalhistory.unite.it\/wp-content\/uploads\/2021\/08\/imagen_2__1__219x328.jpg\" width=\"219\" height=\"328\" alt=\"Bel\u00e9n del Pr\u00edncipe 2\" align=\"left\">Todav\u00eda hoy, cada Navidad, el p\u00fablico puede visitar el Bel\u00e9n del Pr\u00edncipe, conserv\u00e1ndose algunas de las figuras de \u00e9poca de Carlos III, como el Misterio o los Reyes Magos (imagen 2), otras, como los pastores, taberneros, vendedores, etc., han desaparecido o han perdido sus vestimentas originales, no obstante, hoy sigue siendo el bel\u00e9n m\u00e1s importante y las figuras que faltan siguen siendo reemplazadas por otras tambi\u00e9n napolitanas. Este bel\u00e9n lleg\u00f3 a constar de un total de 5.950 piezas, adquiridas entre 1786 y 1788, realizadas por distintos artistas napolitanos, siendo <a href=\"#\" class=\"tooltip yellow-tooltip\">Giuseppe Sanmartino<span>Giuseppe Sanmartino (1720-1793) fue un importante escultor italiano, una figura destacada en el panorama art\u00edstico napolitano del Setecientos. Su obra m\u00e1s famosa es, sin duda, el marm\u00f3reo <em>Cristo velado<\/em> realizado para la capilla de los Pr\u00edncipes de Sangro di Sansevero en N\u00e1poles, la Capilla de Sansevero. Pero en su larga carrera, Sammartino fue autor de otras grandes obras, como la decoraci\u00f3n de la iglesia de la Anunciaci\u00f3n o el altar de la Iglesia della Nunziatella. Tambi\u00e9n fue art\u00edfice de figuras de bel\u00e9n.<\/span><\/a> el m\u00e1s importante y a quien se le atribuyen las primeras piezas del bel\u00e9n. Por su parte, <a href=\"#\" class=\"tooltip yellow-tooltip\">Matteo Bottigliero<span>Mateo Bottigliero, o Bottiglieri (1684-1757) fue un importante artista del Setecientos napolitano, escultor y pintor. Al igual que otros artistas contempor\u00e1neos, se hizo conocido por su rica producci\u00f3n de belenes.<\/span><\/a> destac\u00f3 por el trabajo de la porcelana en algunas de las cabezas de las figuras del bel\u00e9n, o Giuseppe Gori, quien realiz\u00f3 la mayor\u00eda de los animales del bel\u00e9n.<\/p>\n<p style=\"text-align: justify\">Las cabezas y brazos de los personajes del Bel\u00e9n del Pr\u00edncipe eran de porcelana, mientras que el resto del cuerpo era de madera articulada. Los vestidos estaban realizados con telas y bordados dorados y plateados, con detalles de peque\u00f1as joyas. Los animales estaban realizados en plomo. La escenograf\u00eda del bel\u00e9n variaba cada a\u00f1o, con un montaje nuevo y ef\u00edmero, no obstante, hab\u00eda escenas que se repet\u00edan anualmente (la posada, la taberna, el mercado), y otras nuevas que se a\u00f1ad\u00edan cada a\u00f1o. Este montaje se sigue manteniendo hoy d\u00eda, de manera que en la Navidad de 2013, se ha a\u00f1adido en un extremo del bel\u00e9n un campamento otomano con <a href=\"#\" class=\"tooltip yellow-tooltip\">haima<span>Palabra que deriva del \u00e1rabe para designar a las tiendas de campa\u00f1a usadas por los beduinos y \u00e1rabes.<\/span><\/a> y soldados incluidos, y al otro extremo se puede observar la llegada de un rey o un embajador en su carroza dorada.<\/p>\n<p style=\"text-align: justify\"><a href=\"\/es\/territorios\/itinerarios-internacionales\/belenes\/belenes-napolitanos-en-el-sur-de-italia\/\" title=\"Belenes napolitanos en el sur de Italia\">&lt;&lt;&lt;&#8212;p\u00e1gina precedente<\/a><span>&nbsp;&nbsp;&nbsp;<\/span> <a href=\"\/es\/territorios\/itinerarios-internacionales\/belenes\/belenes-napolitanos-de-la-nobleza-espanola-i\/\" title=\"Belenes Napolitanos de la nobleza espa\u00f1ola (I)\">p\u00e1gina siguiente&#8212;&gt;&gt;&gt;<\/a><a href=\"\/es\/territorios\/itinerarios-internacionales\/los-genoveses-entre-italia-y-espana-en-epoca-barroca\/la-iglesia-de-san-jorge-de-los-genoveses-en-napoles\/\" title=\"La iglesia de San Jorge de los Genoveses en N\u00e1poles\"><\/a><\/p>\n<\/p><\/div>\n<p><\/p>\n","protected":false},"excerpt":{"rendered":"<p>Carlos III de Espa\u00f1a y su gusto por los Belenes napolitanos Aunque se conocen ejemplos de belenes napolitanos en Espa\u00f1a, documentados al menos desde el siglo XV, fue en el Setecientos cuando se difundi\u00f3 el gusto y la afici\u00f3n por coleccionar piezas de bel\u00e9n. Cuando&hellip;<\/p>\n","protected":false},"author":1,"featured_media":0,"parent":7594,"menu_order":0,"comment_status":"closed","ping_status":"closed","template":"","meta":{"footnotes":""},"class_list":["post-6719","page","type-page","status-publish","hentry"],"_links":{"self":[{"href":"https:\/\/digitalhistory.unite.it\/es\/wp-json\/wp\/v2\/pages\/6719","targetHints":{"allow":["GET"]}}],"collection":[{"href":"https:\/\/digitalhistory.unite.it\/es\/wp-json\/wp\/v2\/pages"}],"about":[{"href":"https:\/\/digitalhistory.unite.it\/es\/wp-json\/wp\/v2\/types\/page"}],"author":[{"embeddable":true,"href":"https:\/\/digitalhistory.unite.it\/es\/wp-json\/wp\/v2\/users\/1"}],"replies":[{"embeddable":true,"href":"https:\/\/digitalhistory.unite.it\/es\/wp-json\/wp\/v2\/comments?post=6719"}],"version-history":[{"count":2,"href":"https:\/\/digitalhistory.unite.it\/es\/wp-json\/wp\/v2\/pages\/6719\/revisions"}],"predecessor-version":[{"id":11998,"href":"https:\/\/digitalhistory.unite.it\/es\/wp-json\/wp\/v2\/pages\/6719\/revisions\/11998"}],"up":[{"embeddable":true,"href":"https:\/\/digitalhistory.unite.it\/es\/wp-json\/wp\/v2\/pages\/7594"}],"wp:attachment":[{"href":"https:\/\/digitalhistory.unite.it\/es\/wp-json\/wp\/v2\/media?parent=6719"}],"curies":[{"name":"wp","href":"https:\/\/api.w.org\/{rel}","templated":true}]}}