{"id":6720,"date":"2021-08-20T00:03:55","date_gmt":"2021-08-19T22:03:55","guid":{"rendered":"https:\/\/digitalhistory.unite.it\/belenes-napolitanos-de-la-nobleza-espanola-i\/"},"modified":"2021-11-23T15:28:58","modified_gmt":"2021-11-23T14:28:58","slug":"belenes-napolitanos-de-la-nobleza-espanola-i","status":"publish","type":"page","link":"https:\/\/digitalhistory.unite.it\/es\/territorios\/itinerarios-internacionales\/belenes\/belenes-napolitanos-de-la-nobleza-espanola-i\/","title":{"rendered":"Belenes napolitanos de la nobleza espa\u00f1ola (I)"},"content":{"rendered":"<h1>Belenes napolitanos de la nobleza espa\u00f1ola (I) <\/h1>\n<div class=\"testo\">\n<p style=\"text-align: justify\"><img loading=\"lazy\" decoding=\"async\" src=\"https:\/\/digitalhistory.unite.it\/wp-content\/uploads\/2021\/08\/imagen_4__1__219x328.jpg\" width=\"219\" height=\"328\" alt=\"Museo de Historia de Madrid 1\" align=\"left\">Si en el Setecientos el gusto por el bel\u00e9n napolitano fue una diversi\u00f3n palaciega, hoy son objetos de lujo, aut\u00e9nticas obras de arte, que tambi\u00e9n se conservan, restauran y exhiben en importantes museos nacionales. Este es el caso del <a href=\"#\" class=\"tooltip yellow-tooltip\">Museo de Historia de Madrid<span>Recoge la historia de Madrid &#8211; a trav\u00e9s de su colecci\u00f3n de mapas, objetos, pinturas, etc. &#8211; desde que Felipe II en el siglo XVI la convirtiera en la capital de su extensa Monarqu\u00eda. Se sit\u00faa en la calle Fuencarral y el edificio presenta una de las fachadas barrocas m\u00e1s importantes de Madrid.<\/span><\/a>, que ha conseguido recopilar un buen n\u00famero de figuras napolitanas del siglo XVIII, de colecciones que pertenecieron a nobles espa\u00f1oles quienes, imitando la pasi\u00f3n de la familia real por el bel\u00e9n, encargaron elegantes figuras a escultores napolitanos de renombre en aquel momento. Aunque se desconoce a qu\u00e9 noble pertenecieron, es uno de los belenes napolitanos m\u00e1s famosos y visitados de <a href=\"\/es\/territorios\/itinerarios-urbanos\/valladolid\/iglesia-de-san-pablo\/madrid\/\" title=\"Madrid\">Madrid<\/a>.<\/p>\n<p style=\"text-align: justify\">Todos los a\u00f1os se monta el mismo conjunto belen\u00edstico en este Museo, en el que la pompa y el boato de las ceremonias de la <a href=\"\/es\/territorios\/itinerarios-urbanos\/valladolid\/iglesia-de-san-pablo\/corte\/\" title=\"Corte\">corte<\/a> de <a href=\"\/es\/territorios\/itinerarios-urbanos\/lecce\/plaza-de-san-oronzo\/napoles\/\" title=\"N\u00e1poles\">N\u00e1poles<\/a> se entremezclan con la escenograf\u00eda de la antigua ciudad de Bel\u00e9n. Para ambientar el lugar, e imitar la realidad de los ojos de los coet\u00e1neos del siglo XVIII, se a\u00f1ad\u00edan columnas romanas por el gusto clasicista del momento y el impacto cultural del descubrimiento de Pompeya que, parad\u00f3jicamente, tambi\u00e9n ten\u00edan cabida en la representaci\u00f3n del antiguo pueblo de Bel\u00e9n. No resultaba ning\u00fan problema, por tanto, el anacronismo oriental del Misterio y los Reyes Magos entremezclados con escenas del pueblo napolitano.<\/p>\n<p style=\"text-align: justify\"><img loading=\"lazy\" decoding=\"async\" src=\"https:\/\/digitalhistory.unite.it\/wp-content\/uploads\/2021\/08\/imagen_5__1__252x168.jpg\" width=\"252\" height=\"168\" alt=\"Museo de Historia de Madrid 2\" align=\"left\">La autor\u00eda de este bel\u00e9n es tambi\u00e9n desconocida, no obstante, la precisi\u00f3n de la t\u00e9cnica y el realismo de las figuras sugiere &#8211; tal y como se se\u00f1ala en el Museo &#8211; la mano de <a href=\"#\" class=\"tooltip yellow-tooltip\">Giuseppe Sanmartino<span>Giuseppe Sanmartino (1720-1793) fue un importante escultor italiano, una figura destacada en el panorama art\u00edstico napolitano del Setecientos. Su obra m\u00e1s famosa es, sin duda, el marm\u00f3reo <em>Cristo velado<\/em> realizado para la capilla de los Pr\u00edncipes de Sangro di Sansevero en N\u00e1poles, la Capilla de Sansevero. Pero en su larga carrera, Sammartino fue autor de otras grandes obras, como la decoraci\u00f3n de la iglesia de la Anunciaci\u00f3n o el altar de la Iglesia della Nunziatella. Tambi\u00e9n fue art\u00edfice de figuras de bel\u00e9n.<\/span><\/a> o <a href=\"#\" class=\"tooltip yellow-tooltip\">Francesco Celebrano<span>Francesco Celebrano (1729-1814) fue un escultor y pintor al servicio de Fernando IV de Borb\u00f3n, gran decorador de porcelana y autor de una rica producci\u00f3n de belenes. Su hijo Camillo, de quien se desconoce la fecha de nacimiento, estuvo trabajando entre 1780 y 1828, se form\u00f3 con su padre y continu\u00f3 su actividad, especialmente en la construcci\u00f3n y decoraci\u00f3n de los Belenes.<\/span><\/a>. Todas sus figuras son articuladas lo que permite una mejor representaci\u00f3n y una mayor variedad de movimiento. Se utilizaron telas de seda en las vestimentas y galones de plata, al estilo de la etiqueta napolitana, junto con los accesorios y joyas que individualizaban y caracterizaban las figuras, al mismo tiempo condicionaban la alta o baja posici\u00f3n social de los personajes del bel\u00e9n. Resulta curiosa la aparici\u00f3n de b\u00fafalos en estos belenes espa\u00f1oles que de nuevo recuerda la herencia de la escenograf\u00eda napolitana, dado que en Espa\u00f1a no se criaban estos animales y, por tanto, resultaban poco conocidos al espectador espa\u00f1ol del siglo XVIII.<\/p>\n<p style=\"text-align: justify\"><a href=\"\/es\/territorios\/itinerarios-internacionales\/belenes\/carlos-iii-de-espana-y-los-belenes-napolitanos\/\" title=\"Carlos III de Espa\u00f1a y los Belenes napolitanos\">&lt;&lt;&lt;&#8212;p\u00e1gina precedente<\/a><span>&nbsp;&nbsp;&nbsp;<\/span> <a href=\"\/es\/territorios\/itinerarios-internacionales\/belenes\/belenes-napolitanos-de-la-nobleza-espanola-ii\/\" title=\"Belenes Napolitanos de la nobleza espa\u00f1ola (II)\">p\u00e1gina siguiente&#8212;&gt;&gt;&gt;<\/a><a href=\"\/es\/territorios\/itinerarios-internacionales\/los-genoveses-entre-italia-y-espana-en-epoca-barroca\/la-iglesia-de-san-jorge-de-los-genoveses-en-napoles\/\" title=\"La iglesia de San Jorge de los Genoveses en N\u00e1poles\"><\/a><\/p>\n<\/p><\/div>\n<p><\/p>\n","protected":false},"excerpt":{"rendered":"<p>Belenes napolitanos de la nobleza espa\u00f1ola (I) Si en el Setecientos el gusto por el bel\u00e9n napolitano fue una diversi\u00f3n palaciega, hoy son objetos de lujo, aut\u00e9nticas obras de arte, que tambi\u00e9n se conservan, restauran y exhiben en importantes museos nacionales. Este es el caso&hellip;<\/p>\n","protected":false},"author":1,"featured_media":0,"parent":7594,"menu_order":0,"comment_status":"closed","ping_status":"closed","template":"","meta":{"footnotes":""},"class_list":["post-6720","page","type-page","status-publish","hentry"],"_links":{"self":[{"href":"https:\/\/digitalhistory.unite.it\/es\/wp-json\/wp\/v2\/pages\/6720","targetHints":{"allow":["GET"]}}],"collection":[{"href":"https:\/\/digitalhistory.unite.it\/es\/wp-json\/wp\/v2\/pages"}],"about":[{"href":"https:\/\/digitalhistory.unite.it\/es\/wp-json\/wp\/v2\/types\/page"}],"author":[{"embeddable":true,"href":"https:\/\/digitalhistory.unite.it\/es\/wp-json\/wp\/v2\/users\/1"}],"replies":[{"embeddable":true,"href":"https:\/\/digitalhistory.unite.it\/es\/wp-json\/wp\/v2\/comments?post=6720"}],"version-history":[{"count":2,"href":"https:\/\/digitalhistory.unite.it\/es\/wp-json\/wp\/v2\/pages\/6720\/revisions"}],"predecessor-version":[{"id":11996,"href":"https:\/\/digitalhistory.unite.it\/es\/wp-json\/wp\/v2\/pages\/6720\/revisions\/11996"}],"up":[{"embeddable":true,"href":"https:\/\/digitalhistory.unite.it\/es\/wp-json\/wp\/v2\/pages\/7594"}],"wp:attachment":[{"href":"https:\/\/digitalhistory.unite.it\/es\/wp-json\/wp\/v2\/media?parent=6720"}],"curies":[{"name":"wp","href":"https:\/\/api.w.org\/{rel}","templated":true}]}}