{"id":6721,"date":"2021-08-20T00:03:55","date_gmt":"2021-08-19T22:03:55","guid":{"rendered":"https:\/\/digitalhistory.unite.it\/belenes-napolitanos-de-la-nobleza-espanola-ii\/"},"modified":"2021-11-23T15:28:58","modified_gmt":"2021-11-23T14:28:58","slug":"belenes-napolitanos-de-la-nobleza-espanola-ii","status":"publish","type":"page","link":"https:\/\/digitalhistory.unite.it\/es\/territorios\/itinerarios-internacionales\/belenes\/belenes-napolitanos-de-la-nobleza-espanola-ii\/","title":{"rendered":"Belenes napolitanos de la nobleza espa\u00f1ola (II)"},"content":{"rendered":"<h1>Belenes napolitanos de la nobleza espa\u00f1ola (II) <\/h1>\n<div class=\"testo\">\n<p style=\"text-align: justify\"><img loading=\"lazy\" decoding=\"async\" src=\"https:\/\/digitalhistory.unite.it\/wp-content\/uploads\/2021\/08\/immagine_7_nuova_552x367.jpg\" width=\"552\" height=\"367\" alt=\"Foto nuova\" align=\"left\">En el <a href=\"#\" class=\"tooltip yellow-tooltip\">Museo Nacional de Artes Decorativas<span>En este museo se expone la cultura material de la sociedad espa\u00f1ola que permite interpretar las ideas y valores de su Historia. Se sit\u00faa en Madrid, en la calle Montalb\u00e1n<\/span><\/a>, situado en pleno centro de <a href=\"\/es\/territorios\/itinerarios-urbanos\/valladolid\/iglesia-de-san-pablo\/madrid\/\" title=\"Madrid\">Madrid<\/a>, adem\u00e1s de exhibir un buen n\u00famero de objetos de lujo, y tambi\u00e9n de vida cotidiana, de la sociedad espa\u00f1ola de \u00e9poca Moderna, se exhiben de manera permanente un conjunto de belenes. De todos ellos, el bel\u00e9n estrella es el <a href=\"\/es\/territorios\/itinerarios-urbanos\/lecce\/plaza-de-san-oronzo\/napoles\/\" title=\"N\u00e1poles\">napolitano<\/a> (s. XVIII), con un lugar de honor en la exposici\u00f3n del Museo. De nuevo la familia aristocr\u00e1tica a la que pertenec\u00eda es desconocida, al igual que se ignora el artista que realiz\u00f3 este bel\u00e9n del Setecientos.<\/p>\n<p style=\"text-align: justify\">Lo m\u00e1s interesante y llamativo de este bel\u00e9n son las ruinas napolitanas que sirven de fondo a las distintas actividades que desarrollan los personajes. Las escenas de vida cotidiana que se escenifican en este bel\u00e9n gozan de un realismo y una expresividad \u00fanica, ejemplo de ello es el asombro de una mujer al ca\u00e9rsele al suelo la cer\u00e1mica que llevaba o, en la misma escena, la lactancia de una madre a su beb\u00e9, situaciones todas ellas que se alejan de los belenes tradicionales y restan importancia a los cap\u00edtulos fundamentales del Nuevo Testamento (tales como la Natividad del ni\u00f1o Jes\u00fas o la llegada de los Reyes de Oriente), tanto es as\u00ed que la curiosidad de este bel\u00e9n es la falta de la presencia de los Reyes orientales. No faltan, por tanto, las cuidadas escenas de campesinos, artesanos, fruteros que venden sus productos, pastores, las mujeres que recogen agua de las fuentes, que si bien no es tan elegante y grandioso como el Bel\u00e9n del Pr\u00edncipe, no desmerece la t\u00e9cnica de las figuras y la ambientaci\u00f3n de las escenas. Por \u00faltimo, es preciso destacar el juego de perspectivas, que tambi\u00e9n es un elemento imprescindible en los belenes napolitanos, con figuras de mayor tama\u00f1o delante y las de menor detr\u00e1s.<\/p>\n<p style=\"text-align: justify\"><a href=\"\/es\/territorios\/itinerarios-internacionales\/belenes\/belenes-napolitanos-de-la-nobleza-espanola-i\/\" title=\"Belenes Napolitanos de la nobleza espa\u00f1ola (I)\">&lt;&lt;&lt;&#8212;p\u00e1gina precedente<\/a><span>&nbsp;&nbsp;&nbsp;<\/span> <a href=\"\/es\/territorios\/itinerarios-internacionales\/belenes\/el-belen-napolitano-del-museo-nacional-de-escultura-de-valladolid\/\" title=\"El Bel\u00e9n Napolitano del Museo Nacional de Escultura de Valladolid\"> p\u00e1gina siguiente&#8212;&gt;&gt;&gt;<\/a><\/p>\n<\/p><\/div>\n<p><\/p>\n","protected":false},"excerpt":{"rendered":"<p>Belenes napolitanos de la nobleza espa\u00f1ola (II) En el Museo Nacional de Artes DecorativasEn este museo se expone la cultura material de la sociedad espa\u00f1ola que permite interpretar las ideas y valores de su Historia. Se sit\u00faa en Madrid, en la calle Montalb\u00e1n, situado en&hellip;<\/p>\n","protected":false},"author":1,"featured_media":0,"parent":7594,"menu_order":0,"comment_status":"closed","ping_status":"closed","template":"","meta":{"footnotes":""},"class_list":["post-6721","page","type-page","status-publish","hentry"],"_links":{"self":[{"href":"https:\/\/digitalhistory.unite.it\/es\/wp-json\/wp\/v2\/pages\/6721","targetHints":{"allow":["GET"]}}],"collection":[{"href":"https:\/\/digitalhistory.unite.it\/es\/wp-json\/wp\/v2\/pages"}],"about":[{"href":"https:\/\/digitalhistory.unite.it\/es\/wp-json\/wp\/v2\/types\/page"}],"author":[{"embeddable":true,"href":"https:\/\/digitalhistory.unite.it\/es\/wp-json\/wp\/v2\/users\/1"}],"replies":[{"embeddable":true,"href":"https:\/\/digitalhistory.unite.it\/es\/wp-json\/wp\/v2\/comments?post=6721"}],"version-history":[{"count":2,"href":"https:\/\/digitalhistory.unite.it\/es\/wp-json\/wp\/v2\/pages\/6721\/revisions"}],"predecessor-version":[{"id":11997,"href":"https:\/\/digitalhistory.unite.it\/es\/wp-json\/wp\/v2\/pages\/6721\/revisions\/11997"}],"up":[{"embeddable":true,"href":"https:\/\/digitalhistory.unite.it\/es\/wp-json\/wp\/v2\/pages\/7594"}],"wp:attachment":[{"href":"https:\/\/digitalhistory.unite.it\/es\/wp-json\/wp\/v2\/media?parent=6721"}],"curies":[{"name":"wp","href":"https:\/\/api.w.org\/{rel}","templated":true}]}}