{"id":6722,"date":"2021-08-20T00:03:55","date_gmt":"2021-08-19T22:03:55","guid":{"rendered":"https:\/\/digitalhistory.unite.it\/el-belen-napolitano-del-museo-nacional-de-escultura-de-valladolid\/"},"modified":"2021-11-23T15:28:58","modified_gmt":"2021-11-23T14:28:58","slug":"el-belen-napolitano-del-museo-nacional-de-escultura-de-valladolid","status":"publish","type":"page","link":"https:\/\/digitalhistory.unite.it\/es\/territorios\/itinerarios-internacionales\/belenes\/el-belen-napolitano-del-museo-nacional-de-escultura-de-valladolid\/","title":{"rendered":"El Bel\u00e9n napolitano del Museo Nacional de Escultura de Valladolid"},"content":{"rendered":"<h1>El Bel\u00e9n napolitano del Museo Nacional de Escultura de Valladolid <\/h1>\n<div class=\"testo\">\n<p style=\"text-align: justify\"><span style=\"text-align: justify\">D\u00f1a. Mar\u00eda Bola\u00f1os Atienza, Directora del <a href=\"\/es\/territorios\/itinerarios-urbanos\/museo-nacional-de-escultura-de-valladolid\/\" title=\"Museo Nacional de Escultura de Valladolid\">Museo Nacional de Escultura de Valladolid<\/a>, nos ilustra el&nbsp;bel\u00e9n napolitano que&nbsp;se exhibe de manera permanente en el Palacio de Villena, uno de los <span>edificios que componen el<\/span>&nbsp;Museo vallisoletano.<\/span>&nbsp;Este espl\u00e9ndido conjunto adquirido por el Estado a un coleccionista privado es uno de los mejores de Europa. Lo componen casi doscientas figuras, en una gran variedad de personajes y tipos vestida a la moda del siglo en un escenario abigarrado, festivo y urbano.<\/p>\n<p><span style=\"text-align: justify\"><a href=\"\/es\/territorios\/itinerarios-internacionales\/belenes\/belenes-napolitanos-de-la-nobleza-espanola-ii\/\" title=\"Belenes Napolitanos de la nobleza espa\u00f1ola (II)\">&lt;&lt;&lt;&#8212;p\u00e1gina precedente<\/a><span>&nbsp;&nbsp;&nbsp;<\/span> <a href=\"\/es\/territorios\/itinerarios-internacionales\/\" title=\"Itinerarios internacionales\">\u00cdndice&#8212;&gt;&gt;&gt;<\/a><a href=\"\/es\/territorios\/itinerarios-internacionales\/\" title=\"Itinerarios internacionales\"><\/a><br \/> <\/span><\/p>\n<\/p><\/div>\n<p><\/p>\n","protected":false},"excerpt":{"rendered":"<p>El Bel\u00e9n napolitano del Museo Nacional de Escultura de Valladolid D\u00f1a. Mar\u00eda Bola\u00f1os Atienza, Directora del Museo Nacional de Escultura de Valladolid, nos ilustra el&nbsp;bel\u00e9n napolitano que&nbsp;se exhibe de manera permanente en el Palacio de Villena, uno de los edificios que componen el&nbsp;Museo vallisoletano.&nbsp;Este espl\u00e9ndido&hellip;<\/p>\n","protected":false},"author":1,"featured_media":0,"parent":7594,"menu_order":0,"comment_status":"closed","ping_status":"closed","template":"","meta":{"footnotes":""},"class_list":["post-6722","page","type-page","status-publish","hentry"],"_links":{"self":[{"href":"https:\/\/digitalhistory.unite.it\/es\/wp-json\/wp\/v2\/pages\/6722","targetHints":{"allow":["GET"]}}],"collection":[{"href":"https:\/\/digitalhistory.unite.it\/es\/wp-json\/wp\/v2\/pages"}],"about":[{"href":"https:\/\/digitalhistory.unite.it\/es\/wp-json\/wp\/v2\/types\/page"}],"author":[{"embeddable":true,"href":"https:\/\/digitalhistory.unite.it\/es\/wp-json\/wp\/v2\/users\/1"}],"replies":[{"embeddable":true,"href":"https:\/\/digitalhistory.unite.it\/es\/wp-json\/wp\/v2\/comments?post=6722"}],"version-history":[{"count":2,"href":"https:\/\/digitalhistory.unite.it\/es\/wp-json\/wp\/v2\/pages\/6722\/revisions"}],"predecessor-version":[{"id":12000,"href":"https:\/\/digitalhistory.unite.it\/es\/wp-json\/wp\/v2\/pages\/6722\/revisions\/12000"}],"up":[{"embeddable":true,"href":"https:\/\/digitalhistory.unite.it\/es\/wp-json\/wp\/v2\/pages\/7594"}],"wp:attachment":[{"href":"https:\/\/digitalhistory.unite.it\/es\/wp-json\/wp\/v2\/media?parent=6722"}],"curies":[{"name":"wp","href":"https:\/\/api.w.org\/{rel}","templated":true}]}}