{"id":6725,"date":"2021-08-20T00:03:55","date_gmt":"2021-08-19T22:03:55","guid":{"rendered":"https:\/\/digitalhistory.unite.it\/santa-maria-de-loreto\/"},"modified":"2021-11-23T15:28:46","modified_gmt":"2021-11-23T14:28:46","slug":"santa-maria-de-loreto","status":"publish","type":"page","link":"https:\/\/digitalhistory.unite.it\/es\/temas\/conservatorios\/santa-maria-de-loreto\/","title":{"rendered":"El conservatorio de Santa Mar\u00eda de Loreto"},"content":{"rendered":"<h1>El conservatorio de Santa Mar\u00eda de Loreto <\/h1>\n<div class=\"testo\">\n<p style=\"text-align: justify\"><img loading=\"lazy\" decoding=\"async\" src=\"https:\/\/digitalhistory.unite.it\/wp-content\/uploads\/2021\/08\/fig._1_226x286.jpg\" width=\"226\" height=\"286\" alt=\"Santa Maria di Loreto\" align=\"left\"><\/p>\n<p style=\"text-align: justify\">En 1535 el maestro Francesco, un simple artesano, construy\u00f3 una capilla cerca de la iglesia de Santa Mar\u00eda di Loreto con el fin de ayudar y recoger limosnas para los pobres y hu\u00e9rfanos de ambos sexos. En 1537, Juan de Tapia, protonotario apost\u00f3lico de nacionalidad espa\u00f1ola, movido por la iniciativa de Francesco constituy\u00f3 un orfanato, que en 1560 fue transferido&nbsp;por el Gobierno de <a href=\"\/es\/territorios\/itinerarios-urbanos\/lecce\/plaza-de-san-oronzo\/napoles\/\" title=\"N\u00e1poles\">N\u00e1poles<\/a> a un lugar m\u00e1s grande, siempre cerca de Santa Mar\u00eda di Loreto.&nbsp;A la direcci\u00f3n del instituto se colocaron seis gobernadores del pueblo de N\u00e1poles, que eran elegidos cada a\u00f1o el \u00faltimo domingo de agosto (el d\u00eda dedicado a la Virgen de Loreto) y uno de ellos asum\u00eda el cargo de Presidente del Sacro Consejo. Hay noticias de un maestro de capilla que sirvi\u00f3 en 1633 y, probablemente, en este mismo per\u00edodo se puede fechar la transformaci\u00f3n del orfanato en un verdadero conservatorio, cuando, por primera vez en los registros contables aparecen los nombres de aut\u00e9nticos maestros profesionales que recib\u00edan un salario fijo: se trataba de un &#8220;maestro de capilla&#8221;, un &#8220;maestro de corneta&#8221; y un &#8220;maestro de los violines&#8221;. Adem\u00e1s, desde 1644 en adelante, el instituto estuvo abierto a &#8220;los ni\u00f1os extranjeros internos&#8221;, que eran estudiantes no hu\u00e9rfanos que pagaban elevadas tarifas para continuar al menos seis a\u00f1os de cursos. En 1565, el orfanato fue confiado al cuidado de los <a href=\"\/es\/temas\/conservatorios\/santa-maria-de-loreto\/somascos\/\" title=\"Somascos\">Padres Somascos<\/a>, que se ocuparon de la ense\u00f1anza de la gram\u00e1tica, la filosof\u00eda, la religi\u00f3n y la ciencia.<\/p>\n<p style=\"text-align: justify\">Fue el conservatorio m\u00e1s grande y frecuentado de N\u00e1poles, como media cada diez a\u00f1os recib\u00eda a m\u00e1s de 1.500 estudiantes, que vest\u00edan una t\u00fanica blanca entera: una &#8220;sotana&#8221; larga hasta los pies, un pesado abrigo con capa, llamada &#8220;zamarra&#8221;, cerrada por una densa fila de botones, y el sombrero de ala ancha. En el de Santa Mar\u00eda di Loreto ense\u00f1aron Francesco Durante, Francesco Provenzale y Nicola Porpora (imagen), que era un compositor y maestro de canto, de cuya escuela fueron c\u00e9lebres los m\u00e1s famosos &#8220;castrati&#8221; (castrados). Entre otros, destaca el nombre de Domenico Cimarosa. En la direcci\u00f3n del conservatorio siguieron otros maestros como Gaetano Veneziano, Nicola Acerbo, Pietro Bartilotti y Giuliano Perugino. Incluso el famoso <a href=\"\/es\/temas\/conservatorios\/alessandro-scarlatti\/\" title=\"Alessandro Scarlatti\">Alessandro Scarlatti<\/a> prest\u00f3 sus servicios durante un mes, en 1689, como primer maestro. En el siglo XVIII se sumaron otros grandes maestros de la escuela musical napolitana: Francesco Mancini, Giovanni Fischietti, Gaetano Manna, Fedele Fenaroli y Pietro Antonio Gallo.<\/p>\n<p style=\"text-align: justify\">En 1806 el instituto se fusion\u00f3 con el Conservatorio della Piet\u00e0 dei Turchini y con el Conservatorio de Sant&#8217;Onofrio&nbsp;a Porta Capuana dando lugar al Real Colegio de M\u00fasica, que en 1826 se convertir\u00e1 en el actual Conservatorio de San Pietro&nbsp;a Majella.<\/p>\n<p style=\"text-align: justify\"><a href=\"\/es\/temas\/conservatorios\/conservatorios\/\" title=\"Conservatorios\">&lt;&lt;&lt;&#8212;p\u00e1gina precedente<\/a>&nbsp;&nbsp; <a href=\"\/es\/temas\/conservatorios\/pieta-dei-turchini\/\" title=\"Piet\u00e0 dei Turchini\">p\u00e1gina siguiente&#8212;&gt;&gt;&gt;<\/a><\/p>\n<\/p><\/div>\n<p><\/p>\n","protected":false},"excerpt":{"rendered":"<p>El conservatorio de Santa Mar\u00eda de Loreto En 1535 el maestro Francesco, un simple artesano, construy\u00f3 una capilla cerca de la iglesia de Santa Mar\u00eda di Loreto con el fin de ayudar y recoger limosnas para los pobres y hu\u00e9rfanos de ambos sexos. En 1537,&hellip;<\/p>\n","protected":false},"author":1,"featured_media":0,"parent":5914,"menu_order":0,"comment_status":"closed","ping_status":"closed","template":"","meta":{"footnotes":""},"class_list":["post-6725","page","type-page","status-publish","hentry"],"_links":{"self":[{"href":"https:\/\/digitalhistory.unite.it\/es\/wp-json\/wp\/v2\/pages\/6725","targetHints":{"allow":["GET"]}}],"collection":[{"href":"https:\/\/digitalhistory.unite.it\/es\/wp-json\/wp\/v2\/pages"}],"about":[{"href":"https:\/\/digitalhistory.unite.it\/es\/wp-json\/wp\/v2\/types\/page"}],"author":[{"embeddable":true,"href":"https:\/\/digitalhistory.unite.it\/es\/wp-json\/wp\/v2\/users\/1"}],"replies":[{"embeddable":true,"href":"https:\/\/digitalhistory.unite.it\/es\/wp-json\/wp\/v2\/comments?post=6725"}],"version-history":[{"count":2,"href":"https:\/\/digitalhistory.unite.it\/es\/wp-json\/wp\/v2\/pages\/6725\/revisions"}],"predecessor-version":[{"id":11869,"href":"https:\/\/digitalhistory.unite.it\/es\/wp-json\/wp\/v2\/pages\/6725\/revisions\/11869"}],"up":[{"embeddable":true,"href":"https:\/\/digitalhistory.unite.it\/es\/wp-json\/wp\/v2\/pages\/5914"}],"wp:attachment":[{"href":"https:\/\/digitalhistory.unite.it\/es\/wp-json\/wp\/v2\/media?parent=6725"}],"curies":[{"name":"wp","href":"https:\/\/api.w.org\/{rel}","templated":true}]}}