{"id":6726,"date":"2021-08-20T00:03:55","date_gmt":"2021-08-19T22:03:55","guid":{"rendered":"https:\/\/digitalhistory.unite.it\/pieta-dei-turchini\/"},"modified":"2021-11-23T17:45:10","modified_gmt":"2021-11-23T16:45:10","slug":"pieta-dei-turchini","status":"publish","type":"page","link":"https:\/\/digitalhistory.unite.it\/es\/temas\/conservatorios\/pieta-dei-turchini\/","title":{"rendered":"El conservatorio de la Piet\u00e0 dei Turchini"},"content":{"rendered":"<h1>El conservatorio de la Piet\u00e0 dei Turchini <\/h1>\n<div class=\"testo\">\n<p style=\"text-align: justify\"><img loading=\"lazy\" decoding=\"async\" src=\"https:\/\/digitalhistory.unite.it\/wp-content\/uploads\/2021\/08\/fig._1_224x334.jpg\" width=\"224\" height=\"334\" alt=\"Piet\u00e0 dei Turchini\" align=\"left\"><\/p>\n<p style=\"text-align: justify\">En 1573 se reunieron en la peque\u00f1a Iglesia de la Incoronatella, en la r\u00faa Catalana, la actual v\u00eda Medina, numerosos vecinos de la zona para formar una cofrad\u00eda, que, tras una devastadora hambruna, en 1583 se construy\u00f3 un refugio que podr\u00eda recoger y acoger ni\u00f1os abandonados o perdidos. En un principio los hu\u00e9rfanos fueron acogidos en dicha Iglesia de la Incoronatella, sin embargo, cuando aumentaron su n\u00famero, fueron posteriormente trasladados a un edificio detr\u00e1s de la iglesia que hoy lleva el nombre de la Piet\u00e0 dei Turchini, en la v\u00eda Medina. Los ni\u00f1os iban vestidos de cl\u00e9rigos con la &#8220;sotana&#8221;, la &#8220;zamarra&#8221; y el &#8220;birrete&#8221; del color azul turqu\u00ed. Adquiri\u00f3 el nombre oficial de la Cofrad\u00eda de Santa Mar\u00eda della Piet\u00e0 despu\u00e9s de la veneraci\u00f3n de la estatua de Santa Mar\u00eda della Piet\u00e0, y el nombre de Turchini por el color turquesa de su ropa. Es el \u00fanico de los cuatro orfanatos napolitanos que desde el primer momento se present\u00f3 s\u00f3lidamente organizado y mantuvo en el tiempo una rigurosa gesti\u00f3n econ\u00f3mica y un r\u00e9gimen disciplinar, lo que le vali\u00f3 la protecci\u00f3n en poco tiempo del rey de Espa\u00f1a <a href=\"\/es\/territorios\/itinerarios-urbanos\/valladolid\/iglesia-de-san-pablo\/felipe-iii\/\" title=\"Felipe III\">Felipe III<\/a>. Este hecho favoreci\u00f3 los legados y adquisiciones por parte de la clase noble de la ciudad. Gran importancia tuvo, no s\u00f3lo el aspecto de la ense\u00f1anza, sino tambi\u00e9n la condici\u00f3n humana y el estado psicol\u00f3gico de los ni\u00f1os, tanto que acab\u00f3 registrando un menor n\u00famero de deserciones por parte de los m\u00e1s peque\u00f1os, mientras que se elev\u00f3 el porcentaje de vocaciones sacerdotales. Las lecciones eran dise\u00f1adas de acuerdo con un cuidado y equilibrado calendario semanal. La organizaci\u00f3n de la escuela era muy precisa, como puede verse por la extraordinaria descripci\u00f3n que ha llegado hasta nosotros en el &#8220;Reglamento y los estatutos del Real Conservatorio della Piet\u00e0 dei Turchini para ser observados por ministros, maestros, estudiantes y sirvientes&#8221;, redactado especialmente para la buena direcci\u00f3n de la instituci\u00f3n. Con el desarrollo del melodrama se alcanz\u00f3 la plena madurez del conservatorio, con el florecimiento de fervientes talentos (Francesco Provenzale, Nicola Fago, Leonardo Leo) que pone de relieve el periodo de m\u00e1ximo esplendor de la instituci\u00f3n, y que marca el comienzo de una nueva era centrada en el teatro y el consiguiente cambio de costumbres. Entre los Maestros de Capilla del Conservatorio della Piet\u00e0 dei Turchini destacan: Gennaro Ursino, Nicola Sala, Giacomo Tritto, Geronimo Abos, Pasquale Cafaro, adem\u00e1s del ya mencionado Nicola Fago, Leonardo Leo y Francesco Provenzale.<\/p>\n<p style=\"text-align: justify\"><a href=\"\/es\/temas\/conservatorios\/santa-maria-de-loreto\/\" title=\"Santa Maria de Loreto\">&lt;&lt;&lt;&#8212;p\u00e1gina precedente<\/a>&nbsp;&nbsp; <a href=\"\/es\/temas\/conservatorios\/poveri-di-gesu-cristo\/\" title=\"Poveri di Ges\u00f9 Cristo\">p\u00e1gina siguiente&#8212;&gt;&gt;&gt;<\/a><\/p>\n<\/p><\/div>\n<p><\/p>\n","protected":false},"excerpt":{"rendered":"<p>El conservatorio de la Piet\u00e0 dei Turchini En 1573 se reunieron en la peque\u00f1a Iglesia de la Incoronatella, en la r\u00faa Catalana, la actual v\u00eda Medina, numerosos vecinos de la zona para formar una cofrad\u00eda, que, tras una devastadora hambruna, en 1583 se construy\u00f3 un&hellip;<\/p>\n","protected":false},"author":1,"featured_media":0,"parent":5914,"menu_order":0,"comment_status":"closed","ping_status":"closed","template":"","meta":{"footnotes":""},"class_list":["post-6726","page","type-page","status-publish","hentry"],"_links":{"self":[{"href":"https:\/\/digitalhistory.unite.it\/es\/wp-json\/wp\/v2\/pages\/6726","targetHints":{"allow":["GET"]}}],"collection":[{"href":"https:\/\/digitalhistory.unite.it\/es\/wp-json\/wp\/v2\/pages"}],"about":[{"href":"https:\/\/digitalhistory.unite.it\/es\/wp-json\/wp\/v2\/types\/page"}],"author":[{"embeddable":true,"href":"https:\/\/digitalhistory.unite.it\/es\/wp-json\/wp\/v2\/users\/1"}],"replies":[{"embeddable":true,"href":"https:\/\/digitalhistory.unite.it\/es\/wp-json\/wp\/v2\/comments?post=6726"}],"version-history":[{"count":2,"href":"https:\/\/digitalhistory.unite.it\/es\/wp-json\/wp\/v2\/pages\/6726\/revisions"}],"predecessor-version":[{"id":11865,"href":"https:\/\/digitalhistory.unite.it\/es\/wp-json\/wp\/v2\/pages\/6726\/revisions\/11865"}],"up":[{"embeddable":true,"href":"https:\/\/digitalhistory.unite.it\/es\/wp-json\/wp\/v2\/pages\/5914"}],"wp:attachment":[{"href":"https:\/\/digitalhistory.unite.it\/es\/wp-json\/wp\/v2\/media?parent=6726"}],"curies":[{"name":"wp","href":"https:\/\/api.w.org\/{rel}","templated":true}]}}