{"id":6727,"date":"2021-08-20T00:03:55","date_gmt":"2021-08-19T22:03:55","guid":{"rendered":"https:\/\/digitalhistory.unite.it\/poveri-di-gesu-cristo\/"},"modified":"2021-11-23T17:45:10","modified_gmt":"2021-11-23T16:45:10","slug":"poveri-di-gesu-cristo","status":"publish","type":"page","link":"https:\/\/digitalhistory.unite.it\/es\/temas\/conservatorios\/poveri-di-gesu-cristo\/","title":{"rendered":"El conservatorio de los Poveri di Ges\u00f9 Cristo"},"content":{"rendered":"<h1>El conservatorio de los Poveri di Ges\u00f9 Cristo <\/h1>\n<div class=\"testo\">\n<p style=\"text-align: justify\"><img loading=\"lazy\" decoding=\"async\" src=\"https:\/\/digitalhistory.unite.it\/wp-content\/uploads\/2021\/08\/fig_1_251x188.jpg\" width=\"251\" height=\"188\" alt=\"Poveri di Ges\u00f9 Cristo\" align=\"left\"><\/p>\n<p style=\"text-align: justify\">Marcello Fossataro, terciario franciscano, nacido en Nicotera en 1565, fund\u00f3 el Conservatorio de los Poveri di Ges\u00f9 Cristo (Pobres de Jesucristo) en 1589, con el fin de compensar la miseria vivida por los chicos que vagaban por las calles de <a href=\"\/es\/territorios\/itinerarios-urbanos\/lecce\/plaza-de-san-oronzo\/napoles\/\" title=\"N\u00e1poles\">N\u00e1poles<\/a>. En ese momento, la ciudad partenopea viv\u00eda un periodo muy problem\u00e1tico debido a la inestabilidad pol\u00edtica y la sucesi\u00f3n de plagas, hambrunas, guerras, levantamientos y erupciones del Vesubio. Era, por lo tanto, costumbre de Fossataro mendigar por las calles de la ciudad al grito de: &#8220;Haced la caridad a los pobres de Jesucristo&#8221;. Fue el arzobispo de N\u00e1poles, el cardenal Alfonso Gesualdo, quien en 1602 firm\u00f3 la autorizaci\u00f3n para el reconocimiento del orfanato con la obligaci\u00f3n de ense\u00f1ar a los ni\u00f1os a leer y escribir y aprender la Doctrina Cristiana. De hecho, el Conservatorio de los Pobres de Jesucristo fue el \u00fanico de los cuatro institutos masculinos que cay\u00f3 en manos de la jurisdicci\u00f3n del arzobispo. A la cabeza de la instituci\u00f3n fueron encargados dos &#8220;Gobernadores&#8221; elegidos por el arzobispo. La direcci\u00f3n interna de la estructura fue confiada al &#8220;Primer Oficial&#8221;, tambi\u00e9n llamado &#8220;Custode&#8221; (guardi\u00e1n o custodio), del que depend\u00eda los &#8220;Maestros&#8221; y los &#8220;Oficiales inferiores&#8221;, divididos conforme a las tareas en &#8220;Sacrist\u00e1n Rationale&#8221;, &#8220;Portero&#8221;, &#8220;Despensero&#8221;, &#8220;Guardarropero&#8221;, &#8220;Refectolero&#8221;, &#8220;Cocinero&#8221; y &#8220;Enfermero&#8221;. La escuela se encontraba en la iglesia de Santa Mar\u00eda en Colonna, en la plazoleta de los Girolamini. Inicialmente, los ni\u00f1os del Conservatorio de los pobres de Jesucristo vest\u00edan con pa\u00f1o gris franciscano, pero el cardenal Caracciolo quiso que se vistieran con la &#8220;sotana&#8221; roja, la &#8220;zamarra&#8221; y el gorro azul, que recordaba los colores de la ropa de Cristo de quien los peque\u00f1os hu\u00e9rfanos llevaban el nombre. Los conflictos con los Padres del adyacente Oratorio de los Filipinos fueron frecuentes hasta el punto de que \u00e9stos \u00faltimos llegaron a prohibir que en la iglesia de los Pobres de Jesucristo sonasen las campanas y se oficiase durante las horas dedicadas por los Padres de Filipinos a los ejercicios espirituales. En 1744, debido a los numerosos tumultos que causaron graves problemas disciplinarios al interno del conservatorio, muchos j\u00f3venes fueron expulsados, pero a pesar de esto, el arzobispo Spinelli, quien estaba a cargo del conservatorio, prefiri\u00f3 solucionarlo distribuyendo a los estudiantes en los otros tres institutos musicales que en ese tiempo hab\u00eda surgido en N\u00e1poles. Entre los artistas que han jugado un papel importante en el instituto se destaca a Gaetano Greco, que fue llamado a finales del siglo XVII para dirigir el conservatorio. A su muerte, en 1728, fue sustituido por Francesco Durante, y despu\u00e9s Francesco Feo, Alfonso Caggi, Geronimo Abos, Niccol\u00f2 Jommelli, Giovan Battista Pergolesi, Giuseppe Porsile, Nicol\u00f2 Porpora, Leonardo Vinci, Giuseppe Arena, Giuseppe Avossa, Giacomo Insanguine, Tommaso Traetta.<\/p>\n<p style=\"text-align: justify\"><a href=\"\/es\/temas\/conservatorios\/pieta-dei-turchini\/\" title=\"Piet\u00e0 dei Turchini\">&lt;&lt;&lt;&#8212;p\u00e1gina precedente<\/a>&nbsp;&nbsp; <a href=\"\/es\/temas\/conservatorios\/santonofrio-a-porta-capuana\/\" title=\"Sant'Onofrio a Porta Capuana\">p\u00e1gina siguiente&#8212;&gt;&gt;&gt;<\/a><\/p>\n<\/p><\/div>\n<p><\/p>\n","protected":false},"excerpt":{"rendered":"<p>El conservatorio de los Poveri di Ges\u00f9 Cristo Marcello Fossataro, terciario franciscano, nacido en Nicotera en 1565, fund\u00f3 el Conservatorio de los Poveri di Ges\u00f9 Cristo (Pobres de Jesucristo) en 1589, con el fin de compensar la miseria vivida por los chicos que vagaban por&hellip;<\/p>\n","protected":false},"author":1,"featured_media":0,"parent":5914,"menu_order":0,"comment_status":"closed","ping_status":"closed","template":"","meta":{"footnotes":""},"class_list":["post-6727","page","type-page","status-publish","hentry"],"_links":{"self":[{"href":"https:\/\/digitalhistory.unite.it\/es\/wp-json\/wp\/v2\/pages\/6727","targetHints":{"allow":["GET"]}}],"collection":[{"href":"https:\/\/digitalhistory.unite.it\/es\/wp-json\/wp\/v2\/pages"}],"about":[{"href":"https:\/\/digitalhistory.unite.it\/es\/wp-json\/wp\/v2\/types\/page"}],"author":[{"embeddable":true,"href":"https:\/\/digitalhistory.unite.it\/es\/wp-json\/wp\/v2\/users\/1"}],"replies":[{"embeddable":true,"href":"https:\/\/digitalhistory.unite.it\/es\/wp-json\/wp\/v2\/comments?post=6727"}],"version-history":[{"count":2,"href":"https:\/\/digitalhistory.unite.it\/es\/wp-json\/wp\/v2\/pages\/6727\/revisions"}],"predecessor-version":[{"id":11866,"href":"https:\/\/digitalhistory.unite.it\/es\/wp-json\/wp\/v2\/pages\/6727\/revisions\/11866"}],"up":[{"embeddable":true,"href":"https:\/\/digitalhistory.unite.it\/es\/wp-json\/wp\/v2\/pages\/5914"}],"wp:attachment":[{"href":"https:\/\/digitalhistory.unite.it\/es\/wp-json\/wp\/v2\/media?parent=6727"}],"curies":[{"name":"wp","href":"https:\/\/api.w.org\/{rel}","templated":true}]}}