{"id":6728,"date":"2021-08-20T00:03:55","date_gmt":"2021-08-19T22:03:55","guid":{"rendered":"https:\/\/digitalhistory.unite.it\/santonofrio-a-porta-capuana\/"},"modified":"2021-11-23T17:45:10","modified_gmt":"2021-11-23T16:45:10","slug":"santonofrio-a-porta-capuana","status":"publish","type":"page","link":"https:\/\/digitalhistory.unite.it\/es\/temas\/conservatorios\/santonofrio-a-porta-capuana\/","title":{"rendered":"El conservatorio de Sant&#8217;Onofrio a Porta Capuana"},"content":{"rendered":"<h1>El conservatorio de Sant&#8217;Onofrio a Porta Capuana <\/h1>\n<div class=\"testo\">\n<p style=\"text-align: justify\"><img loading=\"lazy\" decoding=\"async\" src=\"https:\/\/digitalhistory.unite.it\/wp-content\/uploads\/2021\/08\/fig._1_226x261.jpg\" width=\"226\" height=\"261\" alt=\"Sant'Onofrio a Porta Capuana\" align=\"left\"><\/p>\n<p style=\"text-align: justify\">En 1578, el cardenal Alfonso Gesualdo de los Condes de Conca y de los Pr\u00edncipes de Venosa, t\u00edo del famoso Carlo Gesualdo da Venosa,&nbsp;en la Vicar\u00eda dio orden de crear la Cofrad\u00eda de los Blancos, formada por los artesanos de los tejidos que trabajaban en <a href=\"\/es\/territorios\/itinerarios-urbanos\/lecce\/plaza-de-san-oronzo\/napoles\/\" title=\"N\u00e1poles\">N\u00e1poles<\/a> y compuesta por maestros genoveses, sicilianos, espa\u00f1oles, florentinos, catalanes, etc., vinculada a la iglesia de Sant&#8217;Onofrio&nbsp;a Porta Capuana, con fines humanitarios y religiosos. As\u00ed naci\u00f3 una instituci\u00f3n de caridad para recibir a hu\u00e9rfanos y ni\u00f1os abandonados, que se iniciaban desde temprana edad a los futuros trabajos artesanos. El Instituto particip\u00f3 en la tr\u00e1gica <a href=\"\/es\/territorios\/itinerarios-urbanos\/cosimo-fanzago\/fanzago-y-la-revuelta-de-masaniello\/\" title=\"Fanzago y la revuelta de Masaniello\">revuelta de Masaniello<\/a> (1647-1648), probablemente debido al parentesco que un\u00eda a los peque\u00f1os hu\u00e9rfanos con las familias que se unieron al desesperado gesto. El instituto fue golpeado por la terrible represi\u00f3n virreinal, experimentando a\u00f1os de gran dificultad. Existi\u00f3 el riesgo de cierre a causa de la peste de 1656, que diezm\u00f3 a los pocos ni\u00f1os que sobrevivieron a la revuelta. S\u00f3lo en 1658 los <a href=\"\/es\/temas\/conservatorios\/santonofrio-a-porta-capuana\/escolapios\/\" title=\"Escolapios\">Padres Escolapios<\/a>, con su f\u00e9rrea disciplina, reorganizaron el orfanato que recuper\u00f3 plenamente su entusiasmo. El uniforme de los ni\u00f1os era id\u00e9ntico en la forma al de los hu\u00e9rfanos del Conservatorio di Santa Mar\u00eda di Loreto, ten\u00edan la &#8220;sotana&#8221; blanca, sin embargo, la &#8220;zamarra&#8221; y el gorro eran marrones. Entre la segunda mitad del siglo XVII y principios del siglo XVIII, por medio de la fuerte labor de sus maestros como Cristoforo Caresana, Angelo Durante (t\u00edo del famoso Francesco Durante), Nicola Sabino, Nicola Fago y Gennaro Manna, la escuela se desarroll\u00f3 de manera significativa y, gracias a la alta calidad de la ense\u00f1anza llevada a cabo en su interior, pronto el instituto compiti\u00f3 con los otros tres conservatorios. Entre los m\u00e1s destacados m\u00fasicos que legaron sus carreras al Sant&#8217;Onofrio recordamos tambi\u00e9n a Niccol\u00f2 Jommelli, Giovanni Paisiello y Giacomo Piccinni. En 1797, al Sant&#8217;Onofrio se uni\u00f3 el Conservatorio di Santa Mar\u00eda di Loreto, y en 1806 todos los institutos de m\u00fasica napolitana se englobaron en el Real Colegio de M\u00fasica, que despu\u00e9s se convirti\u00f3 en el Conservatorio de San Pietro&nbsp;a Majella.<\/p>\n<p style=\"text-align: justify\"><a href=\"\/es\/temas\/conservatorios\/poveri-di-gesu-cristo\/\" title=\"Poveri di Ges\u00f9 Cristo\">&lt;&lt;&lt;&#8212;p\u00e1gina precedente<\/a>&nbsp;&nbsp; <a href=\"\/es\/temas\/conservatorios\/siglo-xix\/\" title=\"Siglo XIX\">p\u00e1gina siguiente&#8212;&gt;&gt;&gt;<\/a><\/p>\n<\/p><\/div>\n<p><\/p>\n","protected":false},"excerpt":{"rendered":"<p>El conservatorio de Sant&#8217;Onofrio a Porta Capuana En 1578, el cardenal Alfonso Gesualdo de los Condes de Conca y de los Pr\u00edncipes de Venosa, t\u00edo del famoso Carlo Gesualdo da Venosa,&nbsp;en la Vicar\u00eda dio orden de crear la Cofrad\u00eda de los Blancos, formada por los&hellip;<\/p>\n","protected":false},"author":1,"featured_media":0,"parent":5914,"menu_order":0,"comment_status":"closed","ping_status":"closed","template":"","meta":{"footnotes":""},"class_list":["post-6728","page","type-page","status-publish","hentry"],"_links":{"self":[{"href":"https:\/\/digitalhistory.unite.it\/es\/wp-json\/wp\/v2\/pages\/6728","targetHints":{"allow":["GET"]}}],"collection":[{"href":"https:\/\/digitalhistory.unite.it\/es\/wp-json\/wp\/v2\/pages"}],"about":[{"href":"https:\/\/digitalhistory.unite.it\/es\/wp-json\/wp\/v2\/types\/page"}],"author":[{"embeddable":true,"href":"https:\/\/digitalhistory.unite.it\/es\/wp-json\/wp\/v2\/users\/1"}],"replies":[{"embeddable":true,"href":"https:\/\/digitalhistory.unite.it\/es\/wp-json\/wp\/v2\/comments?post=6728"}],"version-history":[{"count":2,"href":"https:\/\/digitalhistory.unite.it\/es\/wp-json\/wp\/v2\/pages\/6728\/revisions"}],"predecessor-version":[{"id":11867,"href":"https:\/\/digitalhistory.unite.it\/es\/wp-json\/wp\/v2\/pages\/6728\/revisions\/11867"}],"up":[{"embeddable":true,"href":"https:\/\/digitalhistory.unite.it\/es\/wp-json\/wp\/v2\/pages\/5914"}],"wp:attachment":[{"href":"https:\/\/digitalhistory.unite.it\/es\/wp-json\/wp\/v2\/media?parent=6728"}],"curies":[{"name":"wp","href":"https:\/\/api.w.org\/{rel}","templated":true}]}}