{"id":6729,"date":"2021-08-20T00:03:55","date_gmt":"2021-08-19T22:03:55","guid":{"rendered":"https:\/\/digitalhistory.unite.it\/siglo-xix\/"},"modified":"2021-11-23T15:28:47","modified_gmt":"2021-11-23T14:28:47","slug":"siglo-xix","status":"publish","type":"page","link":"https:\/\/digitalhistory.unite.it\/es\/temas\/conservatorios\/siglo-xix\/","title":{"rendered":"Los conservatorios napolitanos en el siglo XIX"},"content":{"rendered":"<h1>Los conservatorios napolitanos en el siglo XIX <\/h1>\n<div class=\"testo\">\n<p style=\"text-align: justify\"><img loading=\"lazy\" decoding=\"async\" src=\"https:\/\/digitalhistory.unite.it\/wp-content\/uploads\/2021\/08\/facciata_del_portone_conservatorio_san_pietro_a_majella_225x300.jpg\" width=\"225\" height=\"300\" alt=\"San Pietro a Majella\" align=\"left\"><\/p>\n<p style=\"text-align: justify\">En 1806, el rey Jos\u00e9 Bonaparte fusion\u00f3 las instituciones de Santa Mar\u00eda di Loreto y de Sant&#8217;Onofrio en el Conservatorio della Piet\u00e0 dei Turchini, que asumi\u00f3 el nuevo t\u00edtulo de Real Colegio de M\u00fasica. Pero en 1808 el rey, debido a la insuficiencia de los locales, hizo mover la escuela de m\u00fasica al Monasterio de las Damas Monjas de San Sebasti\u00e1n, por lo que el Real Colegio de M\u00fasica tom\u00f3 el nombre de Conservatorio de San Sebasti\u00e1n. Finalmente, en 1826, por decreto de Francisco I, el Colegio se traslad\u00f3 definitivamente al antiguo monasterio de San Pietro&nbsp;a Majella (foto), donde todav\u00eda se conservan los archivos de los antiguos conservatorios, excepto, como ya hemos dicho, los relativos a los Pobres de Jesucristo, bajo la administraci\u00f3n diocesana.<\/p>\n<p style=\"text-align: justify\">&nbsp;<\/p>\n<p style=\"text-align: justify\">&nbsp;<\/p>\n<p style=\"text-align: justify\"><a href=\"\/es\/temas\/conservatorios\/santonofrio-a-porta-capuana\/\" title=\"Sant'Onofrio a Porta Capuana\">&lt;&lt;&lt;&#8212;p\u00e1gina precedente<\/a>&nbsp;&nbsp; <a href=\"\/es\/temas\/conservatorios\/\" title=\"Conservatorios\">\u00cdndice&#8212;&gt;&gt;&gt;<\/a><\/p>\n<\/p><\/div>\n<p><\/p>\n","protected":false},"excerpt":{"rendered":"<p>Los conservatorios napolitanos en el siglo XIX En 1806, el rey Jos\u00e9 Bonaparte fusion\u00f3 las instituciones de Santa Mar\u00eda di Loreto y de Sant&#8217;Onofrio en el Conservatorio della Piet\u00e0 dei Turchini, que asumi\u00f3 el nuevo t\u00edtulo de Real Colegio de M\u00fasica. Pero en 1808 el&hellip;<\/p>\n","protected":false},"author":1,"featured_media":0,"parent":5914,"menu_order":0,"comment_status":"closed","ping_status":"closed","template":"","meta":{"footnotes":""},"class_list":["post-6729","page","type-page","status-publish","hentry"],"_links":{"self":[{"href":"https:\/\/digitalhistory.unite.it\/es\/wp-json\/wp\/v2\/pages\/6729","targetHints":{"allow":["GET"]}}],"collection":[{"href":"https:\/\/digitalhistory.unite.it\/es\/wp-json\/wp\/v2\/pages"}],"about":[{"href":"https:\/\/digitalhistory.unite.it\/es\/wp-json\/wp\/v2\/types\/page"}],"author":[{"embeddable":true,"href":"https:\/\/digitalhistory.unite.it\/es\/wp-json\/wp\/v2\/users\/1"}],"replies":[{"embeddable":true,"href":"https:\/\/digitalhistory.unite.it\/es\/wp-json\/wp\/v2\/comments?post=6729"}],"version-history":[{"count":2,"href":"https:\/\/digitalhistory.unite.it\/es\/wp-json\/wp\/v2\/pages\/6729\/revisions"}],"predecessor-version":[{"id":11880,"href":"https:\/\/digitalhistory.unite.it\/es\/wp-json\/wp\/v2\/pages\/6729\/revisions\/11880"}],"up":[{"embeddable":true,"href":"https:\/\/digitalhistory.unite.it\/es\/wp-json\/wp\/v2\/pages\/5914"}],"wp:attachment":[{"href":"https:\/\/digitalhistory.unite.it\/es\/wp-json\/wp\/v2\/media?parent=6729"}],"curies":[{"name":"wp","href":"https:\/\/api.w.org\/{rel}","templated":true}]}}