{"id":6730,"date":"2021-08-20T00:03:55","date_gmt":"2021-08-19T22:03:55","guid":{"rendered":"https:\/\/digitalhistory.unite.it\/lamentaciones\/"},"modified":"2021-11-23T15:28:47","modified_gmt":"2021-11-23T14:28:47","slug":"lamentaciones","status":"publish","type":"page","link":"https:\/\/digitalhistory.unite.it\/es\/temas\/conservatorios\/lamentaciones\/","title":{"rendered":"Las Lamentaciones"},"content":{"rendered":"<h1>Las Lamentaciones <\/h1>\n<div class=\"testo\">\n<p style=\"text-align: justify\"><img loading=\"lazy\" decoding=\"async\" src=\"https:\/\/digitalhistory.unite.it\/wp-content\/uploads\/2021\/08\/4_250x199.jpg\" width=\"250\" height=\"199\" alt=\"Lamentazioni\" align=\"left\"><\/p>\n<p style=\"text-align: justify\">Las Lamentaciones de Jerem\u00edas describen el dolor causado por el asedio y destrucci\u00f3n de Jerusal\u00e9n por Nabucodonosor, rey de Babilonia. El autor se identifica tradicionalmente con el profeta Jerem\u00edas, aquel que representaba la figura central en la \u00e9poca de la destrucci\u00f3n de Jerusal\u00e9n, pero tal atribuci\u00f3n es, probablemente, pseudoepigr\u00e1fica. Se trata, de manera m\u00e1s realista, de canciones po\u00e9ticas compuestas por diferentes autores. Sin embargo, en la tradici\u00f3n jud\u00eda hay varios testigos que atribuyen a Jerem\u00edas estos poemas: el Talmud (B. Bathra), el Mo\u00e8d Qat\u00e0n 26\u00b0 Midr\u00e0sh Rab\u00e0, el Targ\u00f9m, como tambi\u00e9n los diversos comentarios rab\u00ednicos posteriores. Incluso la versi\u00f3n griega confirma el nombre de Jerem\u00edas en el t\u00edtulo de las Lamentaciones.<\/p>\n<p>  El libro se compone de cinco poemas l\u00edricos, divididos en varios cap\u00edtulos. El primero, segundo y cuarto son acr\u00f3sticos (cada verso comienza con una de las 22 letras del alfabeto hebreo). Las lamentaciones son unas oraciones llenas de confianza en un Dios que es siempre misericordioso, incluso en el castigo, para que intervenga y levante a la ciudad que tan duramente ha castigado. La primera lamentaci\u00f3n describe a Jerusal\u00e9n desolada, como si fuera una mujer abandonada que se lamenta. La segunda lamentaci\u00f3n expone la causa de la masacre en Jerusal\u00e9n; Dios justamente enojado con sus pecados. La tercera lamentaci\u00f3n expresa el sufrimiento interno de Jerusal\u00e9n que conf\u00eda en la misericordia de Dios. La cuarta lamentaci\u00f3n presenta un contraste dram\u00e1tico entre el presente y el pasado de Jerusal\u00e9n; enumerando los pecados que han causado tantas desgracias. La quinta lamentaci\u00f3n es la oraci\u00f3n del pueblo elegido que expone sus desgracias, y pide que la ira de Dios no sea eterna.<\/p>\n<p style=\"text-align: justify\">Durante el siglo XVIII, <a href=\"\/es\/territorios\/itinerarios-urbanos\/lecce\/plaza-de-san-oronzo\/napoles\/\" title=\"N\u00e1poles\">N\u00e1poles<\/a> represent\u00f3 un aut\u00e9ntico centro neur\u00e1lgico de este g\u00e9nero, sobre todo con la presencia de los Padres del Oratorio, como lo demuestra la gran cantidad de lamentaciones que se conservan en el Archivo de los Jer\u00f3nimos, entre las que destacan las de Cristoforo Caresana, Gennaro Manna, Gaetano Veneziano y Francesco Feo. El Oficio de las tinieblas proporciona en la antigua tradici\u00f3n cristiana, un aparato de luces (quince velas para apagar de forma gradual despu\u00e9s del canto de cada lamentaci\u00f3n y cada salmo, hasta el apagado total al anuncio de la muerte de Cristo) y de cantos, entre los que se incluyen: las Lamentaciones de Jerem\u00edas, los Salmos y el canto del Miserere. Todas las composiciones napolitanas de la \u00e9poca se escribe generalmente para una o dos voces y bajo continuo.<\/p>\n<p style=\"text-align: justify\"><a href=\"\/es\/temas\/conservatorios\/\" title=\"Conservatorios\">&lt;&lt;&lt;&#8212;\u00cdndice<\/a><span>&nbsp;&nbsp;&nbsp;<\/span> <a href=\"\/es\/temas\/conservatorios\/el-miserere\/\" title=\"El Miserere\">p\u00e1gina siguiente&#8212;&gt;&gt;&gt;<\/a><a href=\"\/es\/temas\/conservatorios\/conservatorios\/\" title=\"Conservatorios\"><\/a><\/p>\n<\/p><\/div>\n<p><\/p>\n","protected":false},"excerpt":{"rendered":"<p>Las Lamentaciones Las Lamentaciones de Jerem\u00edas describen el dolor causado por el asedio y destrucci\u00f3n de Jerusal\u00e9n por Nabucodonosor, rey de Babilonia. El autor se identifica tradicionalmente con el profeta Jerem\u00edas, aquel que representaba la figura central en la \u00e9poca de la destrucci\u00f3n de Jerusal\u00e9n,&hellip;<\/p>\n","protected":false},"author":1,"featured_media":0,"parent":5914,"menu_order":0,"comment_status":"closed","ping_status":"closed","template":"","meta":{"footnotes":""},"class_list":["post-6730","page","type-page","status-publish","hentry"],"_links":{"self":[{"href":"https:\/\/digitalhistory.unite.it\/es\/wp-json\/wp\/v2\/pages\/6730","targetHints":{"allow":["GET"]}}],"collection":[{"href":"https:\/\/digitalhistory.unite.it\/es\/wp-json\/wp\/v2\/pages"}],"about":[{"href":"https:\/\/digitalhistory.unite.it\/es\/wp-json\/wp\/v2\/types\/page"}],"author":[{"embeddable":true,"href":"https:\/\/digitalhistory.unite.it\/es\/wp-json\/wp\/v2\/users\/1"}],"replies":[{"embeddable":true,"href":"https:\/\/digitalhistory.unite.it\/es\/wp-json\/wp\/v2\/comments?post=6730"}],"version-history":[{"count":2,"href":"https:\/\/digitalhistory.unite.it\/es\/wp-json\/wp\/v2\/pages\/6730\/revisions"}],"predecessor-version":[{"id":11879,"href":"https:\/\/digitalhistory.unite.it\/es\/wp-json\/wp\/v2\/pages\/6730\/revisions\/11879"}],"up":[{"embeddable":true,"href":"https:\/\/digitalhistory.unite.it\/es\/wp-json\/wp\/v2\/pages\/5914"}],"wp:attachment":[{"href":"https:\/\/digitalhistory.unite.it\/es\/wp-json\/wp\/v2\/media?parent=6730"}],"curies":[{"name":"wp","href":"https:\/\/api.w.org\/{rel}","templated":true}]}}