{"id":6732,"date":"2021-08-20T00:03:55","date_gmt":"2021-08-19T22:03:55","guid":{"rendered":"https:\/\/digitalhistory.unite.it\/selecchy\/"},"modified":"2021-11-23T15:28:46","modified_gmt":"2021-11-23T14:28:46","slug":"selecchy","status":"publish","type":"page","link":"https:\/\/digitalhistory.unite.it\/es\/temas\/conservatorios\/selecchy\/","title":{"rendered":"El Miserere de Selecchy"},"content":{"rendered":"<h1>El Miserere de Selecchy <\/h1>\n<div class=\"testo\">\n<p style=\"text-align: justify\"><img loading=\"lazy\" decoding=\"async\" src=\"https:\/\/digitalhistory.unite.it\/wp-content\/uploads\/2021\/08\/6_226x362.jpg\" width=\"226\" height=\"362\" alt=\"Selecchy\" align=\"left\"><\/p>\n<p style=\"text-align: justify\">MISERERE MEI DEUS , salmo 50<\/p>\n<p style=\"text-align: justify\">Saverio Selecchy (1708-1788) para Coro, Orquesta y \u00d3rgano<\/p>\n<p style=\"text-align: justify\">Saverio Selecchy (<a href=\"\/es\/temas\/fiestas-y-rituales\/la-semana-santa-en-los-abruzos\/chieti\/\" title=\"Chieti\">Chieti<\/a>, 1708-1788), m\u00fasico sacro teatino, maestro de capilla, que compuso una gran cantidad de m\u00fasica sacra. El Miserere en sol menor (<a href=\"https:\/\/digitalhistory.unite.it\/wp-content\/uploads\/attachments\/il_miserere_di_selecchy.mp3\" target=\"_blank\" rel=\"noopener\">escuchar<\/a>), compuesto en 1767, es sin duda el elemento m\u00e1s llamativo de toda la <a href=\"\/es\/temas\/fiestas-y-rituales\/la-semana-santa-en-los-abruzos\/la-procesion-del-viernes-santo-en-chieti\/\" title=\"La Procesi\u00f3n del Viernes Santo en Chieti\">Procesi\u00f3n del Viernes Santo en Chieti<\/a>. Es el salmo b\u00edblico 50, tradicionalmente atribuido a David. Consta de una composici\u00f3n para tres voces iguales para un coro de hombres, que se repite en todos los versos del salmo. Su ejecuci\u00f3n est\u00e1 a cargo de un coro de 150 cantantes, entre tenores, bar\u00edtonos, bajos y una orquesta de cuerdas con 20 violines. Estas notas penetran tanto en el alma de los Teatinos, que cada a\u00f1o la Procesi\u00f3n del Cristo Muerto con el coro y la orquesta desfilan ante la atenta y conmovida mirada de la multitud en silencio absoluto. El Miserere acompa\u00f1a desde 1954 a la procesi\u00f3n del Viernes Santo de Chieti y representa el canto del dolor, la solicitud de la misericordia a Dios por parte del hombre fr\u00e1gil, la m\u00e1s conmovedora de las oraciones compuestas por David en el exilio. En el Salmo suplica el perd\u00f3n de los pecados, confiesa su culpa e implora la gracia renovadora por medio de la purificaci\u00f3n. Esta es el ennoblecimiento de la efusi\u00f3n natural, la laude, caracter\u00edstica de la Italia central medieval, cuyo m\u00e1ximo exponente fue Jacopone da Todi. Sus notas preanuncian desde lejos el evento sagrado y poco a poco la procesi\u00f3n avanza por el sugestivo centro hist\u00f3rico, el potente canto del coro llega a estremecer cada coraz\u00f3n, transformando cada a\u00f1o a los espectadores pasivos en actores protagonistas del drama.<\/p>\n<p style=\"text-align: justify\"><a href=\"\/es\/temas\/conservatorios\/el-miserere\/\" title=\"El Miserere\">&lt;&lt;&lt;&#8212;p\u00e1gina precedente<\/a><span>&nbsp;&nbsp;&nbsp;<\/span> <a href=\"\/es\/temas\/conservatorios\/alessandro-scarlatti\/\" title=\"Alessandro Scarlatti\">p\u00e1gina siguiente&#8212;&gt;&gt;&gt;<\/a><a href=\"\/es\/temas\/conservatorios\/santa-maria-de-loreto\/\" title=\"Santa Maria de Loreto\"><\/a><\/p>\n<\/p><\/div>\n<p><\/p>\n","protected":false},"excerpt":{"rendered":"<p>El Miserere de Selecchy MISERERE MEI DEUS , salmo 50 Saverio Selecchy (1708-1788) para Coro, Orquesta y \u00d3rgano Saverio Selecchy (Chieti, 1708-1788), m\u00fasico sacro teatino, maestro de capilla, que compuso una gran cantidad de m\u00fasica sacra. El Miserere en sol menor (escuchar), compuesto en 1767,&hellip;<\/p>\n","protected":false},"author":1,"featured_media":0,"parent":5914,"menu_order":0,"comment_status":"closed","ping_status":"closed","template":"","meta":{"footnotes":""},"class_list":["post-6732","page","type-page","status-publish","hentry"],"_links":{"self":[{"href":"https:\/\/digitalhistory.unite.it\/es\/wp-json\/wp\/v2\/pages\/6732","targetHints":{"allow":["GET"]}}],"collection":[{"href":"https:\/\/digitalhistory.unite.it\/es\/wp-json\/wp\/v2\/pages"}],"about":[{"href":"https:\/\/digitalhistory.unite.it\/es\/wp-json\/wp\/v2\/types\/page"}],"author":[{"embeddable":true,"href":"https:\/\/digitalhistory.unite.it\/es\/wp-json\/wp\/v2\/users\/1"}],"replies":[{"embeddable":true,"href":"https:\/\/digitalhistory.unite.it\/es\/wp-json\/wp\/v2\/comments?post=6732"}],"version-history":[{"count":2,"href":"https:\/\/digitalhistory.unite.it\/es\/wp-json\/wp\/v2\/pages\/6732\/revisions"}],"predecessor-version":[{"id":11872,"href":"https:\/\/digitalhistory.unite.it\/es\/wp-json\/wp\/v2\/pages\/6732\/revisions\/11872"}],"up":[{"embeddable":true,"href":"https:\/\/digitalhistory.unite.it\/es\/wp-json\/wp\/v2\/pages\/5914"}],"wp:attachment":[{"href":"https:\/\/digitalhistory.unite.it\/es\/wp-json\/wp\/v2\/media?parent=6732"}],"curies":[{"name":"wp","href":"https:\/\/api.w.org\/{rel}","templated":true}]}}