{"id":6733,"date":"2021-08-20T00:03:55","date_gmt":"2021-08-19T22:03:55","guid":{"rendered":"https:\/\/digitalhistory.unite.it\/alessandro-scarlatti\/"},"modified":"2021-11-23T17:45:10","modified_gmt":"2021-11-23T16:45:10","slug":"alessandro-scarlatti","status":"publish","type":"page","link":"https:\/\/digitalhistory.unite.it\/es\/temas\/conservatorios\/alessandro-scarlatti\/","title":{"rendered":"Alessandro Scarlatti"},"content":{"rendered":"<h1>Alessandro Scarlatti <\/h1>\n<div class=\"testo\">\n<p style=\"text-align: justify\"><img loading=\"lazy\" decoding=\"async\" src=\"https:\/\/digitalhistory.unite.it\/wp-content\/uploads\/2021\/08\/alessandro-scarlatti_226x298.jpg\" width=\"226\" height=\"298\" alt=\"Alessandro Scarlatti\" align=\"left\">Alessandro Scarlatti (<a href=\"\/es\/territorios\/itinerarios-internacionales\/los-genoveses-entre-italia-y-espana-en-epoca-barroca\/una-comunidad-rica-y-potente\/palermo\/\" title=\"Palermo\">Palermo<\/a>, 12 de mayo de 1660 &#8211; <a href=\"\/es\/territorios\/itinerarios-urbanos\/lecce\/plaza-de-san-oronzo\/napoles\/\" title=\"N\u00e1poles\">N\u00e1poles<\/a>, 24 de octubre de 1725) fue un compositor italiano de m\u00fasica barroca, particularmente famoso por sus obras. En la \u00f3pera, se le considera uno de los fundadores de la gran escuela napolitana de m\u00fasica. Nacido en Palermo, fue el padre de Domenico Scarlatti y de Pietro Filippo Scarlatti y el hermano mayor de Francesco Scarlatti.<\/p>\n<p style=\"text-align: justify\">&#8220;Alessandro Scarlatti es un gran hombre, y para ser tan bueno, resulta malo porque sus composiciones son tan dif\u00edciles, que en teatro quien entienda de contrapunto le estimar\u00e1; pero en una audiencia de un teatro con miles de personas, no habr\u00e1 ni veinte que le entiendan&#8221;.<\/p>\n<p style=\"text-align: justify\">Por lo tanto, el conde Francesco Maria Zambeccari, astuto investigador de las costumbres musicales y cuidadoso interprete de los gustos del p\u00fablico contempor\u00e1neo, identific\u00f3, siendo el primero (1709), una de las principales razones que contribuyeron a la desaparici\u00f3n progresiva e inexorable del repertorio de casi toda la inmensa obra de Alessandro Scarlatti, es decir, la extrema complejidad formal que caracterizaba el lenguaje de un autor entregado a un estilo severo y riguroso, apoyado por la m\u00e1s s\u00f3lida doctrina contrapunt\u00edstica, aprendida inicialmente en Palermo, y posteriormente refinada en Roma, dominada por la figura de <a href=\"\/es\/temas\/conservatorios\/alessandro-scarlatti\/giacomo-carissimi\/\" title=\"Giacomo Carissimi\">Giacomo Carissimi<\/a> (1605 -1674), compositor con el que (seg\u00fan algunos estudiosos), el joven Alessandro habr\u00eda desarrollado un breve pero intenso per\u00edodo de aprendizaje durante los primeros meses de su estancia en la Ciudad Eterna. Ya en ese momento el m\u00fasico siciliano (que en 1678 hab\u00eda obtenido el cargo de maestro de capilla en la iglesia de San Jacobo de los Incurables) se distingu\u00eda por el sorprendente dominio de los recursos ret\u00f3ricos m\u00e1s complejos, que sab\u00edan profundizar en sus \u00f3peras sin separarlo de la sublime vena de melancol\u00eda que empezaba a ocultar la frescura de las melod\u00edas todav\u00eda recordadas por la influencia predominante de la escuela veneciana y Alessandro Stradella (1644-1682), protagonista de la m\u00fasica romana que estaba a punto de cerrar su desafortunada y romancesca par\u00e1bola del hombre y compositor en la lejana G\u00e9nova en manos de una asesino an\u00f3nimo.<\/p>\n<p style=\"text-align: justify\"><a href=\"\/es\/temas\/conservatorios\/selecchy\/\" title=\"Selecchy\">&lt;&lt;&lt;&#8212;p\u00e1gina precedente<\/a><span>&nbsp;&nbsp;&nbsp;<\/span> <a href=\"\/es\/temas\/conservatorios\/las-cuarenta-horas\/\" title=\"Las Cuarenta Horas\">p\u00e1gina siguiente&#8212;&gt;&gt;&gt;<\/a><a href=\"\/es\/temas\/conservatorios\/santa-maria-de-loreto\/\" title=\"Santa Maria de Loreto\"><\/a><\/p>\n<\/p><\/div>\n<p><\/p>\n","protected":false},"excerpt":{"rendered":"<p>Alessandro Scarlatti Alessandro Scarlatti (Palermo, 12 de mayo de 1660 &#8211; N\u00e1poles, 24 de octubre de 1725) fue un compositor italiano de m\u00fasica barroca, particularmente famoso por sus obras. En la \u00f3pera, se le considera uno de los fundadores de la gran escuela napolitana de&hellip;<\/p>\n","protected":false},"author":1,"featured_media":0,"parent":5914,"menu_order":0,"comment_status":"closed","ping_status":"closed","template":"","meta":{"footnotes":""},"class_list":["post-6733","page","type-page","status-publish","hentry"],"_links":{"self":[{"href":"https:\/\/digitalhistory.unite.it\/es\/wp-json\/wp\/v2\/pages\/6733","targetHints":{"allow":["GET"]}}],"collection":[{"href":"https:\/\/digitalhistory.unite.it\/es\/wp-json\/wp\/v2\/pages"}],"about":[{"href":"https:\/\/digitalhistory.unite.it\/es\/wp-json\/wp\/v2\/types\/page"}],"author":[{"embeddable":true,"href":"https:\/\/digitalhistory.unite.it\/es\/wp-json\/wp\/v2\/users\/1"}],"replies":[{"embeddable":true,"href":"https:\/\/digitalhistory.unite.it\/es\/wp-json\/wp\/v2\/comments?post=6733"}],"version-history":[{"count":2,"href":"https:\/\/digitalhistory.unite.it\/es\/wp-json\/wp\/v2\/pages\/6733\/revisions"}],"predecessor-version":[{"id":11863,"href":"https:\/\/digitalhistory.unite.it\/es\/wp-json\/wp\/v2\/pages\/6733\/revisions\/11863"}],"up":[{"embeddable":true,"href":"https:\/\/digitalhistory.unite.it\/es\/wp-json\/wp\/v2\/pages\/5914"}],"wp:attachment":[{"href":"https:\/\/digitalhistory.unite.it\/es\/wp-json\/wp\/v2\/media?parent=6733"}],"curies":[{"name":"wp","href":"https:\/\/api.w.org\/{rel}","templated":true}]}}