{"id":6736,"date":"2021-08-20T00:03:55","date_gmt":"2021-08-19T22:03:55","guid":{"rendered":"https:\/\/digitalhistory.unite.it\/la-vida-aristocratica-enepoca-barroca\/"},"modified":"2021-11-23T15:28:53","modified_gmt":"2021-11-23T14:28:53","slug":"la-vida-aristocratica-enepoca-barroca","status":"publish","type":"page","link":"https:\/\/digitalhistory.unite.it\/es\/temas\/residencias-nobiliarias\/la-vida-aristocratica-enepoca-barroca\/","title":{"rendered":"La vida aristocr\u00e1tica en \u00e9poca barroca"},"content":{"rendered":"<h1>La vida aristocr\u00e1tica en \u00e9poca barroca <\/h1>\n<div class=\"testo\">\n<p style=\"text-align: justify\">La vida aristocr\u00e1tica, durante la \u00e9poca barroca, presenta algunas caracter\u00edsticas comunes en casi toda Europa, que se pueden resumir de la siguiente forma:<\/p>\n<ol style=\"text-align: justify\">\n<li>la gran variedad de residencias en las que el arist\u00f3crata vive en algunos per\u00edodos del a\u00f1o: el palacio de la ciudad, la vivienda en su propio feudo, la villa en el campo o en otros lugares de veraneo, las residencias en los feudos u otras posesiones rurales.<\/li>\n<li>la centralidad conseguida, progresivamente, desde la residencia urbana, en la &#8220;capital&#8221;, que asegura una constante proximidad a los centros neur\u00e1lgicos del poder pol\u00edtico, econ\u00f3mico y religioso.<\/li>\n<li>la residencia vivida siempre m\u00e1s como un s\u00edmbolo de estatus que debe tener, entre sus caracter\u00edsticas distintivas, la majestuosidad, la grandeza, las funciones de representaci\u00f3n, pero tambi\u00e9n debe mostrar la atenci\u00f3n a la cultura y el arte y al mecenazgo de sus propietarios. En cada vivienda, por lo tanto, no pueden faltar las salas de recepci\u00f3n, las salas de fiestas, galer\u00edas de im\u00e1genes con los retratos de los antepasados, las capillas, las colecciones de arte, los establos y los refugios para las carrozas; los teatros, las bibliotecas; y, en el exterior, portales majestuosos coronados por el escudo de armas de la familia, balcones y ventanas, jardines y juegos de agua, etc.<\/li>\n<\/ol>\n<p style=\"text-align: justify\">A la variedad de residencias corresponden diversas funciones de edificios y el modo en que vive el arist\u00f3crata en el interior de ellas.<\/p>\n<p style=\"text-align: justify\"><a href=\"\/es\/temas\/residencias-nobiliarias\/\" title=\"Residencias nobiliarias\">&lt;&lt;&lt;&#8212;\u00cdndice<\/a><span>&nbsp;&nbsp;&nbsp;<\/span> <a href=\"\/es\/temas\/residencias-nobiliarias\/la-forma-de-vida-aristocratica-en-epoca-barroca\/la-morada-en-el-feudo\/\" title=\"La morada en el feudo\">p\u00e1gina siguiente&#8212;&gt;&gt;&gt;<\/a><a href=\"\/es\/temas\/conservatorios\/conservatorios\/\" title=\"Conservatorios\"><\/a><\/p>\n<p style=\"text-align: justify\">&nbsp;<\/p>\n<\/p><\/div>\n<p><\/p>\n","protected":false},"excerpt":{"rendered":"<p>La vida aristocr\u00e1tica en \u00e9poca barroca La vida aristocr\u00e1tica, durante la \u00e9poca barroca, presenta algunas caracter\u00edsticas comunes en casi toda Europa, que se pueden resumir de la siguiente forma: la gran variedad de residencias en las que el arist\u00f3crata vive en algunos per\u00edodos del a\u00f1o:&hellip;<\/p>\n","protected":false},"author":1,"featured_media":0,"parent":5915,"menu_order":0,"comment_status":"closed","ping_status":"closed","template":"","meta":{"footnotes":""},"class_list":["post-6736","page","type-page","status-publish","hentry"],"_links":{"self":[{"href":"https:\/\/digitalhistory.unite.it\/es\/wp-json\/wp\/v2\/pages\/6736","targetHints":{"allow":["GET"]}}],"collection":[{"href":"https:\/\/digitalhistory.unite.it\/es\/wp-json\/wp\/v2\/pages"}],"about":[{"href":"https:\/\/digitalhistory.unite.it\/es\/wp-json\/wp\/v2\/types\/page"}],"author":[{"embeddable":true,"href":"https:\/\/digitalhistory.unite.it\/es\/wp-json\/wp\/v2\/users\/1"}],"replies":[{"embeddable":true,"href":"https:\/\/digitalhistory.unite.it\/es\/wp-json\/wp\/v2\/comments?post=6736"}],"version-history":[{"count":2,"href":"https:\/\/digitalhistory.unite.it\/es\/wp-json\/wp\/v2\/pages\/6736\/revisions"}],"predecessor-version":[{"id":11942,"href":"https:\/\/digitalhistory.unite.it\/es\/wp-json\/wp\/v2\/pages\/6736\/revisions\/11942"}],"up":[{"embeddable":true,"href":"https:\/\/digitalhistory.unite.it\/es\/wp-json\/wp\/v2\/pages\/5915"}],"wp:attachment":[{"href":"https:\/\/digitalhistory.unite.it\/es\/wp-json\/wp\/v2\/media?parent=6736"}],"curies":[{"name":"wp","href":"https:\/\/api.w.org\/{rel}","templated":true}]}}