{"id":6738,"date":"2021-08-20T00:03:55","date_gmt":"2021-08-19T22:03:55","guid":{"rendered":"https:\/\/digitalhistory.unite.it\/reestructuraciones-de-castillos-y-fortalezas\/"},"modified":"2021-11-23T15:28:53","modified_gmt":"2021-11-23T14:28:53","slug":"reestructuraciones-de-castillos-y-fortalezas","status":"publish","type":"page","link":"https:\/\/digitalhistory.unite.it\/es\/temas\/residencias-nobiliarias\/reestructuraciones-de-castillos-y-fortalezas\/","title":{"rendered":"Reestructuraciones de castillos y fortalezas"},"content":{"rendered":"<h1>Reestructuraciones de castillos y fortalezas <\/h1>\n<div class=\"testo\">\n<p style=\"text-align: justify\"><img loading=\"lazy\" decoding=\"async\" src=\"https:\/\/digitalhistory.unite.it\/wp-content\/uploads\/2021\/08\/1._conversano_252x169.jpg\" width=\"252\" height=\"169\" alt=\"Conversano\" align=\"left\">Muy a menudo los nobles heredaban viejos edificios, a menudo castillos o fortalezas de la Edad Media que se apresuran a renovar a trav\u00e9s de intervenciones arquitect\u00f3nicas, en las que la huella barroca, as\u00ed como actualizarlos, les hac\u00eda funcionales a las nuevas necesidades de las viviendas. De esta manera, se a\u00f1ad\u00edan imponentes fachadas, portales coronados por el escudo de armas de las familias, los balcones, revestimientos de m\u00e1rmol y otros materiales valiosos, escalinatas internas, patios; los interiores se ampliaron con grandes salas y habitaciones que se a\u00f1adieron. Otro elemento importante en la renovaci\u00f3n de edificios antiguos, era la creaci\u00f3n de jardines o paseos que conduc\u00edan a espacios abiertos, hacia el mar, los lagos, los bosques, con una gran atenci\u00f3n a los elementos naturales.<\/p>\n<p style=\"text-align: justify\"><a href=\"\/es\/temas\/residencias-nobiliarias\/la-forma-de-vida-aristocratica-en-epoca-barroca\/la-morada-en-el-feudo\/\" title=\"La morada en el feudo\">&lt;&lt;&lt;&#8212;p\u00e1gina precedente<\/a><span>&nbsp;&nbsp;&nbsp;<\/span> <a href=\"\/es\/temas\/residencias-nobiliarias\/la-forma-de-vida-aristocratica-en-epoca-barroca\/las-moradas-en-las-ciudades-capitales\/\" title=\"Las moradas en las ciudades capitales\">p\u00e1gina siguiente&#8212;&gt;&gt;&gt;<\/a><a href=\"\/es\/temas\/conservatorios\/santa-maria-de-loreto\/\" title=\"Santa Maria de Loreto\"><\/a><\/p>\n<\/p><\/div>\n<p><\/p>\n","protected":false},"excerpt":{"rendered":"<p>Reestructuraciones de castillos y fortalezas Muy a menudo los nobles heredaban viejos edificios, a menudo castillos o fortalezas de la Edad Media que se apresuran a renovar a trav\u00e9s de intervenciones arquitect\u00f3nicas, en las que la huella barroca, as\u00ed como actualizarlos, les hac\u00eda funcionales a&hellip;<\/p>\n","protected":false},"author":1,"featured_media":0,"parent":5915,"menu_order":0,"comment_status":"closed","ping_status":"closed","template":"","meta":{"footnotes":""},"class_list":["post-6738","page","type-page","status-publish","hentry"],"_links":{"self":[{"href":"https:\/\/digitalhistory.unite.it\/es\/wp-json\/wp\/v2\/pages\/6738","targetHints":{"allow":["GET"]}}],"collection":[{"href":"https:\/\/digitalhistory.unite.it\/es\/wp-json\/wp\/v2\/pages"}],"about":[{"href":"https:\/\/digitalhistory.unite.it\/es\/wp-json\/wp\/v2\/types\/page"}],"author":[{"embeddable":true,"href":"https:\/\/digitalhistory.unite.it\/es\/wp-json\/wp\/v2\/users\/1"}],"replies":[{"embeddable":true,"href":"https:\/\/digitalhistory.unite.it\/es\/wp-json\/wp\/v2\/comments?post=6738"}],"version-history":[{"count":2,"href":"https:\/\/digitalhistory.unite.it\/es\/wp-json\/wp\/v2\/pages\/6738\/revisions"}],"predecessor-version":[{"id":11949,"href":"https:\/\/digitalhistory.unite.it\/es\/wp-json\/wp\/v2\/pages\/6738\/revisions\/11949"}],"up":[{"embeddable":true,"href":"https:\/\/digitalhistory.unite.it\/es\/wp-json\/wp\/v2\/pages\/5915"}],"wp:attachment":[{"href":"https:\/\/digitalhistory.unite.it\/es\/wp-json\/wp\/v2\/media?parent=6738"}],"curies":[{"name":"wp","href":"https:\/\/api.w.org\/{rel}","templated":true}]}}