{"id":6739,"date":"2021-08-20T00:03:55","date_gmt":"2021-08-19T22:03:55","guid":{"rendered":"https:\/\/digitalhistory.unite.it\/las-moradas-en-las-ciudades-capitales\/"},"modified":"2021-11-23T15:28:53","modified_gmt":"2021-11-23T14:28:53","slug":"las-moradas-en-las-ciudades-capitales","status":"publish","type":"page","link":"https:\/\/digitalhistory.unite.it\/es\/temas\/residencias-nobiliarias\/las-moradas-en-las-ciudades-capitales\/","title":{"rendered":"Las moradas en las ciudades capitales"},"content":{"rendered":"<h1>Las moradas en las ciudades capitales <\/h1>\n<div class=\"testo\">\n<p style=\"text-align: justify\"><img loading=\"lazy\" decoding=\"async\" src=\"https:\/\/digitalhistory.unite.it\/wp-content\/uploads\/2021\/08\/449px-napoli_-_palazzo_ruffo_di_bagnara_147x196.jpg\" width=\"147\" height=\"196\" alt=\"Ruffo di Bagnara\" align=\"left\">Con la aparici\u00f3n o el crecimiento de las ciudades capitales, se difundi\u00f3 una pr\u00e1ctica com\u00fan entre los arist\u00f3cratas; la de comprar una casa en la ciudad y residir en diversos meses del a\u00f1o. En el <a href=\"\/es\/territorios\/itinerarios-urbanos\/lecce\/otros-restos\/reino-de-napoles\/\" title=\"Reino de N\u00e1poles\">Reino de N\u00e1poles<\/a>, el fen\u00f3meno se impuso en el siglo XVI y la segunda mitad del siglo XVII, cuando casi todos los grandes nobles del reino ten\u00edan su residencia en <a href=\"\/es\/territorios\/itinerarios-urbanos\/lecce\/plaza-de-san-oronzo\/napoles\/\" title=\"N\u00e1poles\">N\u00e1poles<\/a>, en las calles principales, cerca de los lugares de poder. La casa en la ciudad se convirti\u00f3 en un verdadero s\u00edmbolo de estatus, y las formas de competencia entre la aristocracia llevaron a que cada hogar deb\u00eda ser m\u00e1s ostentoso, rico y grande que los otros y deb\u00eda ser construido por los m\u00e1s grandes arquitectos de la \u00e9poca. En el siglo XVIII los nobles viv\u00edan, ya de manera estable, en la capital en suntuosos palacios barrocos.<\/p>\n<p style=\"text-align: justify\"><a href=\"\/es\/temas\/residencias-nobiliarias\/la-forma-de-vida-aristocratica-en-epoca-barroca\/reestructuraciones-de-castillos-y-fortalezas\/\" title=\"Reestructuraciones de castillos y fortalezas\">&lt;&lt;&lt;&#8212;p\u00e1gina precedente<\/a><span>&nbsp;&nbsp;&nbsp;<\/span> <a href=\"\/es\/temas\/residencias-nobiliarias\/la-forma-de-vida-aristocratica-en-epoca-barroca\/las-villas-extramuros\/\" title=\"Las villas extramuros\">p\u00e1gina siguiente&#8212;&gt;&gt;&gt;<\/a><a href=\"\/es\/temas\/conservatorios\/santa-maria-de-loreto\/\" title=\"Santa Maria de Loreto\"><\/a><\/p>\n<\/p><\/div>\n<p><\/p>\n","protected":false},"excerpt":{"rendered":"<p>Las moradas en las ciudades capitales Con la aparici\u00f3n o el crecimiento de las ciudades capitales, se difundi\u00f3 una pr\u00e1ctica com\u00fan entre los arist\u00f3cratas; la de comprar una casa en la ciudad y residir en diversos meses del a\u00f1o. En el Reino de N\u00e1poles, el&hellip;<\/p>\n","protected":false},"author":1,"featured_media":0,"parent":5915,"menu_order":0,"comment_status":"closed","ping_status":"closed","template":"","meta":{"footnotes":""},"class_list":["post-6739","page","type-page","status-publish","hentry"],"_links":{"self":[{"href":"https:\/\/digitalhistory.unite.it\/es\/wp-json\/wp\/v2\/pages\/6739","targetHints":{"allow":["GET"]}}],"collection":[{"href":"https:\/\/digitalhistory.unite.it\/es\/wp-json\/wp\/v2\/pages"}],"about":[{"href":"https:\/\/digitalhistory.unite.it\/es\/wp-json\/wp\/v2\/types\/page"}],"author":[{"embeddable":true,"href":"https:\/\/digitalhistory.unite.it\/es\/wp-json\/wp\/v2\/users\/1"}],"replies":[{"embeddable":true,"href":"https:\/\/digitalhistory.unite.it\/es\/wp-json\/wp\/v2\/comments?post=6739"}],"version-history":[{"count":2,"href":"https:\/\/digitalhistory.unite.it\/es\/wp-json\/wp\/v2\/pages\/6739\/revisions"}],"predecessor-version":[{"id":11943,"href":"https:\/\/digitalhistory.unite.it\/es\/wp-json\/wp\/v2\/pages\/6739\/revisions\/11943"}],"up":[{"embeddable":true,"href":"https:\/\/digitalhistory.unite.it\/es\/wp-json\/wp\/v2\/pages\/5915"}],"wp:attachment":[{"href":"https:\/\/digitalhistory.unite.it\/es\/wp-json\/wp\/v2\/media?parent=6739"}],"curies":[{"name":"wp","href":"https:\/\/api.w.org\/{rel}","templated":true}]}}