{"id":6740,"date":"2021-08-20T00:03:55","date_gmt":"2021-08-19T22:03:55","guid":{"rendered":"https:\/\/digitalhistory.unite.it\/las-villas-extramuros\/"},"modified":"2021-11-23T15:28:53","modified_gmt":"2021-11-23T14:28:53","slug":"las-villas-extramuros","status":"publish","type":"page","link":"https:\/\/digitalhistory.unite.it\/es\/temas\/residencias-nobiliarias\/las-villas-extramuros\/","title":{"rendered":"Las villas extramuros"},"content":{"rendered":"<h1>Las villas extramuros <\/h1>\n<div class=\"testo\">\n<p style=\"text-align: justify\"><img loading=\"lazy\" decoding=\"async\" src=\"https:\/\/digitalhistory.unite.it\/wp-content\/uploads\/2021\/08\/campolieto_251x188.jpg\" width=\"251\" height=\"188\" alt=\"Campolieto\" align=\"left\">La pr\u00e1ctica de la construcci\u00f3n de villas extramuros o extraurbanas, presente en diferentes zonas de Italia durante el Renacimiento (por ejemplo, en el V\u00e9neto), tuvo un lento y dif\u00edcil proceso de reafirmaci\u00f3n en el <a href=\"\/es\/territorios\/itinerarios-urbanos\/lecce\/otros-restos\/reino-de-napoles\/\" title=\"Reino de N\u00e1poles\">Reino de N\u00e1poles<\/a>. S\u00f3lo a partir de la segunda mitad del siglo XVII, la villa napolitana fuera de la ciudad, como un lugar de descanso, se convirti\u00f3 en un verdadero s\u00edmbolo de estatus de la aristocracia del reino. Construidas fuera del centro urbano m\u00e1s antiguo, se construyeron, en un principio sobre todo en el barrio de Posillipo, luego se trasladaron, a finales de la dominaci\u00f3n espa\u00f1ola, y especialmente a lo largo del siglo XVIII, sobre las laderas del Monte Vesubio, en la nueva carretera de Calabria &#8211; que era una arteria principal que un\u00eda <a href=\"\/es\/territorios\/itinerarios-urbanos\/lecce\/plaza-de-san-oronzo\/napoles\/\" title=\"N\u00e1poles\">N\u00e1poles<\/a>, Salerno y Reggio Calabria -. No es casual, de hecho, que los Ruffo di Bagnara, entre los m\u00e1s grandes se\u00f1ores de Calabria, se encontrasen entre los primeros arist\u00f3cratas que, una vez que se establecieron en N\u00e1poles, introdujeron la moda de las viviendas extraurbanas, construyendo un impresionante edificio en Portici.<\/p>\n<p style=\"text-align: justify\"><a href=\"\/es\/temas\/residencias-nobiliarias\/la-forma-de-vida-aristocratica-en-epoca-barroca\/las-moradas-en-las-ciudades-capitales\/\" title=\"Las moradas en las ciudades capitales\">&lt;&lt;&lt;&#8212;p\u00e1gina precedente<\/a><span>&nbsp;&nbsp;&nbsp;<\/span> <a href=\"\/es\/temas\/residencias-nobiliarias\/la-forma-de-vida-aristocratica-en-epoca-barroca\/las-residencias-rurales-y-las-casas-de-caza\/\" title=\"Las residencias rurales y las casas de caza\">p\u00e1gina siguiente&#8212;&gt;&gt;&gt;<\/a><a href=\"\/es\/temas\/conservatorios\/santa-maria-de-loreto\/\" title=\"Santa Maria de Loreto\"><\/a><\/p>\n<\/p><\/div>\n<p><\/p>\n","protected":false},"excerpt":{"rendered":"<p>Las villas extramuros La pr\u00e1ctica de la construcci\u00f3n de villas extramuros o extraurbanas, presente en diferentes zonas de Italia durante el Renacimiento (por ejemplo, en el V\u00e9neto), tuvo un lento y dif\u00edcil proceso de reafirmaci\u00f3n en el Reino de N\u00e1poles. S\u00f3lo a partir de la&hellip;<\/p>\n","protected":false},"author":1,"featured_media":0,"parent":5915,"menu_order":0,"comment_status":"closed","ping_status":"closed","template":"","meta":{"footnotes":""},"class_list":["post-6740","page","type-page","status-publish","hentry"],"_links":{"self":[{"href":"https:\/\/digitalhistory.unite.it\/es\/wp-json\/wp\/v2\/pages\/6740","targetHints":{"allow":["GET"]}}],"collection":[{"href":"https:\/\/digitalhistory.unite.it\/es\/wp-json\/wp\/v2\/pages"}],"about":[{"href":"https:\/\/digitalhistory.unite.it\/es\/wp-json\/wp\/v2\/types\/page"}],"author":[{"embeddable":true,"href":"https:\/\/digitalhistory.unite.it\/es\/wp-json\/wp\/v2\/users\/1"}],"replies":[{"embeddable":true,"href":"https:\/\/digitalhistory.unite.it\/es\/wp-json\/wp\/v2\/comments?post=6740"}],"version-history":[{"count":2,"href":"https:\/\/digitalhistory.unite.it\/es\/wp-json\/wp\/v2\/pages\/6740\/revisions"}],"predecessor-version":[{"id":11945,"href":"https:\/\/digitalhistory.unite.it\/es\/wp-json\/wp\/v2\/pages\/6740\/revisions\/11945"}],"up":[{"embeddable":true,"href":"https:\/\/digitalhistory.unite.it\/es\/wp-json\/wp\/v2\/pages\/5915"}],"wp:attachment":[{"href":"https:\/\/digitalhistory.unite.it\/es\/wp-json\/wp\/v2\/media?parent=6740"}],"curies":[{"name":"wp","href":"https:\/\/api.w.org\/{rel}","templated":true}]}}