{"id":6741,"date":"2021-08-20T00:03:56","date_gmt":"2021-08-19T22:03:56","guid":{"rendered":"https:\/\/digitalhistory.unite.it\/las-residencias-rurales-y-las-casas-de-caza\/"},"modified":"2021-11-23T15:28:53","modified_gmt":"2021-11-23T14:28:53","slug":"las-residencias-rurales-y-las-casas-de-caza","status":"publish","type":"page","link":"https:\/\/digitalhistory.unite.it\/es\/temas\/residencias-nobiliarias\/las-residencias-rurales-y-las-casas-de-caza\/","title":{"rendered":"Las residencias rurales y las casas de caza"},"content":{"rendered":"<h1>Las residencias rurales y las casas de caza <\/h1>\n<div class=\"testo\">\n<p style=\"text-align: justify\"><img loading=\"lazy\" decoding=\"async\" src=\"https:\/\/digitalhistory.unite.it\/wp-content\/uploads\/2021\/08\/9._marchione_253x168.jpg\" width=\"253\" height=\"168\" alt=\"Marchione\" align=\"left\">Estas residencias donde la aristocracia se deten\u00eda durante periodos bastante cortos y en los que, en cambio, resid\u00edan de forma permanente los administradores y los procuradores, estaban dentro de las vastas tierras del Se\u00f1or, que aqu\u00ed se deten\u00eda para comprobar el rendimiento econ\u00f3mico, la producci\u00f3n, el trabajo en los campos; a veces, cuando estas casas estaban en zonas de bosque, el noble propietario se deten\u00eda m\u00e1s frecuentemente, para tambi\u00e9n participar en el que se convirti\u00f3 en uno de los mayores pasatiempos de la aristocracia europea; la caza, siempre practicada por los reyes y nobles de toda Europa, pero que, desde mediados del siglo XVI, experiment\u00f3 un verdadero boom. Entre los siglos XVI y XVII, de hecho, en la vida del aristocr\u00e1tico europeo mayor espacio y dignidad estaba reservada para el ocio, el tiempo libre, que ten\u00eda momentos precisos a lo largo del a\u00f1o y los lugares precisos y la caza se fue reafirmando cada vez m\u00e1s en una actividad recreativa privilegiada.<\/p>\n<p style=\"text-align: justify\">Qui\u00e9n pose\u00eda feudos en lugares boscosos y salvajes, constru\u00eda viviendas <em>ad hoc<\/em>, las llamadas &#8220;casas o casetas de caza&#8221;; quien no ten\u00eda feudos en las \u00e1reas adecuadas trataba de adquirir otros nuevos. La casetas de caza, lejos de ser simples refugios y lugares para detenerse durante la fatiga de las batidas de caza, como lo fueron hasta el siglo XVI, se convirtieron en edificios representativos, embellecidos o construidos seg\u00fan el estilo barroco y que respond\u00edan a funciones espec\u00edficas: hab\u00eda espacios para las cuadras, las casetas de los perros de caza, aqu\u00ed a menudo, se criaban caballos que terminaron proporcionando, en algunos casos, una actividad econ\u00f3mica importante, pero la casa ten\u00eda que tener habitaciones grandes para hospedar a los distinguidos hu\u00e9spedes del propietario que participaban en las cacer\u00edas, salones para las fiestas nocturnas, capillas para el culto; e incluso las pinturas, frescos, esculturas que recordaban la actividad de caza, con referencia al dios cl\u00e1sico de la caza, o episodios mitol\u00f3gicos o b\u00edblicos sobre el tema. Estos edificios encontraron su m\u00e1xima expresi\u00f3n en el <a href=\"\/es\/territorios\/itinerarios-urbanos\/lecce\/otros-restos\/reino-de-napoles\/\" title=\"Reino de N\u00e1poles\">Reino de N\u00e1poles<\/a>, en el siglo XVIII, gracias a la pasi\u00f3n de <a href=\"\/es\/territorios\/itinerarios-urbanos\/napoles-y-el-cardinal-ascanio-filomarino\/el-palacio-real\/carlos-iii-de-borbon\/\" title=\"Carlos III de Borb\u00f3n\">Carlos III de Borb\u00f3n<\/a> y de su hijo <a href=\"#\" class=\"tooltip yellow-tooltip\">Fernando IV<span>Hijo de Carlos III de Borb\u00f3n (1716-1788) y de Mar\u00eda Amalia de Sajonia (1724-1760), Fernando (1751-1825) fue rey de Sicilia del 1759 al 1816, como Fernando III, y rey de N\u00e1poles del 1759 al 1799, con el nombre de Fernando IV. Tras un breve par\u00e9ntesis de la Rep\u00fablica napolitana, volvi\u00f3 al trono de N\u00e1poles en ese mismo a\u00f1o (1799) hasta 1806. Tras la derrota de Napole\u00f3n Bonaparte y las decisiones tomadas en el Congreso de Viena, Fernando se convirti\u00f3 en el primer rey del reino de las Dos Sicilias (Fernando I), de 1816 a 1825.<\/span><\/a> por la caza: los reyes Borbones adquirieron, entonces, numerosas haciendas donde construyeron una gran cantidad de casas de caza llamadas &#8220;caccette&#8221;, dispersas por todo el territorio del Reino de N\u00e1poles y <a href=\"\/es\/territorios\/itinerarios-regionales\/guerra-de-santos\/religiosidad-conflictiva\/reino-de-sicilia\/\" title=\"Reino de Sicilia\">Sicilia<\/a>, edificios de valor arquitect\u00f3nico considerable, a veces de imponente extensi\u00f3n.<\/p>\n<p style=\"text-align: justify\"><a href=\"\/es\/temas\/residencias-nobiliarias\/la-forma-de-vida-aristocratica-en-epoca-barroca\/las-villas-extramuros\/\" title=\"Las villas extramuros\">&lt;&lt;&lt;&#8212;p\u00e1gina precedente<\/a><span>&nbsp;&nbsp;&nbsp;<\/span> <a href=\"\/es\/temas\/residencias-nobiliarias\/\" title=\"Residencias nobiliarias\">\u00cdndice&#8212;&gt;&gt;&gt;<\/a><a href=\"\/es\/territorios\/itinerarios-urbanos\/\" title=\"Itinerarios urbanos\"><\/a><\/p>\n<\/p><\/div>\n<p><\/p>\n","protected":false},"excerpt":{"rendered":"<p>Las residencias rurales y las casas de caza Estas residencias donde la aristocracia se deten\u00eda durante periodos bastante cortos y en los que, en cambio, resid\u00edan de forma permanente los administradores y los procuradores, estaban dentro de las vastas tierras del Se\u00f1or, que aqu\u00ed se&hellip;<\/p>\n","protected":false},"author":1,"featured_media":0,"parent":5915,"menu_order":0,"comment_status":"closed","ping_status":"closed","template":"","meta":{"footnotes":""},"class_list":["post-6741","page","type-page","status-publish","hentry"],"_links":{"self":[{"href":"https:\/\/digitalhistory.unite.it\/es\/wp-json\/wp\/v2\/pages\/6741","targetHints":{"allow":["GET"]}}],"collection":[{"href":"https:\/\/digitalhistory.unite.it\/es\/wp-json\/wp\/v2\/pages"}],"about":[{"href":"https:\/\/digitalhistory.unite.it\/es\/wp-json\/wp\/v2\/types\/page"}],"author":[{"embeddable":true,"href":"https:\/\/digitalhistory.unite.it\/es\/wp-json\/wp\/v2\/users\/1"}],"replies":[{"embeddable":true,"href":"https:\/\/digitalhistory.unite.it\/es\/wp-json\/wp\/v2\/comments?post=6741"}],"version-history":[{"count":2,"href":"https:\/\/digitalhistory.unite.it\/es\/wp-json\/wp\/v2\/pages\/6741\/revisions"}],"predecessor-version":[{"id":11944,"href":"https:\/\/digitalhistory.unite.it\/es\/wp-json\/wp\/v2\/pages\/6741\/revisions\/11944"}],"up":[{"embeddable":true,"href":"https:\/\/digitalhistory.unite.it\/es\/wp-json\/wp\/v2\/pages\/5915"}],"wp:attachment":[{"href":"https:\/\/digitalhistory.unite.it\/es\/wp-json\/wp\/v2\/media?parent=6741"}],"curies":[{"name":"wp","href":"https:\/\/api.w.org\/{rel}","templated":true}]}}