{"id":6742,"date":"2021-08-20T00:03:56","date_gmt":"2021-08-19T22:03:56","guid":{"rendered":"https:\/\/digitalhistory.unite.it\/la-familia-ruffo\/"},"modified":"2021-11-23T15:28:51","modified_gmt":"2021-11-23T14:28:51","slug":"la-familia-ruffo","status":"publish","type":"page","link":"https:\/\/digitalhistory.unite.it\/es\/temas\/residencias-nobiliarias\/ruffo\/la-familia-ruffo\/","title":{"rendered":"La familia Ruffo"},"content":{"rendered":"<h1>La familia Ruffo <\/h1>\n<div class=\"testo\">\n<p style=\"text-align: justify\"><img loading=\"lazy\" decoding=\"async\" src=\"https:\/\/digitalhistory.unite.it\/wp-content\/uploads\/2021\/08\/stemma_ruffo_253x232.jpg\" width=\"253\" height=\"232\" alt=\"Stemma Ruffo\" align=\"left\">Antigua y noble familia de Calabria, de los Ruffo di <a href=\"\/es\/temas\/residencias-nobiliarias\/ruffo\/la-familia-ruffo\/bagnara\/\" title=\"Bagnara\">Bagnara<\/a> se tienen noticias desde el siglo XI, cuando ayudaron a Felipe y Enrique en la conquista normanda de Basilicata y de la Terra d&#8217;Otranto. En el siglo XIII, la familia continu\u00f3 con los se\u00f1ores de Sinopoli, descendientes de Fulco (siglo XIII), poeta en la corte de Federico II, y se dividieron en Ruffo di Scilla (pr\u00edncipes en 1578) y Ruffo di Bagnara (duques en 1603 y pr\u00edncipes en 1644), cuyo fundador fue Esa\u00f9 (\u00bf -1510), se\u00f1or de Bagnara en 1484, y Gran Canciller del <a href=\"\/es\/territorios\/itinerarios-urbanos\/lecce\/otros-restos\/reino-de-napoles\/\" title=\"Reino de N\u00e1poles\">Reino de N\u00e1poles<\/a>. Durante siglos, la familia llev\u00f3 &#8220;una estrategia de consolidaci\u00f3n patrimonial y de presencia en el territorio que la distingue bastante del resto de grandes familias del Reino. A diferencia de la mayor parte de la nobleza meridional, los Ruffo, de hecho, siempre mostraron una permanente ra\u00edz local&#8221;, con el objetivo de engrandecerse en Calabria y Sicilia, y s\u00f3lo a finales del siglo XVII, se unieron al patriciado napolitano con la inscripci\u00f3n al <a href=\"#\" class=\"tooltip yellow-tooltip\">Seggio di Capuana<span>La nobleza napolitana se divid\u00eda en edad moderna en cinco plazas o seggi: Capuana, Montagna, Nido, Portanova y Porto. Los representantes de las cinco plazas, junto a la elecci\u00f3n de la plaza popular, formaban el Tribunal de San Lorenzo, que gobernaba la ciudad.<\/span><\/a>. Al mismo tiempo, cambiaron de estrategia y comenzaron a expandirse en Terra di Lavoro, Principato y Molise, comenzando a realizar importantes inversiones, especialmente en <a href=\"\/es\/territorios\/itinerarios-urbanos\/lecce\/plaza-de-san-oronzo\/napoles\/\" title=\"N\u00e1poles\">N\u00e1poles<\/a>, donde construyeron palacios de lujo y villas. Muchos de los sitios calabreses de los Ruffo sufrieron graves da\u00f1os por los terremotos de 1783 y 1908, por lo tanto, s\u00f3lo unos pocos edificios han conservado los elementos arquitect\u00f3nicos originales.<\/p>\n<p style=\"text-align: justify\">El itinerario que combina sus inmensas posesiones se extiende entonces sobre un largo y no siempre f\u00e1cil camino, a partir de la costa sur de Calabria, donde se hab\u00eda formado el n\u00facleo m\u00e1s importante del poder de los Ruffo, tocando ciudades en Molise, Basilicata y Campania y, finalmente, hasta llegar a N\u00e1poles.<\/p>\n<p style=\"text-align: justify\"><a href=\"\/es\/temas\/residencias-nobiliarias\/\" title=\"Residencias nobiliarias\">&lt;&lt;&lt;&#8212;\u00cdndice<\/a><span>&nbsp;&nbsp;&nbsp;<\/span> <span>&nbsp;<\/span> <a href=\"\/es\/temas\/residencias-nobiliarias\/ruffo\/bagnara\/\" title=\"Bagnara\">p\u00e1gina siguiente&#8212;&gt;&gt;&gt;<\/a><a href=\"\/es\/temas\/residencias-nobiliarias\/la-forma-de-vida-aristocratica-en-epoca-barroca\/la-morada-en-el-feudo\/\" title=\"La morada en el feudo\"><\/a><\/p>\n<\/p><\/div>\n<p><\/p>\n","protected":false},"excerpt":{"rendered":"<p>La familia Ruffo Antigua y noble familia de Calabria, de los Ruffo di Bagnara se tienen noticias desde el siglo XI, cuando ayudaron a Felipe y Enrique en la conquista normanda de Basilicata y de la Terra d&#8217;Otranto. En el siglo XIII, la familia continu\u00f3&hellip;<\/p>\n","protected":false},"author":1,"featured_media":0,"parent":7606,"menu_order":0,"comment_status":"closed","ping_status":"closed","template":"","meta":{"footnotes":""},"class_list":["post-6742","page","type-page","status-publish","hentry"],"_links":{"self":[{"href":"https:\/\/digitalhistory.unite.it\/es\/wp-json\/wp\/v2\/pages\/6742","targetHints":{"allow":["GET"]}}],"collection":[{"href":"https:\/\/digitalhistory.unite.it\/es\/wp-json\/wp\/v2\/pages"}],"about":[{"href":"https:\/\/digitalhistory.unite.it\/es\/wp-json\/wp\/v2\/types\/page"}],"author":[{"embeddable":true,"href":"https:\/\/digitalhistory.unite.it\/es\/wp-json\/wp\/v2\/users\/1"}],"replies":[{"embeddable":true,"href":"https:\/\/digitalhistory.unite.it\/es\/wp-json\/wp\/v2\/comments?post=6742"}],"version-history":[{"count":2,"href":"https:\/\/digitalhistory.unite.it\/es\/wp-json\/wp\/v2\/pages\/6742\/revisions"}],"predecessor-version":[{"id":11922,"href":"https:\/\/digitalhistory.unite.it\/es\/wp-json\/wp\/v2\/pages\/6742\/revisions\/11922"}],"up":[{"embeddable":true,"href":"https:\/\/digitalhistory.unite.it\/es\/wp-json\/wp\/v2\/pages\/7606"}],"wp:attachment":[{"href":"https:\/\/digitalhistory.unite.it\/es\/wp-json\/wp\/v2\/media?parent=6742"}],"curies":[{"name":"wp","href":"https:\/\/api.w.org\/{rel}","templated":true}]}}