{"id":6743,"date":"2021-08-20T00:03:56","date_gmt":"2021-08-19T22:03:56","guid":{"rendered":"https:\/\/digitalhistory.unite.it\/bagnara\/"},"modified":"2021-11-23T15:28:50","modified_gmt":"2021-11-23T14:28:50","slug":"bagnara","status":"publish","type":"page","link":"https:\/\/digitalhistory.unite.it\/es\/temas\/residencias-nobiliarias\/ruffo\/bagnara\/","title":{"rendered":"La Calabria de los Ruffo: Bagnara"},"content":{"rendered":"<h1>La Calabria de los Ruffo: Bagnara <\/h1>\n<div class=\"testo\">\n<p style=\"text-align: justify\">Calabria fue, sin duda, la base del poder pol\u00edtico y econ\u00f3mico de los Ruffo que aqu\u00ed, casi exclusivamente, vivieron y trabajaron hasta mediados del siglo XVII.<\/p>\n<p style=\"text-align: justify\">En Calabria los Ruffo tuvieron numerosos feudos &#8211; como San Lucido, Maida, Fiumara di Muro, Motta San Giovanni y Amendolea &#8211; y una caracter\u00edstica de todos estos sitios era la presencia de castillos preexistentes (como en <a href=\"\/es\/temas\/residencias-nobiliarias\/ruffo\/la-familia-ruffo\/bagnara\/\" title=\"Bagnara\">Bagnara<\/a>), que adquirieron y restauraron los Ruffo, en muchos casos, eligi\u00e9ndolos como viviendas temporales cuando se deten\u00edan en sus posesiones en Calabria, que puede constituir un interesante viaje en s\u00ed mismo para el turista.<\/p>\n<p style=\"text-align: justify\"><img loading=\"lazy\" decoding=\"async\" src=\"https:\/\/digitalhistory.unite.it\/wp-content\/uploads\/2021\/08\/castello_bagnara_253x187.jpg\" width=\"253\" height=\"187\" alt=\"Castello Bagnara\" align=\"left\">El Castillo Ruffo, junto a la antigua Abad\u00eda de Santa Mar\u00eda de los XII Ap\u00f3stoles, completamente destruido durante el terremoto de 1908, se encuentra en la parte superior del centro de la ciudad de Bagnara, en el promontorio de Marturano, en una posici\u00f3n dominante con respecto a las viviendas lim\u00edtrofes. Originalmente fue la residencia de los primeros priores de Bagnara. El castillo se articulaba en una planta casi cuadrangular sobre la base en escarpa que terminaba con un gran torre\u00f3n. La parte que miraba al mar se situaba por encima de las prisiones. Rodeado por dos \u00f3rdenes de arcos, entre los que se encontraban los ca\u00f1ones conocidos como &#8220;los doce ap\u00f3stoles&#8221;, la entrada se equipaba con un puente levadizo y la pared central enriquecida, en el lado sur, por dos relojes, uno solar y el otro con sonido. Desde la pir\u00e1mide de la &#8220;castellana&#8221;, una campana anunciaba la llegada de la noche, unas dos horas despu\u00e9s de la puesta del sol. El interior constaba de dos apartamentos de lujo. El castillo se comunicaba con dos puestos de avanzada cuyos restos a\u00fan son visibles, el &#8220;basti\u00f3n&#8221; que se encuentra al sur, y el &#8220;costanzella&#8221; hacia el norte. El castillo fue ciertamente modificado y renovado por los Ruffo cuando se convirtieron en duques de Bagnara, pero fue destruido por el terremoto de 1783 y m\u00e1s tarde fue reconstruido, probablemente sobre las ruinas precedentes, mantiene hasta el momento, al menos externamente, la apariencia que le fue dada con esta reconstrucci\u00f3n. A partir de la segunda mitad del siglo XVIII los bienes inmuebles del lujoso castillo fueron llevados a otros lugares de los Ruffo. El castillo resisti\u00f3 el terremoto de 1908.<\/p>\n<p style=\"text-align: justify\"><img loading=\"lazy\" decoding=\"async\" src=\"https:\/\/digitalhistory.unite.it\/wp-content\/uploads\/2021\/08\/chiesa_del_carmine_bagnara_255x170.jpg\" width=\"255\" height=\"170\" alt=\"Chiesa del Carmine Bagnara\" align=\"left\">La Iglesia del Carmen, fundada en 1687 por Carlo Ruffo, III duque de Bagnara Calabra, sobre concesi\u00f3n de los <a href=\"\/es\/territorios\/itinerarios-urbanos\/lecce\/zimbalo\/dominicos\/\" title=\"Dominicos\">padres dominicos<\/a>, conserva un testimonio del culto: un cuadro de estilo bizantino, que data de alrededor de 1300, que representa a la Virgen con el Ni\u00f1o. La fachada, realizada en piedra de <a href=\"\/es\/territorios\/itinerarios-regionales\/guerra-de-santos\/religiosidad-conflictiva\/siracusa\/\" title=\"Siracusa\">Siracusa<\/a> despu\u00e9s del terremoto de 1908, es de estilo neocl\u00e1sico, como lo demuestran las cuatro columnas con capiteles de inspiraci\u00f3n j\u00f3nica. Tiene, sin embargo, elementos decorativos barrocos.<\/p>\n<p style=\"text-align: justify\"><a href=\"\/es\/temas\/residencias-nobiliarias\/ruffo\/la-familia-ruffo\/\" title=\"La familia Ruffo\">&lt;&lt;&lt;&#8212;p\u00e1gina precedente<\/a><span>&nbsp;&nbsp;&nbsp;<\/span> <span>&nbsp;<\/span> <a href=\"\/es\/temas\/residencias-nobiliarias\/ruffo\/san-lucido-maida-fiumara-di-muro\/\" title=\"San Lucido, Maida, Fiumara di Muro\">p\u00e1gina siguiente&#8212;&gt;&gt;&gt;<\/a><a href=\"\/es\/temas\/residencias-nobiliarias\/la-forma-de-vida-aristocratica-en-epoca-barroca\/reestructuraciones-de-castillos-y-fortalezas\/\" title=\"Reestructuraciones de castillos y fortalezas\"><\/a><\/p>\n<\/p><\/div>\n<p><\/p>\n","protected":false},"excerpt":{"rendered":"<p>La Calabria de los Ruffo: Bagnara Calabria fue, sin duda, la base del poder pol\u00edtico y econ\u00f3mico de los Ruffo que aqu\u00ed, casi exclusivamente, vivieron y trabajaron hasta mediados del siglo XVII. En Calabria los Ruffo tuvieron numerosos feudos &#8211; como San Lucido, Maida, Fiumara&hellip;<\/p>\n","protected":false},"author":1,"featured_media":0,"parent":7606,"menu_order":0,"comment_status":"closed","ping_status":"closed","template":"","meta":{"footnotes":""},"class_list":["post-6743","page","type-page","status-publish","hentry"],"_links":{"self":[{"href":"https:\/\/digitalhistory.unite.it\/es\/wp-json\/wp\/v2\/pages\/6743","targetHints":{"allow":["GET"]}}],"collection":[{"href":"https:\/\/digitalhistory.unite.it\/es\/wp-json\/wp\/v2\/pages"}],"about":[{"href":"https:\/\/digitalhistory.unite.it\/es\/wp-json\/wp\/v2\/types\/page"}],"author":[{"embeddable":true,"href":"https:\/\/digitalhistory.unite.it\/es\/wp-json\/wp\/v2\/users\/1"}],"replies":[{"embeddable":true,"href":"https:\/\/digitalhistory.unite.it\/es\/wp-json\/wp\/v2\/comments?post=6743"}],"version-history":[{"count":3,"href":"https:\/\/digitalhistory.unite.it\/es\/wp-json\/wp\/v2\/pages\/6743\/revisions"}],"predecessor-version":[{"id":11919,"href":"https:\/\/digitalhistory.unite.it\/es\/wp-json\/wp\/v2\/pages\/6743\/revisions\/11919"}],"up":[{"embeddable":true,"href":"https:\/\/digitalhistory.unite.it\/es\/wp-json\/wp\/v2\/pages\/7606"}],"wp:attachment":[{"href":"https:\/\/digitalhistory.unite.it\/es\/wp-json\/wp\/v2\/media?parent=6743"}],"curies":[{"name":"wp","href":"https:\/\/api.w.org\/{rel}","templated":true}]}}