{"id":6744,"date":"2021-08-20T00:03:56","date_gmt":"2021-08-19T22:03:56","guid":{"rendered":"https:\/\/digitalhistory.unite.it\/san-lucido-maida-fiumara-di-muro\/"},"modified":"2021-11-23T15:28:51","modified_gmt":"2021-11-23T14:28:51","slug":"san-lucido-maida-fiumara-di-muro","status":"publish","type":"page","link":"https:\/\/digitalhistory.unite.it\/es\/temas\/residencias-nobiliarias\/ruffo\/san-lucido-maida-fiumara-di-muro\/","title":{"rendered":"La Calabria de los Ruffo: San Lucido, Maida, Fiumara di Muro"},"content":{"rendered":"<h1>La Calabria de los Ruffo: San Lucido, Maida, Fiumara di Muro <\/h1>\n<div class=\"testo\">\n<p style=\"text-align: justify\"><img loading=\"lazy\" decoding=\"async\" src=\"https:\/\/digitalhistory.unite.it\/wp-content\/uploads\/2021\/08\/castello_san_lucido_252x189.jpg\" width=\"252\" height=\"189\" alt=\"Castello San Lucido\" align=\"left\">La construcci\u00f3n del Castillo de San Lucido fue encargada por el obispo Arnulfo alrededor de 1092 con fines defensivos contra cualquier ataque desde el mar. De la antigua fortaleza a\u00fan se pueden ver los restos de las paredes con aspilleras, un terrapl\u00e9n y el puente que conectaba el castillo a la iglesia de San Juan Bautista. La fortaleza perteneci\u00f3 a los pr\u00edncipes de Ruffo di Calabria, desde 1744, entregado al cardenal Fabrizio Ruffo, jefe de la Armada Sanfedista. Fue parcialmente destruido por el terremoto de 1908.<\/p>\n<p style=\"text-align: justify\"><img loading=\"lazy\" decoding=\"async\" src=\"https:\/\/digitalhistory.unite.it\/wp-content\/uploads\/2021\/08\/castello_maida_252x173.jpg\" width=\"252\" height=\"173\" alt=\"Castello Maida\" align=\"left\">En diciembre de 1691 el cardenal Fabrizio Ruffo compr\u00f3 el feudo de Maida. Despu\u00e9s de su muerte (1692), primero le sucedi\u00f3 su sobrino Francesco, luego el hijo de \u00e9ste Carlo, y, poco a poco, otros herederos de la familia, incluyendo Hip\u00f3lita, criada en Maida, que despu\u00e9s del terremoto de 1783 hizo abrir, para reactivar la suerte del pueblo, un molino y promovi\u00f3 la creaci\u00f3n de peque\u00f1as curtidur\u00edas. En la ciudad son visibles todav\u00eda hoy las ruinas del antiguo castillo, de forma cuadrada con cuatro torres en las esquinas. De una de las torres orientales se puede distinguir claramente el cuerpo, aunque est\u00e1 parcialmente oculta por los edificios modernos. Fue sede de una prisi\u00f3n, de la que todav\u00eda hay algunas celdas y la escalera de pizarra.<\/p>\n<p style=\"text-align: justify\"><img loading=\"lazy\" decoding=\"async\" src=\"https:\/\/digitalhistory.unite.it\/wp-content\/uploads\/2021\/08\/castello_fiumara_253x241.jpg\" width=\"253\" height=\"241\" alt=\"Castello Fiumara\" align=\"left\">El feudo de Fiumara di Muro, por su parte, entr\u00f3 a formar parte de las posesiones de los Ruffo di <a href=\"\/es\/temas\/residencias-nobiliarias\/ruffo\/la-familia-ruffo\/bagnara\/\" title=\"Bagnara\">Bagnara<\/a> en los a\u00f1os veinte del siglo XVII, como consecuencia de la pol\u00edtica matrimonial, y se mantuvo entre las posesiones de la familia hasta la abolici\u00f3n del feudalismo. En el siglo XVII se form\u00f3 el &#8220;estado de Fiumara di Muro&#8221; en el territorio correspondiente a los actuales comunes de Fiumara, Villa San Giovanni, Campo Calabro, San Roberto y Catona, sobre los que, en 1651, los Ruffo di Bagnara obtienen el t\u00edtulo de Pr\u00edncipes concedido por <a href=\"\/es\/territorios\/itinerarios-urbanos\/valladolid\/iglesia-de-san-pablo\/felipe-iv\/\" title=\"Felipe IV\">Felipe IV<\/a>, y que despu\u00e9s trasladaron, en 1682, sobre Motta San Giovanni. El terremoto de 1783 caus\u00f3 grandes da\u00f1os en Fiumara: se destruyeron todas las iglesias, conventos, y el castillo. El castillo de Fiumara fue uno de los mejores baluartes defensivos contra las incursiones turcas. En ese castillo, se narraba, que se hab\u00eda organizado un peque\u00f1o ej\u00e9rcito de hombres armados bajo el mando de los Ruffo, que hab\u00eda expulsado a los corsarios de Barbarroja desembarcados, en 1533, en la playa de Catona.<\/p>\n<p style=\"text-align: justify\"><a href=\"\/es\/temas\/residencias-nobiliarias\/ruffo\/bagnara\/\" title=\"Bagnara\">&lt;&lt;&lt;&#8212;p\u00e1gina precedente<\/a><span>&nbsp;&nbsp;&nbsp;<\/span> <span>&nbsp;<\/span> <a href=\"\/es\/temas\/residencias-nobiliarias\/ruffo\/motta-san-giovanni-y-amendolea\/\" title=\"Motta San Giovanni y Amendolea\">p\u00e1gina siguiente&#8212;&gt;&gt;&gt;<\/a><a href=\"\/es\/temas\/residencias-nobiliarias\/la-forma-de-vida-aristocratica-en-epoca-barroca\/reestructuraciones-de-castillos-y-fortalezas\/\" title=\"Reestructuraciones de castillos y fortalezas\"><\/a><\/p>\n<\/p><\/div>\n<p><\/p>\n","protected":false},"excerpt":{"rendered":"<p>La Calabria de los Ruffo: San Lucido, Maida, Fiumara di Muro La construcci\u00f3n del Castillo de San Lucido fue encargada por el obispo Arnulfo alrededor de 1092 con fines defensivos contra cualquier ataque desde el mar. De la antigua fortaleza a\u00fan se pueden ver los&hellip;<\/p>\n","protected":false},"author":1,"featured_media":0,"parent":7606,"menu_order":0,"comment_status":"closed","ping_status":"closed","template":"","meta":{"footnotes":""},"class_list":["post-6744","page","type-page","status-publish","hentry"],"_links":{"self":[{"href":"https:\/\/digitalhistory.unite.it\/es\/wp-json\/wp\/v2\/pages\/6744","targetHints":{"allow":["GET"]}}],"collection":[{"href":"https:\/\/digitalhistory.unite.it\/es\/wp-json\/wp\/v2\/pages"}],"about":[{"href":"https:\/\/digitalhistory.unite.it\/es\/wp-json\/wp\/v2\/types\/page"}],"author":[{"embeddable":true,"href":"https:\/\/digitalhistory.unite.it\/es\/wp-json\/wp\/v2\/users\/1"}],"replies":[{"embeddable":true,"href":"https:\/\/digitalhistory.unite.it\/es\/wp-json\/wp\/v2\/comments?post=6744"}],"version-history":[{"count":2,"href":"https:\/\/digitalhistory.unite.it\/es\/wp-json\/wp\/v2\/pages\/6744\/revisions"}],"predecessor-version":[{"id":11921,"href":"https:\/\/digitalhistory.unite.it\/es\/wp-json\/wp\/v2\/pages\/6744\/revisions\/11921"}],"up":[{"embeddable":true,"href":"https:\/\/digitalhistory.unite.it\/es\/wp-json\/wp\/v2\/pages\/7606"}],"wp:attachment":[{"href":"https:\/\/digitalhistory.unite.it\/es\/wp-json\/wp\/v2\/media?parent=6744"}],"curies":[{"name":"wp","href":"https:\/\/api.w.org\/{rel}","templated":true}]}}