{"id":6745,"date":"2021-08-20T00:03:56","date_gmt":"2021-08-19T22:03:56","guid":{"rendered":"https:\/\/digitalhistory.unite.it\/motta-san-giovanni-y-amendolea\/"},"modified":"2021-11-23T15:28:51","modified_gmt":"2021-11-23T14:28:51","slug":"motta-san-giovanni-y-amendolea","status":"publish","type":"page","link":"https:\/\/digitalhistory.unite.it\/es\/temas\/residencias-nobiliarias\/ruffo\/motta-san-giovanni-y-amendolea\/","title":{"rendered":"La Calabria de los Ruffo: Motta San Giovanni y Amendolea"},"content":{"rendered":"<h1>La Calabria de los Ruffo: Motta San Giovanni y Amendolea <\/h1>\n<div class=\"testo\">\n<p style=\"text-align: justify\"><img loading=\"lazy\" decoding=\"async\" src=\"https:\/\/digitalhistory.unite.it\/wp-content\/uploads\/2021\/08\/castello_motta_253x190.jpg\" width=\"253\" height=\"190\" alt=\"Castello Motta\" align=\"left\">En el siglo XVII, el feudo de Motta San Giovanni perteneci\u00f3 a los Ruffo di <a href=\"\/es\/temas\/residencias-nobiliarias\/ruffo\/la-familia-ruffo\/bagnara\/\" title=\"Bagnara\">Bagnara<\/a> Calabra que, otorg\u00e1ndoles el t\u00edtulo de pr\u00edncipes, tuvieron su posesi\u00f3n hasta la abolici\u00f3n del feudalismo. Muy da\u00f1ada por el terremoto de 1783, estuvo tambi\u00e9n muy afectada por el terremoto de 1908, que da\u00f1\u00f3 gravemente el castillo de San Aniceto o San Niceto, aut\u00e9ntico s\u00edmbolo de Motta San Giovanni. Las caracter\u00edsticas del castillo son comunes a otras fortificaciones de Calabria: sus paredes est\u00e1n construidas con piedra de gran espesor de la zona, el aspecto es imponente y el lugar de la construcci\u00f3n es la parte m\u00e1s alta de la ciudad. De hecho, fue construido como un lugar de refugio y de avistamiento para la poblaci\u00f3n de Reggio Calabria contra las frecuentes incursiones sarracenas a lo largo de la costa de Calabria. Con el paso de los bizantinos a los normandos, el Castillo de Motta fue renovado con la adici\u00f3n de torres de vigilancia rectangulares y m\u00e1s imponentes, que definieron definitivamente la estructura final. El castillo tiene una planta irregular, que se asemeja a la forma de un barco, y su proa mira hacia la monta\u00f1a, y la popa hacia el mar. Cerca de la entrada son visibles dos torres cuadradas en el pie de una peque\u00f1a colina que conecta con las llanuras de abajo, donde se sit\u00faa una iglesia peque\u00f1a con una c\u00fapula con frescos con la figura de un Cristo Pantocrator.<\/p>\n<p style=\"text-align: justify\"><img loading=\"lazy\" decoding=\"async\" src=\"https:\/\/digitalhistory.unite.it\/wp-content\/uploads\/2021\/08\/castello_amendolea_253x162.jpg\" width=\"253\" height=\"162\" alt=\"Castello Amendolea\" align=\"left\">En 1624 las tierras de Amendolea y el castillo fueron comprados por Francesco Ruffo, duque de Bagnara. Aunque fueron due\u00f1os hasta 1806, los Ruffo nunca residieron en dicho lugar, pero confiaron a fiduciarios el control del feudo. La principal dificultad derivaba del hecho de que la poblaci\u00f3n todav\u00eda hablaba la lengua grecanica (del griego) que en el resto de Calabria se hab\u00eda extinguido. El castillo se encuentra en un acantilado, a 358 metros sobre el nivel del mar y a unos 8 km de la costa j\u00f3nica, dominando el valle de la Amendolea. Construido en el siglo XII bajo el dominio normando, las ruinas muestran un muro que rodea el espacio de ingreso en forma de paralelep\u00edpedo, del que se accede a una zona residencial; de \u00e9sta se conserva una sala rectangular con paredes altas y ventanas de arco y muros intercalados con almenas que se ajustan a la orilla rocosa. El edificio era de planta irregular con muros robustos y almenados que segu\u00edan el borde de los acantilados. Recientemente se han llevado a cabo trabajos para que sea abierto al p\u00fablico.<\/p>\n<p style=\"text-align: justify\"><a href=\"\/es\/temas\/residencias-nobiliarias\/ruffo\/san-lucido-maida-fiumara-di-muro\/\" title=\"San Lucido, Maida, Fiumara di Muro\">&lt;&lt;&lt;&#8212;p\u00e1gina precedente<\/a><span>&nbsp;&nbsp;&nbsp;<\/span> <span>&nbsp;<\/span> <a href=\"\/es\/temas\/residencias-nobiliarias\/ruffo\/entre-molise-y-basilicata-baranello-y-ruoti\/\" title=\"Entre Molise y Basilicata: Baranello y Ruoti\">p\u00e1gina siguiente&#8212;&gt;&gt;&gt;<\/a><a href=\"\/es\/temas\/residencias-nobiliarias\/la-forma-de-vida-aristocratica-en-epoca-barroca\/reestructuraciones-de-castillos-y-fortalezas\/\" title=\"Reestructuraciones de castillos y fortalezas\"><\/a><\/p>\n<\/p><\/div>\n<p><\/p>\n","protected":false},"excerpt":{"rendered":"<p>La Calabria de los Ruffo: Motta San Giovanni y Amendolea En el siglo XVII, el feudo de Motta San Giovanni perteneci\u00f3 a los Ruffo di Bagnara Calabra que, otorg\u00e1ndoles el t\u00edtulo de pr\u00edncipes, tuvieron su posesi\u00f3n hasta la abolici\u00f3n del feudalismo. Muy da\u00f1ada por el&hellip;<\/p>\n","protected":false},"author":1,"featured_media":0,"parent":7606,"menu_order":0,"comment_status":"closed","ping_status":"closed","template":"","meta":{"footnotes":""},"class_list":["post-6745","page","type-page","status-publish","hentry"],"_links":{"self":[{"href":"https:\/\/digitalhistory.unite.it\/es\/wp-json\/wp\/v2\/pages\/6745","targetHints":{"allow":["GET"]}}],"collection":[{"href":"https:\/\/digitalhistory.unite.it\/es\/wp-json\/wp\/v2\/pages"}],"about":[{"href":"https:\/\/digitalhistory.unite.it\/es\/wp-json\/wp\/v2\/types\/page"}],"author":[{"embeddable":true,"href":"https:\/\/digitalhistory.unite.it\/es\/wp-json\/wp\/v2\/users\/1"}],"replies":[{"embeddable":true,"href":"https:\/\/digitalhistory.unite.it\/es\/wp-json\/wp\/v2\/comments?post=6745"}],"version-history":[{"count":3,"href":"https:\/\/digitalhistory.unite.it\/es\/wp-json\/wp\/v2\/pages\/6745\/revisions"}],"predecessor-version":[{"id":11920,"href":"https:\/\/digitalhistory.unite.it\/es\/wp-json\/wp\/v2\/pages\/6745\/revisions\/11920"}],"up":[{"embeddable":true,"href":"https:\/\/digitalhistory.unite.it\/es\/wp-json\/wp\/v2\/pages\/7606"}],"wp:attachment":[{"href":"https:\/\/digitalhistory.unite.it\/es\/wp-json\/wp\/v2\/media?parent=6745"}],"curies":[{"name":"wp","href":"https:\/\/api.w.org\/{rel}","templated":true}]}}