{"id":6746,"date":"2021-08-20T00:03:56","date_gmt":"2021-08-19T22:03:56","guid":{"rendered":"https:\/\/digitalhistory.unite.it\/entre-molise-y-basilicata-baranello-y-ruoti\/"},"modified":"2021-11-23T15:28:50","modified_gmt":"2021-11-23T14:28:50","slug":"entre-molise-y-basilicata-baranello-y-ruoti","status":"publish","type":"page","link":"https:\/\/digitalhistory.unite.it\/es\/temas\/residencias-nobiliarias\/ruffo\/entre-molise-y-basilicata-baranello-y-ruoti\/","title":{"rendered":"Entre Molise y Basilicata: Baranello y Ruoti"},"content":{"rendered":"<h1>Entre Molise y Basilicata: Baranello y Ruoti <\/h1>\n<div class=\"testo\">\n<p style=\"text-align: justify\"><img loading=\"lazy\" decoding=\"async\" src=\"https:\/\/digitalhistory.unite.it\/wp-content\/uploads\/2021\/08\/castello_baranello_252x326.jpg\" width=\"252\" height=\"326\" alt=\"Castello Baranello\" align=\"left\">Molise se convirti\u00f3 en una importante \u00e1rea de expansi\u00f3n para los Ruffo desde el siglo XVII. Aqu\u00ed adquirieron numerosos feudos, algunos de los cuales tuvieron un importante valor pol\u00edtico y econ\u00f3mico. Entre ellos fue el principal Baranello, hoy en la provincia de <a href=\"\/es\/temas\/residencias-nobiliarias\/ruffo\/entre-molise-y-basilicata-baranello-y-ruoti\/campobasso\/\" title=\"Campobasso\">Campobasso<\/a>, adquirido con el t\u00edtulo ducal de los Ruffo a principios del siglo XVIII. El castillo de Baranello ha sido propiedad de la familia Ruffo hasta el siglo XIX. Fue construido en el punto m\u00e1s alto de la antigua ciudad, cumpliendo su funci\u00f3n defensiva y de control de todo el territorio, y se inserta dentro de un complejo de edificios que conectan con la torre, la parte m\u00e1s alta de la estructura. Despu\u00e9s de haber sido sometido a constantes modificaciones, es dif\u00edcil reconstruir las diferentes fases hist\u00f3ricas de la construcci\u00f3n y la renovaci\u00f3n del castillo. Del mismo modo, la presencia de diferentes estilos art\u00edsticos, relacionados en diferentes \u00e9pocas, hace que sea complicado analizar el complejo arquitect\u00f3nico.<\/p>\n<p style=\"text-align: justify\"><img loading=\"lazy\" decoding=\"async\" src=\"https:\/\/digitalhistory.unite.it\/wp-content\/uploads\/2021\/08\/castello_ruoti_252x189.jpg\" width=\"252\" height=\"189\" alt=\"Castello Ruoti\" align=\"left\">El pueblo de Ruoti, hoy en la provincia de <a href=\"\/es\/temas\/residencias-nobiliarias\/ruffo\/entre-molise-y-basilicata-baranello-y-ruoti\/potenza\/\" title=\"Potenza\">Potenza<\/a>, situado en una colina que domina el curso del rio Avigliano, fue otra de las posesiones de los Ruffo. Su castillo fue construido en la d\u00e9cada de 1620, cuando Ettore Capece Minutolo compr\u00f3 el feudo de Ruoti, consiguiendo del soberano el t\u00edtulo de &#8220;Pr\u00edncipe de Ruoti&#8221;. En la fachada principal siguen siendo visibles los escudos de los Capece Minutolo que representan a un le\u00f3n rampante. El palacio es de estilo barroco, hoy apenas legible debido a la fuerte degradaci\u00f3n, y guarda evidencias de al menos dos fases de su construcci\u00f3n, con el portal almohadillado del per\u00edodo del siglo XVII, y con la ampliaci\u00f3n de la construcci\u00f3n anterior, que vio la anexi\u00f3n de un nuevo ala por encima de la antigua capilla de San Sebasti\u00e1n. El interior ofrece un antiguo patio del siglo XVII, con una logia, escalones de piedra de la Abetina, caballerizas y bodegas. Sobre la antigua logia, siempre de piedra de la Abetina, hay un gran escudo de armas de los Ruffo, que consiguieron los restos del antiguo feudo de los Capece Minutolo.<\/p>\n<p style=\"text-align: justify\"><a href=\"\/es\/temas\/residencias-nobiliarias\/ruffo\/motta-san-giovanni-y-amendolea\/\" title=\"Motta San Giovanni y Amendolea\">&lt;&lt;&lt;&#8212;p\u00e1gina precedente<\/a><span>&nbsp;&nbsp;&nbsp;<\/span> <span>&nbsp;<\/span> <a href=\"\/es\/temas\/residencias-nobiliarias\/ruffo\/las-posesiones-en-campana-el-feudo-de-santantimo\/\" title=\"Las posesiones en Campa\u00f1a: el feudo de Sant'Antimo\">p\u00e1gina siguiente&#8212;&gt;&gt;&gt;<\/a><a href=\"\/es\/temas\/residencias-nobiliarias\/la-forma-de-vida-aristocratica-en-epoca-barroca\/reestructuraciones-de-castillos-y-fortalezas\/\" title=\"Reestructuraciones de castillos y fortalezas\"><\/a><\/p>\n<\/p><\/div>\n<p><\/p>\n","protected":false},"excerpt":{"rendered":"<p>Entre Molise y Basilicata: Baranello y Ruoti Molise se convirti\u00f3 en una importante \u00e1rea de expansi\u00f3n para los Ruffo desde el siglo XVII. Aqu\u00ed adquirieron numerosos feudos, algunos de los cuales tuvieron un importante valor pol\u00edtico y econ\u00f3mico. Entre ellos fue el principal Baranello, hoy&hellip;<\/p>\n","protected":false},"author":1,"featured_media":0,"parent":7606,"menu_order":0,"comment_status":"closed","ping_status":"closed","template":"","meta":{"footnotes":""},"class_list":["post-6746","page","type-page","status-publish","hentry"],"_links":{"self":[{"href":"https:\/\/digitalhistory.unite.it\/es\/wp-json\/wp\/v2\/pages\/6746","targetHints":{"allow":["GET"]}}],"collection":[{"href":"https:\/\/digitalhistory.unite.it\/es\/wp-json\/wp\/v2\/pages"}],"about":[{"href":"https:\/\/digitalhistory.unite.it\/es\/wp-json\/wp\/v2\/types\/page"}],"author":[{"embeddable":true,"href":"https:\/\/digitalhistory.unite.it\/es\/wp-json\/wp\/v2\/users\/1"}],"replies":[{"embeddable":true,"href":"https:\/\/digitalhistory.unite.it\/es\/wp-json\/wp\/v2\/comments?post=6746"}],"version-history":[{"count":2,"href":"https:\/\/digitalhistory.unite.it\/es\/wp-json\/wp\/v2\/pages\/6746\/revisions"}],"predecessor-version":[{"id":11918,"href":"https:\/\/digitalhistory.unite.it\/es\/wp-json\/wp\/v2\/pages\/6746\/revisions\/11918"}],"up":[{"embeddable":true,"href":"https:\/\/digitalhistory.unite.it\/es\/wp-json\/wp\/v2\/pages\/7606"}],"wp:attachment":[{"href":"https:\/\/digitalhistory.unite.it\/es\/wp-json\/wp\/v2\/media?parent=6746"}],"curies":[{"name":"wp","href":"https:\/\/api.w.org\/{rel}","templated":true}]}}