{"id":6747,"date":"2021-08-20T00:03:56","date_gmt":"2021-08-19T22:03:56","guid":{"rendered":"https:\/\/digitalhistory.unite.it\/las-posesiones-en-campana-el-feudo-de-santantimo\/"},"modified":"2021-11-23T15:28:51","modified_gmt":"2021-11-23T14:28:51","slug":"las-posesiones-en-campana-el-feudo-de-santantimo","status":"publish","type":"page","link":"https:\/\/digitalhistory.unite.it\/es\/temas\/residencias-nobiliarias\/ruffo\/las-posesiones-en-campana-el-feudo-de-santantimo\/","title":{"rendered":"Las posesiones en Campa\u00f1a: el feudo de Sant&#8217;Antimo"},"content":{"rendered":"<h1>Las posesiones en Campa\u00f1a: el feudo de Sant&#8217;Antimo <\/h1>\n<div class=\"testo\">\n<p style=\"text-align: justify\"><img loading=\"lazy\" decoding=\"async\" src=\"https:\/\/digitalhistory.unite.it\/wp-content\/uploads\/2021\/08\/castello_sant_antimo_252x189.jpg\" width=\"252\" height=\"189\" alt=\"Castello Sant'Antimo\" align=\"left\">En 1629, los Ruffo di <a href=\"\/es\/temas\/residencias-nobiliarias\/ruffo\/la-familia-ruffo\/bagnara\/\" title=\"Bagnara\">Bagnara<\/a> adquirieron el feudo de Sant&#8217;Antimo y lo mantuvieron hasta 1756, cuando se vendi\u00f3 a Francesco Maria Mirelli. En 1641, Carlo Ruffo fue capaz de elevarlo a principado por el rey <a href=\"\/es\/territorios\/itinerarios-urbanos\/valladolid\/iglesia-de-san-pablo\/felipe-iv\/\" title=\"Felipe IV\">Felipe IV<\/a>, adquiriendo \u00e9l y sus sucesores el derecho a utilizar el t\u00edtulo de Pr\u00edncipes de Sant&#8217; Antimo. Edificio renacentista (como se muestra en la logia porticada y el pasillo de acceso) con elementos arquitect\u00f3nicos ligados a una estructura medieval original (la torre central y las torres laterales), el castillo est\u00e1 construido en un altillo, por encima de los edificios de los alrededores. No se conocen ni el nombre del arquitecto o cual fuese su estructura original. Hasta principios de 1800 estuvo rodeado por dos jardines. El edificio fue construido, probablemente, entre los siglos XVI y el siglo XVII por el bar\u00f3n Francesco Revertera, duque de Salandra, en la zona donde estaba la residencia medieval de la familia Stendardo, due\u00f1a del feudo de Sant&#8217; Antimo hasta 1566. En 1629 Ippolito Revertera vendi\u00f3 el feudo y el castillo de Sant&#8217; Antimo a Francesco Ruffo, duque de Bagnara. Este \u00faltimo, en 1756, lo vendi\u00f3 al pr\u00edncipe de Teora Francesco Maria Mirelli.<\/p>\n<p style=\"text-align: justify\">El palacio tiene una planta en forma de C y est\u00e1 articulado en tres niveles en el cuerpo central y sobre dos niveles en los cuerpos laterales, con patio y jard\u00edn al fondo. Desde el portal de entrada, a trav\u00e9s de una puerta, se entra al patio interno, rodeado sobre los dos lados del edificio y sobre el tercero por un muro que delimita el jard\u00edn. Los alzados interiores se caracterizan por la presencia de una porticada en la planta baja y una galer\u00eda porticada en el primer piso con arcos de medio punto. Originalmente la fachada carec\u00eda de estuco, que luego fue a\u00f1adido durante la renovaci\u00f3n de finales del siglo XVIII. Con la abolici\u00f3n del sistema feudal, el palacio y sus jardines fueron adquiridos por unos particulares. El aspecto actual del edificio se remonta al per\u00edodo de 1793-1800, el per\u00edodo en el que se llevaron a cabo las reformas m\u00e1s sustanciales.<\/p>\n<p style=\"text-align: justify\"><a href=\"\/es\/temas\/residencias-nobiliarias\/ruffo\/entre-molise-y-basilicata-baranello-y-ruoti\/\" title=\"Entre Molise y Basilicata: Baranello y Ruoti\">&lt;&lt;&lt;&#8212;p\u00e1gina precedente<\/a><span>&nbsp;&nbsp;&nbsp;<\/span> <span>&nbsp;<\/span> <a href=\"\/es\/temas\/residencias-nobiliarias\/ruffo\/el-paso-a-napoles\/\" title=\"El paso a N\u00e1poles\">p\u00e1gina siguiente&#8212;&gt;&gt;&gt;<\/a><a href=\"\/es\/temas\/residencias-nobiliarias\/la-forma-de-vida-aristocratica-en-epoca-barroca\/reestructuraciones-de-castillos-y-fortalezas\/\" title=\"Reestructuraciones de castillos y fortalezas\"><\/a><\/p>\n<\/p><\/div>\n<p><\/p>\n","protected":false},"excerpt":{"rendered":"<p>Las posesiones en Campa\u00f1a: el feudo de Sant&#8217;Antimo En 1629, los Ruffo di Bagnara adquirieron el feudo de Sant&#8217;Antimo y lo mantuvieron hasta 1756, cuando se vendi\u00f3 a Francesco Maria Mirelli. En 1641, Carlo Ruffo fue capaz de elevarlo a principado por el rey Felipe&hellip;<\/p>\n","protected":false},"author":1,"featured_media":0,"parent":7606,"menu_order":0,"comment_status":"closed","ping_status":"closed","template":"","meta":{"footnotes":""},"class_list":["post-6747","page","type-page","status-publish","hentry"],"_links":{"self":[{"href":"https:\/\/digitalhistory.unite.it\/es\/wp-json\/wp\/v2\/pages\/6747","targetHints":{"allow":["GET"]}}],"collection":[{"href":"https:\/\/digitalhistory.unite.it\/es\/wp-json\/wp\/v2\/pages"}],"about":[{"href":"https:\/\/digitalhistory.unite.it\/es\/wp-json\/wp\/v2\/types\/page"}],"author":[{"embeddable":true,"href":"https:\/\/digitalhistory.unite.it\/es\/wp-json\/wp\/v2\/users\/1"}],"replies":[{"embeddable":true,"href":"https:\/\/digitalhistory.unite.it\/es\/wp-json\/wp\/v2\/comments?post=6747"}],"version-history":[{"count":2,"href":"https:\/\/digitalhistory.unite.it\/es\/wp-json\/wp\/v2\/pages\/6747\/revisions"}],"predecessor-version":[{"id":11924,"href":"https:\/\/digitalhistory.unite.it\/es\/wp-json\/wp\/v2\/pages\/6747\/revisions\/11924"}],"up":[{"embeddable":true,"href":"https:\/\/digitalhistory.unite.it\/es\/wp-json\/wp\/v2\/pages\/7606"}],"wp:attachment":[{"href":"https:\/\/digitalhistory.unite.it\/es\/wp-json\/wp\/v2\/media?parent=6747"}],"curies":[{"name":"wp","href":"https:\/\/api.w.org\/{rel}","templated":true}]}}