{"id":6748,"date":"2021-08-20T00:03:56","date_gmt":"2021-08-19T22:03:56","guid":{"rendered":"https:\/\/digitalhistory.unite.it\/el-paso-a-napoles\/"},"modified":"2021-11-23T15:28:50","modified_gmt":"2021-11-23T14:28:50","slug":"el-paso-a-napoles","status":"publish","type":"page","link":"https:\/\/digitalhistory.unite.it\/es\/temas\/residencias-nobiliarias\/ruffo\/el-paso-a-napoles\/","title":{"rendered":"El paso a N\u00e1poles"},"content":{"rendered":"<h1>El paso a N\u00e1poles <\/h1>\n<div class=\"testo\">\n<p style=\"text-align: justify\">La residencia permanente de los Ruffo di <a href=\"\/es\/temas\/residencias-nobiliarias\/ruffo\/la-familia-ruffo\/bagnara\/\" title=\"Bagnara\">Bagnara<\/a> en la capital del <a href=\"\/es\/territorios\/itinerarios-urbanos\/lecce\/otros-restos\/reino-de-napoles\/\" title=\"Reino de N\u00e1poles\">Reino<\/a> fue bastante tard\u00eda, en la segunda mitad del siglo XVII, as\u00ed como su inscripci\u00f3n en los <a href=\"#\" class=\"tooltip yellow-tooltip\">Seggi napolitanos<span>La nobleza napolitana se divid\u00eda en edad moderna en cinco plazas o seggi: Capuana, Montagna, Nido, Portanova y Porto. Los representantes de las cinco plazas, junto a la elecci\u00f3n de la plaza popular, formaban el Tribunal de San Lorenzo, que gobernaba la ciudad.<\/span><\/a>. Sin embargo, su presencia en la ciudad fue cada vez m\u00e1s frecuente, as\u00ed como fundamental para su afirmaci\u00f3n social, adem\u00e1s de pol\u00edtica, fue el inter\u00e9s de ellos en adquirir y rehabilitar edificios de prestigio &#8211; en el centro de <a href=\"\/es\/territorios\/itinerarios-urbanos\/lecce\/plaza-de-san-oronzo\/napoles\/\" title=\"N\u00e1poles\">N\u00e1poles<\/a> y en Portici &#8211; destinados a convertirse en verdaderos s\u00edmbolos de estatus social.<\/p>\n<p style=\"text-align: justify\"><img loading=\"lazy\" decoding=\"async\" src=\"https:\/\/digitalhistory.unite.it\/wp-content\/uploads\/2021\/08\/palazzo_ruffo_napoli_253x190.jpg\" width=\"253\" height=\"190\" alt=\"Palazzo Ruffo Napoli\" align=\"left\">El palacio de los Ruffo di Bagnara se encuentra en la Plaza Dante 89. El edificio fue construido entre 1629 y 1631, a voluntad de Giovan Battista De Angelis, abogado y notario reconocido. A su muerte, que se produjo despu\u00e9s de una ca\u00edda desde su caballo, la propiedad pas\u00f3 a su hijo Antonio, Electo por el pueblo y consejero real. Considerado uno de los responsables del aumento de los impuestos de la ciudad, durante el levantamiento de <a href=\"\/es\/territorios\/itinerarios-urbanos\/napoles-y-el-cardinal-ascanio-filomarino\/el-cardenal-en-napoles-palacio-filomarino\/masaniello\/\" title=\"Masaniello\">Masaniello<\/a> (1647-1648), el edificio fue saqueado e incendiado por la furia popular. El palacio fue heredado por los hijos de Antonio y se vendi\u00f3, entonces, al duque de Bagnara, Francesco Ruffo. Bajo los Ruffo, el edificio fue profundamente modificado en consonancia con el estilo barroco dominante. Francesco invirti\u00f3 parte del rico bot\u00edn que hab\u00eda ganado como el capit\u00e1n de la Armada Naval Gerosolimitana. El trabajo, realizado en 1660, se encarg\u00f3 al arquitecto <a href=\"#\" class=\"tooltip yellow-tooltip\">Carlo Fontana<span>El arquitecto y escultor Carlo Fontana (1638-1714) naci\u00f3 en la Suiza italiana, pero lig\u00f3 su vida a la ciudad de Roma. Colaborador de Bernini, Fontana dej\u00f3 su impronta en la Roma de finales del siglo XVII y principios del XVIII. Entre sus obras, destacan el Palacio Montecitorio, la Bas\u00edlica de los Santos XII Ap\u00f3stoles y, en el interior de la Bas\u00edlica de San Pedro, la fuente bautismal y las tumbas de la reina Cristina de Suecia y de los papas Clemente XI e Inocencio XII.<\/span><\/a>, disc\u00edpulo de <a href=\"\/es\/temas\/residencias-nobiliarias\/ruffo\/el-paso-a-napoles\/gian-lorenzo-bernini\/\" title=\"Gian Lorenzo Bernini\">Bernini<\/a>. Notable fue la intervenci\u00f3n en la fachada: sobre una base de piedra almohadillada, se construyeron dos plantas j\u00f3nicas y un \u00e1tico, con ladrillos, columnas y cornisas a la vista. El portal, sin embargo, fue hecho en granito, y consist\u00eda en un gran arco de siller\u00eda rectangular soportado por pilastras, rematado con capiteles j\u00f3nicos. Aqu\u00ed hay una m\u00e9nsula con tres leones que sostienen el balc\u00f3n de la primera planta, a su vez enmarcado por pilastras y coronado por un front\u00f3n semicircular con una m\u00e1scara en el centro. El edificio pas\u00f3 de ser propiedad de los herederos de la familia hasta llegar a Vincenzo Ruffo, quien, en 1842, encomend\u00f3 la labor de renovaci\u00f3n del edificio al arquitecto Vincenzo Salomone. En el exterior, fueron rehechas las barandillas, mientras que el interior del edificio hab\u00eda un comedor opulento lleno de cristal, otra sala de estar decorada con un techo de estuco y una terraza cubierta, en la que se colocaron estatuas aleg\u00f3ricas hechas por Carlo Finelli, Pietro Tenerani, Pierre-Th\u00e9odore Bienaim\u00e9 y Lorenzo Bartolini. A continuaci\u00f3n, el edificio pas\u00f3 a Vincenzo Ruffo, quien don\u00f3 todas las colecciones de pinturas, muebles y joyas para el Estado, y que actualmente se conservan en el Museo de San Martino.<\/p>\n<p style=\"text-align: justify\">A la izquierda de la entrada est\u00e1 la puerta por la que podemos acceder a la capilla privada de la familia Ruffo di Bagnara. El edificio de culto era el lugar privado para la oraci\u00f3n, creado exclusivamente para la familia. El exterior est\u00e1 precedido por una escalera en pipernio y un portal construido con el mismo material, con una abertura que muestra un peque\u00f1o campanario. La capilla es una evidencia significativa de la arquitectura barroca de la ciudad, adem\u00e1s, en el altar mayor hay una pintura de <a href=\"#\" class=\"tooltip yellow-tooltip\">Francesco Solimena<span>Francesco Solimena, llamado el Abate Ciccio (1657-1747) fue un pintor y arquitecto que estuvo entre los principales exponentes del arte tardo barroco en Italia. Se form\u00f3 con el padre, mostrando al principio grandes similitudes con los modelos representados por Luca Giordano y Mattia Preti. Su gusto por el barroco se hizo evidente despu\u00e9s de 1680. Su obra m\u00e1s c\u00e9lebre fue, probablemente, la <em>Expulsi\u00f3n de Heliodoro del Templo<\/em> (1725). Aunque trabaj\u00f3 para algunas de las cortes m\u00e1s significativas de Europa, nunca abandon\u00f3 N\u00e1poles. Entre sus disc\u00edpulos destacan Ferdinando Sanfelice y Domenico Antonio Vaccaro.<\/span><\/a>.<\/p>\n<p style=\"text-align: justify\"><a href=\"\/es\/temas\/residencias-nobiliarias\/ruffo\/las-posesiones-en-campana-el-feudo-de-santantimo\/\" title=\"Las posesiones en Campa\u00f1a: el feudo de Sant'Antimo\">&lt;&lt;&lt;&#8212;p\u00e1gina precedente<\/a><span>&nbsp;&nbsp;&nbsp;<\/span> <span>&nbsp;<\/span> <a href=\"\/es\/temas\/residencias-nobiliarias\/ruffo\/el-palacio-de-portici\/\" title=\"El Palacio de Portici\">p\u00e1gina siguiente&#8212;&gt;&gt;&gt;<\/a><a href=\"\/es\/temas\/residencias-nobiliarias\/la-forma-de-vida-aristocratica-en-epoca-barroca\/reestructuraciones-de-castillos-y-fortalezas\/\" title=\"Reestructuraciones de castillos y fortalezas\"><\/a><\/p>\n<\/p><\/div>\n<p><\/p>\n","protected":false},"excerpt":{"rendered":"<p>El paso a N\u00e1poles La residencia permanente de los Ruffo di Bagnara en la capital del Reino fue bastante tard\u00eda, en la segunda mitad del siglo XVII, as\u00ed como su inscripci\u00f3n en los Seggi napolitanosLa nobleza napolitana se divid\u00eda en edad moderna en cinco plazas&hellip;<\/p>\n","protected":false},"author":1,"featured_media":0,"parent":7606,"menu_order":0,"comment_status":"closed","ping_status":"closed","template":"","meta":{"footnotes":""},"class_list":["post-6748","page","type-page","status-publish","hentry"],"_links":{"self":[{"href":"https:\/\/digitalhistory.unite.it\/es\/wp-json\/wp\/v2\/pages\/6748","targetHints":{"allow":["GET"]}}],"collection":[{"href":"https:\/\/digitalhistory.unite.it\/es\/wp-json\/wp\/v2\/pages"}],"about":[{"href":"https:\/\/digitalhistory.unite.it\/es\/wp-json\/wp\/v2\/types\/page"}],"author":[{"embeddable":true,"href":"https:\/\/digitalhistory.unite.it\/es\/wp-json\/wp\/v2\/users\/1"}],"replies":[{"embeddable":true,"href":"https:\/\/digitalhistory.unite.it\/es\/wp-json\/wp\/v2\/comments?post=6748"}],"version-history":[{"count":2,"href":"https:\/\/digitalhistory.unite.it\/es\/wp-json\/wp\/v2\/pages\/6748\/revisions"}],"predecessor-version":[{"id":11917,"href":"https:\/\/digitalhistory.unite.it\/es\/wp-json\/wp\/v2\/pages\/6748\/revisions\/11917"}],"up":[{"embeddable":true,"href":"https:\/\/digitalhistory.unite.it\/es\/wp-json\/wp\/v2\/pages\/7606"}],"wp:attachment":[{"href":"https:\/\/digitalhistory.unite.it\/es\/wp-json\/wp\/v2\/media?parent=6748"}],"curies":[{"name":"wp","href":"https:\/\/api.w.org\/{rel}","templated":true}]}}