{"id":6749,"date":"2021-08-20T00:03:56","date_gmt":"2021-08-19T22:03:56","guid":{"rendered":"https:\/\/digitalhistory.unite.it\/el-palacio-de-portici\/"},"modified":"2021-11-23T15:28:50","modified_gmt":"2021-11-23T14:28:50","slug":"el-palacio-de-portici","status":"publish","type":"page","link":"https:\/\/digitalhistory.unite.it\/es\/temas\/residencias-nobiliarias\/ruffo\/el-palacio-de-portici\/","title":{"rendered":"El Palacio de Portici"},"content":{"rendered":"<h1>El Palacio de Portici <\/h1>\n<div class=\"testo\">\n<p style=\"text-align: justify\">Los Ruffo di <a href=\"\/es\/temas\/residencias-nobiliarias\/ruffo\/la-familia-ruffo\/bagnara\/\" title=\"Bagnara\">Bagnara<\/a> se encontraban entre los primeros arist\u00f3cratas que, una vez que se establecieron en <a href=\"\/es\/territorios\/itinerarios-urbanos\/lecce\/plaza-de-san-oronzo\/napoles\/\" title=\"N\u00e1poles\">N\u00e1poles<\/a>, introdujeron la moda de las viviendas extra- urbanas, con la construcci\u00f3n de un impresionante edificio en Portici, un lugar que s\u00f3lo por la belleza del paisaje y la salubridad del \u00e1rea fue elegido por los nobles napolitanos como residencia de campo. Las suntuosas villas de Portici hoy representan uno de los principales atractivos tur\u00edsticos de la zona.<\/p>\n<p style=\"text-align: justify\"><img loading=\"lazy\" decoding=\"async\" src=\"https:\/\/digitalhistory.unite.it\/wp-content\/uploads\/2021\/08\/palazzo_ruffo_portici_252x189.jpg\" width=\"252\" height=\"189\" alt=\"Palazzo Ruffo Portici\" align=\"left\">Entre los edificios m\u00e1s antiguos de Portici, el Palacio de los Ruffo fue construido en 1720 por Paolo Ruffo duque de Bagnara, dise\u00f1ado por <a href=\"#\" class=\"tooltip yellow-tooltip\">Ferdinando Sanfelice<span>Ferdinando Sanfelice (1675-1748) naci\u00f3 y muri\u00f3 en N\u00e1poles, donde desarroll\u00f3 una intensa actividad como arquitecto y como creador de escenograf\u00edas ef\u00edmeras para las fiestas laicas y religiosas, seg\u00fan el gusto t\u00edpico del Barroco. De linaje noble, trabaj\u00f3 en otros centros como Salerno y Nard\u00f2.<\/span><\/a>. La fachada a lo largo del Corso Garibaldi conserva bien poco del antiguo esplendor, en parte debido a los cambios del siglo XIX deseados por el duque Vincenzo Ruffo duque de Bagnara, como recuerda una placa en la pared de la derecha del zagu\u00e1n n. 73. En la fachada principal tiene tres portales con arco de medio punto y enmarcados por dos columnas, que descansan sobre pilares con capiteles j\u00f3nicos y un entablamento sobre el que se colocan los balcones principales. Al igual que con la mayor\u00eda de las villas del Vesubio, incluso en este caso, la ubicaci\u00f3n del edificio respecto a la calle recuerda al palacio de la ciudad: el cuerpo principal est\u00e1 situado en el borde de la calle, estableciendo un contacto directo con ella tanto desde la planta baja, por medio de la apertura del portal, como de la planta alta, gracias a la presencia de los balcones. Detr\u00e1s se extend\u00eda la zona del jard\u00edn, a la que se acced\u00eda a trav\u00e9s de una serie de espacios, ordenados de acuerdo a la secuencia de zagu\u00e1n-patio-jard\u00edn y una disposici\u00f3n que permite a la villa estar en contacto directo con las villas lim\u00edtrofes.<\/p>\n<p style=\"text-align: justify\">Superado el portal n. 73, coronado por el escudo de armas de la familia de los Ruffo, se accede a una puerta cubierta por un artesonado de b\u00f3veda de ca\u00f1\u00f3n con motivos geom\u00e9tricos hexagonales y romboides. El patio est\u00e1 rodeado por dos muros curvados; en el lado izquierdo est\u00e1 dispuesta una rampa que conduc\u00eda a las antiguas caballerizas, mientras que el centro daba acceso al camino de entrada al jard\u00edn. Este \u00faltimo, que originalmente llegaba hasta el mar, donde hab\u00eda una gran torre, demolida en los a\u00f1os sesenta, llamada la Torre de Bagnara. Las cuevas del jard\u00edn flu\u00eda fuera el agua -que se hicieron muy famosas- y agradaban al rey <a href=\"#\" class=\"tooltip yellow-tooltip\">Fernando IV<span>Hijo de Carlos III de Borb\u00f3n (1716-1788) y de Mar\u00eda Amalia de Sajonia (1724-1760), Fernando (1751-1825) fue rey de Sicilia del 1759 al 1816, como Fernando III, y rey de N\u00e1poles del 1759 al 1799, con el nombre de Fernando IV. Tras un breve par\u00e9ntesis de la Rep\u00fablica napolitana, volvi\u00f3 al trono de N\u00e1poles en ese mismo a\u00f1o (1799) hasta 1806. Tras la derrota de Napole\u00f3n Bonaparte y las decisiones tomadas en el Congreso de Viena, Fernando se convirti\u00f3 en el primer rey del reino de las Dos Sicilias (Fernando I), de 1816 a 1825.<\/span><\/a> que las usaba para su uso personal.<\/p>\n<p>  La fachada interior, muy da\u00f1ada, dejaba adivinar tan s\u00f3lo alg\u00fan signo de su antiguo esplendor. La terraza de la primera planta, que correspond\u00eda con el sal\u00f3n de fiestas, disponi\u00e9ndose a lo largo de todo el largo del edificio, permiti\u00f3 hacer disfrutar de una impresionante vista panor\u00e1mica del jard\u00edn y la bah\u00eda. A la derecha de la puerta central hubo una vez una peque\u00f1a capilla dedicada a la &#8220;Asunci\u00f3n&#8221;, levantada en 1724 por Paolo Ruffo.<\/p>\n<p style=\"text-align: justify\"><a href=\"\/es\/temas\/residencias-nobiliarias\/ruffo\/el-paso-a-napoles\/\" title=\"El paso a N\u00e1poles\">&lt;&lt;&lt;&#8212;p\u00e1gina precedente<\/a><span>&nbsp;&nbsp;&nbsp;<\/span> <span>&nbsp;<\/span> <a href=\"\/es\/temas\/residencias-nobiliarias\/\" title=\"Residencias nobiliarias\">\u00cdndice&#8212;&gt;&gt;&gt;<\/a><a href=\"\/es\/temas\/residencias-nobiliarias\/\" title=\"Residencias nobiliarias\"><\/a><\/p>\n<\/p><\/div>\n<p><\/p>\n","protected":false},"excerpt":{"rendered":"<p>El Palacio de Portici Los Ruffo di Bagnara se encontraban entre los primeros arist\u00f3cratas que, una vez que se establecieron en N\u00e1poles, introdujeron la moda de las viviendas extra- urbanas, con la construcci\u00f3n de un impresionante edificio en Portici, un lugar que s\u00f3lo por la&hellip;<\/p>\n","protected":false},"author":1,"featured_media":0,"parent":7606,"menu_order":0,"comment_status":"closed","ping_status":"closed","template":"","meta":{"footnotes":""},"class_list":["post-6749","page","type-page","status-publish","hentry"],"_links":{"self":[{"href":"https:\/\/digitalhistory.unite.it\/es\/wp-json\/wp\/v2\/pages\/6749","targetHints":{"allow":["GET"]}}],"collection":[{"href":"https:\/\/digitalhistory.unite.it\/es\/wp-json\/wp\/v2\/pages"}],"about":[{"href":"https:\/\/digitalhistory.unite.it\/es\/wp-json\/wp\/v2\/types\/page"}],"author":[{"embeddable":true,"href":"https:\/\/digitalhistory.unite.it\/es\/wp-json\/wp\/v2\/users\/1"}],"replies":[{"embeddable":true,"href":"https:\/\/digitalhistory.unite.it\/es\/wp-json\/wp\/v2\/comments?post=6749"}],"version-history":[{"count":2,"href":"https:\/\/digitalhistory.unite.it\/es\/wp-json\/wp\/v2\/pages\/6749\/revisions"}],"predecessor-version":[{"id":11916,"href":"https:\/\/digitalhistory.unite.it\/es\/wp-json\/wp\/v2\/pages\/6749\/revisions\/11916"}],"up":[{"embeddable":true,"href":"https:\/\/digitalhistory.unite.it\/es\/wp-json\/wp\/v2\/pages\/7606"}],"wp:attachment":[{"href":"https:\/\/digitalhistory.unite.it\/es\/wp-json\/wp\/v2\/media?parent=6749"}],"curies":[{"name":"wp","href":"https:\/\/api.w.org\/{rel}","templated":true}]}}