{"id":6750,"date":"2021-08-20T00:03:56","date_gmt":"2021-08-19T22:03:56","guid":{"rendered":"https:\/\/digitalhistory.unite.it\/la-familia-acquaviva\/"},"modified":"2021-11-23T15:28:54","modified_gmt":"2021-11-23T14:28:54","slug":"la-familia-acquaviva","status":"publish","type":"page","link":"https:\/\/digitalhistory.unite.it\/es\/temas\/residencias-nobiliarias\/acquaviva\/la-familia-acquaviva\/","title":{"rendered":"La familia Acquaviva"},"content":{"rendered":"<h1>La familia Acquaviva <\/h1>\n<div class=\"testo\">\n<p style=\"text-align: justify\"><img loading=\"lazy\" decoding=\"async\" src=\"https:\/\/digitalhistory.unite.it\/wp-content\/uploads\/2021\/08\/immagine_1_204x290.jpg\" width=\"204\" height=\"290\" alt=\"Stemma Acquaviva\" align=\"left\">La familia Acquaviva, quien asumi\u00f3 a finales del siglo XV tambi\u00e9n el nombre de Arag\u00f3n, fue considerada una de las siete grandes familias del <a href=\"\/es\/territorios\/itinerarios-urbanos\/lecce\/otros-restos\/reino-de-napoles\/\" title=\"Reino de N\u00e1poles\">reino de N\u00e1poles<\/a>. Duques de Atri y condes de Conversano, pero tambi\u00e9n, en las ramas colaterales, pr\u00edncipes de <a href=\"\/es\/territorios\/itinerarios-internacionales\/belenes\/belenes-napolitanos-en-el-sur-de-italia\/caserta\/\" title=\"Caserta\">Caserta<\/a> y duques de Nard\u00f2, estuvieron presentes en diferentes territorios del Reino &#8211; Puglia, Abruzzo, Campania &#8211; y, siempre con mayor incidencia, desde el siglo XVI, en la capital, <a href=\"\/es\/territorios\/itinerarios-urbanos\/lecce\/plaza-de-san-oronzo\/napoles\/\" title=\"N\u00e1poles\">N\u00e1poles<\/a>. Nobles guerreros, entre finales del siglo XV y la primera mitad del XVI ajustaron su propio perfil para un nuevo modelo de nobleza que miraba a la formaci\u00f3n cultural, al mecenazgo, a las &#8220;virtudes morales&#8221;, como tantos otros elementos que definen la nobleza, hubo tambi\u00e9n entre ellos, representantes destacados del mundo religioso, el primero de ellos, <a href=\"#\" class=\"tooltip yellow-tooltip\">Claudio Acquaviva<span>Claudio Acquaviva d&#8217;Aragona (1543-1615) naci\u00f3 en Atri, uno de los diez hijos del duque Giannantonio Donato. Despu\u00e9s de estudiar derecho, tom\u00f3 la carrera sacerdotal y entr\u00f3 como novicio en la Compa\u00f1\u00eda de Jes\u00fas en 1557. A la muerte de Everardo Mercuriano, fue elegido quinto General en la Historia de la Orden en 1581. Fue el General m\u00e1s joven en la historia de la Compa\u00f1\u00eda y el que permaneci\u00f3 en el cargo por m\u00e1s tiempo: 34 a\u00f1os.<\/span><\/a>, quien fue elegido, en 1581, quinto general de la <a href=\"\/es\/territorios\/itinerarios-urbanos\/lecce\/seminario\/la-compania-de-jesus\/\" title=\"La Compa\u00f1\u00eda de Jes\u00fas\">Compa\u00f1\u00eda de Jes\u00fas<\/a>. De este modo, el v\u00ednculo entre el poder y la cultura se hizo cada vez m\u00e1s estrecho, de forma que los lugares en los que habitaban en Abruzzo, Puglia y, por \u00faltimo, N\u00e1poles, se caracterizaron por ser centros de cultura, las <a href=\"\/es\/territorios\/itinerarios-urbanos\/valladolid\/iglesia-de-san-pablo\/corte\/\" title=\"Corte\">cortes<\/a> del Renacimiento y, m\u00e1s tarde, del Barroco. Comisionar obras de arte de gran calidad significaba no s\u00f3lo acreditarse como mecenas sino, sobre todo, concebir un proyecto pol\u00edtico de afirmaci\u00f3n y legitimidad: la cultura y el mecenazgo art\u00edstico eran, de hecho, la base para confirmar el prestigio de la familia acredit\u00e1ndola como la alta nobleza del reino. (en la foto: el escudo de armas de los Acquaviva).<\/p>\n<p style=\"text-align: justify\"><a href=\"\/es\/temas\/residencias-nobiliarias\/\" title=\"Residencias nobiliarias\">&lt;&lt;&lt;&#8212;\u00cdndice<\/a> <span>&nbsp;<\/span> <a href=\"\/es\/temas\/residencias-nobiliarias\/acquaviva\/atri-y-el-palacio-acquaviva-primera-parte\/\" title=\"Atri y el Palacio Acquaviva (primera parte)\">p\u00e1gina siguiente&#8212;&gt;&gt;&gt;<\/a><\/p>\n<\/div>\n","protected":false},"excerpt":{"rendered":"<p>La familia Acquaviva La familia Acquaviva, quien asumi\u00f3 a finales del siglo XV tambi\u00e9n el nombre de Arag\u00f3n, fue considerada una de las siete grandes familias del reino de N\u00e1poles. Duques de Atri y condes de Conversano, pero tambi\u00e9n, en las ramas colaterales, pr\u00edncipes de&hellip;<\/p>\n","protected":false},"author":1,"featured_media":0,"parent":7610,"menu_order":0,"comment_status":"closed","ping_status":"closed","template":"","meta":{"footnotes":""},"class_list":["post-6750","page","type-page","status-publish","hentry"],"_links":{"self":[{"href":"https:\/\/digitalhistory.unite.it\/es\/wp-json\/wp\/v2\/pages\/6750","targetHints":{"allow":["GET"]}}],"collection":[{"href":"https:\/\/digitalhistory.unite.it\/es\/wp-json\/wp\/v2\/pages"}],"about":[{"href":"https:\/\/digitalhistory.unite.it\/es\/wp-json\/wp\/v2\/types\/page"}],"author":[{"embeddable":true,"href":"https:\/\/digitalhistory.unite.it\/es\/wp-json\/wp\/v2\/users\/1"}],"replies":[{"embeddable":true,"href":"https:\/\/digitalhistory.unite.it\/es\/wp-json\/wp\/v2\/comments?post=6750"}],"version-history":[{"count":2,"href":"https:\/\/digitalhistory.unite.it\/es\/wp-json\/wp\/v2\/pages\/6750\/revisions"}],"predecessor-version":[{"id":11954,"href":"https:\/\/digitalhistory.unite.it\/es\/wp-json\/wp\/v2\/pages\/6750\/revisions\/11954"}],"up":[{"embeddable":true,"href":"https:\/\/digitalhistory.unite.it\/es\/wp-json\/wp\/v2\/pages\/7610"}],"wp:attachment":[{"href":"https:\/\/digitalhistory.unite.it\/es\/wp-json\/wp\/v2\/media?parent=6750"}],"curies":[{"name":"wp","href":"https:\/\/api.w.org\/{rel}","templated":true}]}}