{"id":6751,"date":"2021-08-20T00:03:56","date_gmt":"2021-08-19T22:03:56","guid":{"rendered":"https:\/\/digitalhistory.unite.it\/atri-y-el-palacio-acquaviva-primera-parte\/"},"modified":"2021-11-23T15:28:54","modified_gmt":"2021-11-23T14:28:54","slug":"atri-y-el-palacio-acquaviva-primera-parte","status":"publish","type":"page","link":"https:\/\/digitalhistory.unite.it\/es\/temas\/residencias-nobiliarias\/acquaviva\/atri-y-el-palacio-acquaviva-primera-parte\/","title":{"rendered":"El coraz\u00f3n abruzzense del ducado: Atri y el Palacio Acquaviva (primera parte)"},"content":{"rendered":"<h1>El coraz\u00f3n abruzzense del ducado: Atri y el Palacio Acquaviva (primera parte) <\/h1>\n<div class=\"testo\">\n<p style=\"text-align: justify\"><img loading=\"lazy\" decoding=\"async\" src=\"https:\/\/digitalhistory.unite.it\/wp-content\/uploads\/2021\/08\/2._atri_340x240.jpg\" width=\"340\" height=\"240\" alt=\"Palazzo Acquaviva Atri\" align=\"left\">La ciudad de Atri fue vendida en 1395 por 35.000 ducados al conde de San Flaviano, Antonio Acquaviva, y perteneci\u00f3 a la familia hasta 1760, cuando cay\u00f3 bajo el dominio directo del rey de <a href=\"\/es\/territorios\/itinerarios-urbanos\/lecce\/plaza-de-san-oronzo\/napoles\/\" title=\"N\u00e1poles\">N\u00e1poles<\/a>. Fue la capital del llamado Estado de Atri, que incluy\u00f3 un gran n\u00famero de territorios y pueblos ubicados en la actual provincia de <a href=\"\/es\/temas\/fiestas-y-rituales\/la-semana-santa-en-los-abruzos\/teramo\/\" title=\"Teramo\">Teramo<\/a>. El Palacio ducal de Atri, hoy sede del Ayuntamiento, ha sido durante d\u00e9cadas el lugar privilegiado de residencia de la familia Acquaviva. Dise\u00f1ado como una verdadera &#8220;peque\u00f1a <a href=\"\/es\/territorios\/itinerarios-urbanos\/valladolid\/iglesia-de-san-pablo\/corte\/\" title=\"Corte\">corte<\/a>&#8220;, los duques vivieron all\u00ed, por lo menos hasta mediados del siglo XVI, junto a la familia, los servidores, los consejeros, los oficiales, los soldados, los administradores, y parece que estuvo por alg\u00fan tiempo <a href=\"\/es\/territorios\/itinerarios-urbanos\/alcala\/alcala-de-henares\/cervantes\/\" title=\"Cervantes\">Cervantes<\/a> como secretario de Claudio Acquaviva. En origen las &#8220;casas reales&#8221;, construidas sobre las ruinas de las termas, del p\u00f3rtico, del &#8220;capitolium&#8221; de la ciudad romana, pas\u00f3 a los <a href=\"\/es\/territorios\/itinerarios-urbanos\/lecce\/zimbalo\/dominicos\/\" title=\"Dominicos\">dominicos<\/a> por donaci\u00f3n de Carlos II de Anjou, pasando a ser posesi\u00f3n de los Acquaviva a finales del siglo XIV, y fue Antonio Acquaviva, primer duque, quien comenz\u00f3 su transformaci\u00f3n en un verdadero palacio. Sigui\u00f3 las caracter\u00edsticas tipol\u00f3gicas derivadas de los <a href=\"\/es\/temas\/residencias-nobiliarias\/la-forma-de-vida-aristocratica-en-epoca-barroca\/reestructuraciones-de-castillos-y-fortalezas\/\" title=\"Reestructuraciones de castillos y fortalezas\">castillos<\/a> defensivos, adoptando, por ello, la planta rectangular, con un patio en el centro; a principios del siglo XV, por lo tanto, el palacio ten\u00eda un aspecto austero y militarista, y no era todav\u00eda la sede principal de los Acquaviva. Fue con Giosia, en la segunda mitad del siglo XV, cuando el palacio fue adaptado a las casas modernas de la nobleza. El duque, de hecho, se hizo cargo de las obras de fortalecimiento de la construcci\u00f3n e hizo decorar con frescos las inmensas salas del palacio, de los que no quedan huella, hecho por Giacomo d&#8217;Atri, Giovanni de Varesis y Andrea de Litio. A principios del siglo XVI, durante una fuerte crisis pol\u00edtica que se extendi\u00f3 en la familia Acquaviva, el palacio fue abandonado y cay\u00f3 en una profunda decadencia; s\u00f3lo con Andrea Matteo III, la familia volvi\u00f3 a desempe\u00f1ar un papel pol\u00edtico destacado en el <a href=\"\/es\/territorios\/itinerarios-urbanos\/lecce\/otros-restos\/reino-de-napoles\/\" title=\"Reino de N\u00e1poles\">Reino<\/a> y Giovanni Antonio Donato, VIII duque de Atri, en la segunda mitad del siglo XVI, se inici\u00f3 una nueva fase decisiva de la construcci\u00f3n, que le dio al edificio el aspecto que todav\u00eda hoy conserva. Fueron llamados arquitectos y artesanos an\u00f3nimos, pero virtuosos, para su realizaci\u00f3n.<\/p>\n<p style=\"text-align: justify\"><a href=\"\/es\/temas\/residencias-nobiliarias\/acquaviva\/la-familia-acquaviva\/\" title=\"La familia Acquaviva\">&lt;&lt;&lt;&#8212;p\u00e1gina precedente<\/a><span>&nbsp;&nbsp;&nbsp;<\/span> <a href=\"\/es\/temas\/residencias-nobiliarias\/acquaviva\/atri-y-el-palacio-acquaviva-segunda-parte\/\" title=\"Atri y el Palacio Acquaviva (segunda parte)\">p\u00e1gina siguiente&#8212;&gt;&gt;&gt;<\/a><\/p>\n<\/p><\/div>\n<p><\/p>\n","protected":false},"excerpt":{"rendered":"<p>El coraz\u00f3n abruzzense del ducado: Atri y el Palacio Acquaviva (primera parte) La ciudad de Atri fue vendida en 1395 por 35.000 ducados al conde de San Flaviano, Antonio Acquaviva, y perteneci\u00f3 a la familia hasta 1760, cuando cay\u00f3 bajo el dominio directo del rey&hellip;<\/p>\n","protected":false},"author":1,"featured_media":0,"parent":7610,"menu_order":0,"comment_status":"closed","ping_status":"closed","template":"","meta":{"footnotes":""},"class_list":["post-6751","page","type-page","status-publish","hentry"],"_links":{"self":[{"href":"https:\/\/digitalhistory.unite.it\/es\/wp-json\/wp\/v2\/pages\/6751","targetHints":{"allow":["GET"]}}],"collection":[{"href":"https:\/\/digitalhistory.unite.it\/es\/wp-json\/wp\/v2\/pages"}],"about":[{"href":"https:\/\/digitalhistory.unite.it\/es\/wp-json\/wp\/v2\/types\/page"}],"author":[{"embeddable":true,"href":"https:\/\/digitalhistory.unite.it\/es\/wp-json\/wp\/v2\/users\/1"}],"replies":[{"embeddable":true,"href":"https:\/\/digitalhistory.unite.it\/es\/wp-json\/wp\/v2\/comments?post=6751"}],"version-history":[{"count":2,"href":"https:\/\/digitalhistory.unite.it\/es\/wp-json\/wp\/v2\/pages\/6751\/revisions"}],"predecessor-version":[{"id":11952,"href":"https:\/\/digitalhistory.unite.it\/es\/wp-json\/wp\/v2\/pages\/6751\/revisions\/11952"}],"up":[{"embeddable":true,"href":"https:\/\/digitalhistory.unite.it\/es\/wp-json\/wp\/v2\/pages\/7610"}],"wp:attachment":[{"href":"https:\/\/digitalhistory.unite.it\/es\/wp-json\/wp\/v2\/media?parent=6751"}],"curies":[{"name":"wp","href":"https:\/\/api.w.org\/{rel}","templated":true}]}}