{"id":6752,"date":"2021-08-20T00:03:56","date_gmt":"2021-08-19T22:03:56","guid":{"rendered":"https:\/\/digitalhistory.unite.it\/atri-y-el-palacio-acquaviva-segunda-parte\/"},"modified":"2021-11-23T15:28:54","modified_gmt":"2021-11-23T14:28:54","slug":"atri-y-el-palacio-acquaviva-segunda-parte","status":"publish","type":"page","link":"https:\/\/digitalhistory.unite.it\/es\/temas\/residencias-nobiliarias\/acquaviva\/atri-y-el-palacio-acquaviva-segunda-parte\/","title":{"rendered":"El coraz\u00f3n abruzzense del ducado: Atri y el Palacio Acquaviva (segunda parte)"},"content":{"rendered":"<h1>El coraz\u00f3n abruzzense del ducado: Atri y el Palacio Acquaviva (segunda parte) <\/h1>\n<div class=\"testo\">\n<p style=\"text-align: justify\"><img loading=\"lazy\" decoding=\"async\" src=\"https:\/\/digitalhistory.unite.it\/wp-content\/uploads\/2021\/08\/cattedrale_atri_252x189.jpg\" width=\"252\" height=\"189\" alt=\"Duomo Atri\" align=\"left\">A la muerte de Giovanni Antonio Donato le sucedi\u00f3 en el ducado Giovanni Girolamo I, quien, al igual que sus predecesores, le gustaba rodearse de escritores y artistas y continu\u00f3 embelleciendo su <a href=\"\/es\/territorios\/itinerarios-urbanos\/valladolid\/iglesia-de-san-pablo\/corte\/\" title=\"Corte\">corte<\/a>. Extendido el palacio ducal en el \u00e1rea oriental, convirti\u00f3 un sal\u00f3n en un teatro, donde los artistas y escritores se reun\u00edan, y donde \u00e9l mismo, escritor y poeta, recitaba sus composiciones con su hermana Dorotea, poetisa muy reconocida en aquel momento. Desde finales del siglo XVI los descendientes de Giovan Girolamo I Acquaviva viv\u00edan lejos del Abruzzo y pasaban a Atri s\u00f3lo para visitas cortas y el palacio entr\u00f3 en una profunda decadencia. Un breve &#8220;renacer&#8221; se produjo a finales del siglo XVII, gracias a Giovanni Girolamo II, que ven\u00eda algunas veces con su mujer para permanecer un tiempo en el lugar. El edificio fue remodelado en el exterior, con el fin de hacerlo menos austero y m\u00e1s en consonancia con el arte barroco predominante: construy\u00f3 una cornisa, que rodeaba todo el edificio, pero la novedad m\u00e1s importante se llev\u00f3 a cabo en el interior, donde a Giacomo Farelli, conocido pintor de la aristocracia <a href=\"\/es\/territorios\/itinerarios-urbanos\/lecce\/plaza-de-san-oronzo\/napoles\/\" title=\"N\u00e1poles\">napolitana<\/a>, se le pidi\u00f3 a pintar los frescos de varias habitaciones en la planta principal del edificio. Realiz\u00f3 en el sal\u00f3n de honor la <em>Batalla de J\u00fapiter con los Gigantes<\/em>, en una habitaci\u00f3n contigua la <em>Vida de H\u00e9rcules<\/em>, y en la Sala de Audiencias en el interior de los grandes ovales los retratos de todos los duques, duquesas y los personajes m\u00e1s eminentes de la familia, desde Antonio en adelante. En l\u00ednea con la cultura aristocr\u00e1tica napolitana, estas elecciones art\u00edsticas estaban destinadas a exaltar la estirpe y el modo de vida aristocr\u00e1tico; pero al mismo tiempo, los valores militares, la fuerza, y la &#8220;violencia&#8221; continuaron siendo fundamentales para la familia, y en concreto para Giovan Girolamo, hombre de armas al servicio de <a href=\"\/es\/territorios\/itinerarios-urbanos\/valladolid\/iglesia-de-la-pasion\/felipe-v\/\" title=\"Felipe V\">Felipe V<\/a>. Hoy, por desgracia, de estas pinturas queda muy poco. El palacio ducal fue duramente golpeado por las tropas austr\u00edacas durante la <a href=\"\/es\/territorios\/itinerarios-internacionales\/estatuas-ecuestres-de-reyes-espanoles\/las-estatuas-ecuestres-y-la-monarquia-espanola\/la-guerra-de-sucesion-espanola\/\" title=\"La Guerra de Sucesi\u00f3n espa\u00f1ola\">Guerra de Sucesi\u00f3n espa\u00f1ola<\/a> y con la extinci\u00f3n de los Duques de Acquaviva de la rama de Atri se convirti\u00f3 en propiedad estatal, bajo <a href=\"\/es\/territorios\/itinerarios-urbanos\/napoles-y-el-cardinal-ascanio-filomarino\/el-palacio-real\/carlos-iii-de-borbon\/\" title=\"Carlos III de Borb\u00f3n\">Carlos de Borb\u00f3n<\/a> (foto: Catedral de Atri).<\/p>\n<p style=\"text-align: justify\"><a href=\"\/es\/temas\/residencias-nobiliarias\/acquaviva\/atri-y-el-palacio-acquaviva-primera-parte\/\" title=\"Atri y el Palacio Acquaviva (primera parte)\">&lt;&lt;&lt;&#8212;p\u00e1gina precedente<\/a><span>&nbsp;&nbsp;&nbsp;<\/span> <a href=\"\/es\/temas\/residencias-nobiliarias\/acquaviva\/otras-posesiones-en-abruzzo\/\" title=\"Otras posesiones en Abruzzo\">p\u00e1gina siguiente&#8212;&gt;&gt;&gt;<\/a><\/p>\n<\/p><\/div>\n<p><\/p>\n","protected":false},"excerpt":{"rendered":"<p>El coraz\u00f3n abruzzense del ducado: Atri y el Palacio Acquaviva (segunda parte) A la muerte de Giovanni Antonio Donato le sucedi\u00f3 en el ducado Giovanni Girolamo I, quien, al igual que sus predecesores, le gustaba rodearse de escritores y artistas y continu\u00f3 embelleciendo su corte.&hellip;<\/p>\n","protected":false},"author":1,"featured_media":0,"parent":7610,"menu_order":0,"comment_status":"closed","ping_status":"closed","template":"","meta":{"footnotes":""},"class_list":["post-6752","page","type-page","status-publish","hentry"],"_links":{"self":[{"href":"https:\/\/digitalhistory.unite.it\/es\/wp-json\/wp\/v2\/pages\/6752","targetHints":{"allow":["GET"]}}],"collection":[{"href":"https:\/\/digitalhistory.unite.it\/es\/wp-json\/wp\/v2\/pages"}],"about":[{"href":"https:\/\/digitalhistory.unite.it\/es\/wp-json\/wp\/v2\/types\/page"}],"author":[{"embeddable":true,"href":"https:\/\/digitalhistory.unite.it\/es\/wp-json\/wp\/v2\/users\/1"}],"replies":[{"embeddable":true,"href":"https:\/\/digitalhistory.unite.it\/es\/wp-json\/wp\/v2\/comments?post=6752"}],"version-history":[{"count":2,"href":"https:\/\/digitalhistory.unite.it\/es\/wp-json\/wp\/v2\/pages\/6752\/revisions"}],"predecessor-version":[{"id":11953,"href":"https:\/\/digitalhistory.unite.it\/es\/wp-json\/wp\/v2\/pages\/6752\/revisions\/11953"}],"up":[{"embeddable":true,"href":"https:\/\/digitalhistory.unite.it\/es\/wp-json\/wp\/v2\/pages\/7610"}],"wp:attachment":[{"href":"https:\/\/digitalhistory.unite.it\/es\/wp-json\/wp\/v2\/media?parent=6752"}],"curies":[{"name":"wp","href":"https:\/\/api.w.org\/{rel}","templated":true}]}}