{"id":6753,"date":"2021-08-20T00:03:56","date_gmt":"2021-08-19T22:03:56","guid":{"rendered":"https:\/\/digitalhistory.unite.it\/otras-posesiones-en-abruzzo\/"},"modified":"2021-11-23T15:28:54","modified_gmt":"2021-11-23T14:28:54","slug":"otras-posesiones-en-abruzzo","status":"publish","type":"page","link":"https:\/\/digitalhistory.unite.it\/es\/temas\/residencias-nobiliarias\/acquaviva\/otras-posesiones-en-abruzzo\/","title":{"rendered":"Otras posesiones en Abruzzo"},"content":{"rendered":"<h1>Otras posesiones en Abruzzo <\/h1>\n<div class=\"testo\">\n<p style=\"text-align: justify\">La Catedral de Atri es testigo de los intereses art\u00edsticos de los Acquaviva: Andrea Matteo III encarg\u00f3 las tablas de la <em>Natividad<\/em> y de la <em>Flagelaci\u00f3n<\/em> a un pintor ib\u00e9rico de gran calidad, tal vez Pietro da Aponte, envi\u00e1ndoselas a la Catedral de Atri, donde est\u00e1n hoy expuestas. Tambi\u00e9n un probable retrato del duque es visible en el coro de la catedral.<\/p>\n<p style=\"text-align: justify\"><img loading=\"lazy\" decoding=\"async\" src=\"https:\/\/digitalhistory.unite.it\/wp-content\/uploads\/2021\/08\/3._cellino_226x324.jpg\" width=\"226\" height=\"324\" alt=\"Cellino Attanasio\" align=\"left\">Una visita se puede hacer a Cellino Attanasio, a unos 20 kil\u00f3metros, en el pasado coraz\u00f3n del ducado, donde Andrea Matteo III hab\u00eda restaurado la <a href=\"\/es\/temas\/residencias-nobiliarias\/la-forma-de-vida-aristocratica-en-epoca-barroca\/reestructuraciones-de-castillos-y-fortalezas\/\" title=\"Reestructuraciones de castillos y fortalezas\"><em>rocca<\/em><\/a> (foto) y la iglesia de Santa Mar\u00eda la Nueva, que enriqueci\u00f3 con tapices y muebles, con pinturas de Niccol\u00f2 di Bonaccorso, Jacobello da Fiore, Andrea Delitio; y en el interno de la cual, en el coro detr\u00e1s del altar, se encuentra la tumba de Giovanni Battista Acquaviva (que falleci\u00f3 a la edad de 14 a\u00f1os), representado acostado en el sepulcro, con dos \u00e1ngeles &#8220;reggistemma&#8221; (que sostienen el emblema).<\/p>\n<p style=\"text-align: justify\">Tambi\u00e9n en Giulianova se pueden encontrar rastros interesantes de la familia Acquaviva. La ciudad vieja (<em>Giulianova Alta<\/em>) es un ejemplo interesante de las ciudades de nueva fundaci\u00f3n. Giulio Antonio Acquaviva fund\u00f3, de hecho, en 1470, una villa fortificada en la frontera norte del <a href=\"\/es\/territorios\/itinerarios-urbanos\/lecce\/otros-restos\/reino-de-napoles\/\" title=\"Reino de N\u00e1poles\">Reino<\/a>, donde se acogieron a los vecinos de la cercana Castel San Flaviano, golpeada por la malaria, llamada Giulia Nova y construida con fines defensivos, en un momento en que se registr\u00f3 el aumento de los ataques de los turcos a lo largo de la costa del Adri\u00e1tico. Pero tambi\u00e9n hab\u00eda razones econ\u00f3micas en relaci\u00f3n con las posibilidades concretas de desarrollo agr\u00edcola de la zona: el fuerte flujo de migraci\u00f3n eslava y alban\u00e9s, huyendo de los turcos constituy\u00f3 una importante de mano de obra en la actividad de tala de los bosques y en el cultivo de la tierra. La nueva fundaci\u00f3n fue concebida simult\u00e1neamente como una fortaleza y una villa agr\u00edcola. No fueron ajenas a su construcci\u00f3n, la influencia cultural del humanismo, que desarrollaron otros nobles italianos, en diferentes contextos territoriales de la Pen\u00ednsula, para construir las ciudades-ideales. Giulianova a\u00fan conserva una estructura urbana singular e interesante y una imponente catedral, dedicada a San Flaviano, cuya construcci\u00f3n se inici\u00f3 por voluntad del duque en 1470, y que conserva obras de arte de cierto valor.<\/p>\n<p style=\"text-align: justify\"><a href=\"\/es\/temas\/residencias-nobiliarias\/acquaviva\/atri-y-el-palacio-acquaviva-segunda-parte\/\" title=\"Atri y el Palacio Acquaviva (segunda parte)\">&lt;&lt;&lt;&#8212;p\u00e1gina precedente<\/a><span>&nbsp;&nbsp;&nbsp;<\/span> <a href=\"\/es\/temas\/residencias-nobiliarias\/acquaviva\/los-dominios-puglieses-conversano\/\" title=\"Los dominios puglieses: Conversano\">p\u00e1gina siguiente&#8212;&gt;&gt;&gt;<\/a><\/p>\n<\/p><\/div>\n<p><\/p>\n","protected":false},"excerpt":{"rendered":"<p>Otras posesiones en Abruzzo La Catedral de Atri es testigo de los intereses art\u00edsticos de los Acquaviva: Andrea Matteo III encarg\u00f3 las tablas de la Natividad y de la Flagelaci\u00f3n a un pintor ib\u00e9rico de gran calidad, tal vez Pietro da Aponte, envi\u00e1ndoselas a la&hellip;<\/p>\n","protected":false},"author":1,"featured_media":0,"parent":7610,"menu_order":0,"comment_status":"closed","ping_status":"closed","template":"","meta":{"footnotes":""},"class_list":["post-6753","page","type-page","status-publish","hentry"],"_links":{"self":[{"href":"https:\/\/digitalhistory.unite.it\/es\/wp-json\/wp\/v2\/pages\/6753","targetHints":{"allow":["GET"]}}],"collection":[{"href":"https:\/\/digitalhistory.unite.it\/es\/wp-json\/wp\/v2\/pages"}],"about":[{"href":"https:\/\/digitalhistory.unite.it\/es\/wp-json\/wp\/v2\/types\/page"}],"author":[{"embeddable":true,"href":"https:\/\/digitalhistory.unite.it\/es\/wp-json\/wp\/v2\/users\/1"}],"replies":[{"embeddable":true,"href":"https:\/\/digitalhistory.unite.it\/es\/wp-json\/wp\/v2\/comments?post=6753"}],"version-history":[{"count":2,"href":"https:\/\/digitalhistory.unite.it\/es\/wp-json\/wp\/v2\/pages\/6753\/revisions"}],"predecessor-version":[{"id":11957,"href":"https:\/\/digitalhistory.unite.it\/es\/wp-json\/wp\/v2\/pages\/6753\/revisions\/11957"}],"up":[{"embeddable":true,"href":"https:\/\/digitalhistory.unite.it\/es\/wp-json\/wp\/v2\/pages\/7610"}],"wp:attachment":[{"href":"https:\/\/digitalhistory.unite.it\/es\/wp-json\/wp\/v2\/media?parent=6753"}],"curies":[{"name":"wp","href":"https:\/\/api.w.org\/{rel}","templated":true}]}}