{"id":6755,"date":"2021-08-20T00:03:56","date_gmt":"2021-08-19T22:03:56","guid":{"rendered":"https:\/\/digitalhistory.unite.it\/los-dominios-puglieses-marchione-y-alberobello\/"},"modified":"2021-11-23T15:28:54","modified_gmt":"2021-11-23T14:28:54","slug":"los-dominios-puglieses-marchione-y-alberobello","status":"publish","type":"page","link":"https:\/\/digitalhistory.unite.it\/es\/temas\/residencias-nobiliarias\/acquaviva\/los-dominios-puglieses-marchione-y-alberobello\/","title":{"rendered":"Los dominios puglieses: Marchione y Alberobello"},"content":{"rendered":"<h1>Los dominios puglieses: Marchione y Alberobello <\/h1>\n<div class=\"testo\">\n<p style=\"text-align: justify\"><img loading=\"lazy\" decoding=\"async\" src=\"https:\/\/digitalhistory.unite.it\/wp-content\/uploads\/2021\/08\/5._marchione_251x167.jpg\" width=\"251\" height=\"167\" alt=\"Marchione\" align=\"left\">Castello Marchione, a unos seis kil\u00f3metros de Conversano, fue construido por la familia Acquaviva d&#8217;Aragona en 1720 como <a href=\"\/es\/temas\/residencias-nobiliarias\/la-forma-de-vida-aristocratica-en-epoca-barroca\/las-residencias-rurales-y-las-casas-de-caza\/\" title=\"Las residencias rurales y las casas de caza\">casa de caza<\/a>. La finca cubre 1.260 hect\u00e1reas y consisti\u00f3 en un bosque de robles y matorral mediterr\u00e1neo; la leyenda cuenta que un pasaje subterr\u00e1neo un\u00eda Marchione con el Castillo de Conversano. El edificio tiene una simetr\u00eda perfecta, tanto a lo largo del eje longitudinal como a lo largo del transversal y repartido en tres plantas: la planta baja, el entresuelo y las cuatro torres dispuestas en las esquinas del edificio; el piso superior de \u00e9poca barroca, fue obra de la escuela de <a href=\"#\" class=\"tooltip yellow-tooltip\">Vanvitelli<span>Hijo del pintor holand\u00e9s Gaspard van Wittel, Luigi Vanvitelli (1700-1773) es una figura fundamental en el paso del Barroco al Neoclasicismo. Se encuentra entre las figuras m\u00e1s representativas de la arquitectura del setecientos italiano. Entre sus obras, la m\u00e1s conocida es, sin duda, el Palacio real de Caserta, cuya construcci\u00f3n fue acabada por su hijo Carlo.<\/span><\/a>. En planta superior los techos, originalmente de madera, que fueron reemplazados en el siglo XIX, con las b\u00f3vedas de mamposter\u00eda, excepto en el sal\u00f3n central, donde se reproducen, en dos hermosas pinturas, el escudo de los Acquaviva d&#8217;Aragona y el escudo de armas de los <a href=\"\/es\/territorios\/itinerarios-urbanos\/napoles-y-el-cardinal-ascanio-filomarino\/\" title=\"N\u00e1poles y el cardinal Ascanio Filomarino\">Filomarino<\/a>. En las paredes de la habitaci\u00f3n se cuelgan lienzos con dos \u00e1rboles de la familia, uno de la casa Acquaviva d&#8217;Aragona y la otra de Filomarino; tambi\u00e9n hay un retrato del famoso Giangirolamo II Acquaviva d&#8217;Aragona. En la misma pared hay &#8220;medallones&#8221; (pinturas al \u00f3leo sobre cobre), que representan a los distintos duques de Atri de la Casa Acquaviva d&#8217;Aragona.<\/p>\n<p style=\"text-align: justify\"><img loading=\"lazy\" decoding=\"async\" src=\"https:\/\/digitalhistory.unite.it\/wp-content\/uploads\/2021\/08\/alberobello_trulli_278x154.jpg\" width=\"278\" height=\"154\" alt=\"Trulli Alberobello\" align=\"left\">A treinta kil\u00f3metros de Conversano se encuentra Alberobello, la famosa ciudad de los &#8220;Trulli&#8221;. La ciudad debe su fundaci\u00f3n a Giangirolamo II d&#8217;Acquaviva, quien urbaniz\u00f3 lo que antes era un bosque, mediante la introducci\u00f3n desde algunos feudos vecinos a familias campesinas con la tarea de recuperar y cultivar la tierra. Sobre esta nueva fundaci\u00f3n circulan muchas leyendas. Parece, de hecho, que la construcci\u00f3n de los &#8220;Trulli&#8221; se remonta a este per\u00edodo y se debe a la abundancia de material sedimentario calc\u00e1reo y a la orden del conde de la construcci\u00f3n de viviendas s\u00f3lo con muros de piedra seca, sin el uso de mortero. Esta obligaci\u00f3n fue una estratagema del conde que hab\u00eda habitado el bosque de Alberobello sin permiso del <a href=\"\/es\/territorios\/itinerarios-urbanos\/lecce\/otros-restos\/reino-de-napoles\/\" title=\"Reino de N\u00e1poles\">virrey<\/a> y sin pagar el debido tributo a la corte real por las nuevas fundaciones; cuando los funcionarios del virrey hicieron la inspecci\u00f3n, las casas pod\u00edan ser f\u00e1cilmente demolidas: esto es lo que sucedi\u00f3 en 1644, cuando Giangirolamo, informado de la inspecci\u00f3n inminente, arras\u00f3 la aldea entera en una noche y los inspectores encontraron s\u00f3lo un mont\u00f3n de piedras.<\/p>\n<p style=\"text-align: justify\">Palacio Acquaviva fue utilizado como residencia de descanso y de caza y fue construido en 1635 por Gian Girolamo II (como se evidencia por una inscripci\u00f3n en la fachada que da al jard\u00edn). Inicialmente, el edificio era en una sola planta, incluyendo una taberna y otros locales. Tambi\u00e9n hubo una capilla familiar dentro con una pintura que representa a la Virgen de Loreto y los Santos Medici Cosme y Dami\u00e1n: la evidencia del culto a la Virgen y de los Santos Medici, como se observa, son una constante siempre presente en los diferentes edificios relacionados con la familia Acquaviva. El culto a los dos santos, poco presente hasta ese momento para Alberobello, que luego lleg\u00f3 a ser muy importante para la ciudad, fue probablemente introducido por Isabella Filomarino, muy devota de la Santos Medici. La parte privada, reservada para la familia, se compon\u00eda de 13 habitaciones destinadas &#8220;para el uso de camas y de la sala de recepci\u00f3n&#8221;, a comunicarse entre s\u00ed y al lado de la capilla. El segundo piso del edificio fue levantado en el siglo XVIII. Las intervenciones sucesivas del siglo XIX han alterado profundamente la estructura original del edificio.<\/p>\n<p style=\"text-align: justify\"><a href=\"\/es\/temas\/residencias-nobiliarias\/acquaviva\/los-dominios-puglieses-conversano\/\" title=\"Los dominios puglieses: Conversano\">&lt;&lt;&lt;&#8212;p\u00e1gina precedente<\/a><span>&nbsp;&nbsp;&nbsp;<\/span> <a href=\"\/es\/temas\/residencias-nobiliarias\/acquaviva\/a-la-conquista-de-la-capital-el-palacio-urbano-de-napoles\/\" title=\"A la conquista de la capital: el palacio urbano de N\u00e1poles\">p\u00e1gina siguiente&#8212;&gt;&gt;&gt;<\/a><\/p>\n<\/p><\/div>\n<p><\/p>\n","protected":false},"excerpt":{"rendered":"<p>Los dominios puglieses: Marchione y Alberobello Castello Marchione, a unos seis kil\u00f3metros de Conversano, fue construido por la familia Acquaviva d&#8217;Aragona en 1720 como casa de caza. La finca cubre 1.260 hect\u00e1reas y consisti\u00f3 en un bosque de robles y matorral mediterr\u00e1neo; la leyenda cuenta&hellip;<\/p>\n","protected":false},"author":1,"featured_media":0,"parent":7610,"menu_order":0,"comment_status":"closed","ping_status":"closed","template":"","meta":{"footnotes":""},"class_list":["post-6755","page","type-page","status-publish","hentry"],"_links":{"self":[{"href":"https:\/\/digitalhistory.unite.it\/es\/wp-json\/wp\/v2\/pages\/6755","targetHints":{"allow":["GET"]}}],"collection":[{"href":"https:\/\/digitalhistory.unite.it\/es\/wp-json\/wp\/v2\/pages"}],"about":[{"href":"https:\/\/digitalhistory.unite.it\/es\/wp-json\/wp\/v2\/types\/page"}],"author":[{"embeddable":true,"href":"https:\/\/digitalhistory.unite.it\/es\/wp-json\/wp\/v2\/users\/1"}],"replies":[{"embeddable":true,"href":"https:\/\/digitalhistory.unite.it\/es\/wp-json\/wp\/v2\/comments?post=6755"}],"version-history":[{"count":2,"href":"https:\/\/digitalhistory.unite.it\/es\/wp-json\/wp\/v2\/pages\/6755\/revisions"}],"predecessor-version":[{"id":11956,"href":"https:\/\/digitalhistory.unite.it\/es\/wp-json\/wp\/v2\/pages\/6755\/revisions\/11956"}],"up":[{"embeddable":true,"href":"https:\/\/digitalhistory.unite.it\/es\/wp-json\/wp\/v2\/pages\/7610"}],"wp:attachment":[{"href":"https:\/\/digitalhistory.unite.it\/es\/wp-json\/wp\/v2\/media?parent=6755"}],"curies":[{"name":"wp","href":"https:\/\/api.w.org\/{rel}","templated":true}]}}