{"id":6756,"date":"2021-08-20T00:03:56","date_gmt":"2021-08-19T22:03:56","guid":{"rendered":"https:\/\/digitalhistory.unite.it\/a-la-conquista-de-la-capital-el-palacio-urbano-de-napoles\/"},"modified":"2021-11-23T15:28:54","modified_gmt":"2021-11-23T14:28:54","slug":"a-la-conquista-de-la-capital-el-palacio-urbano-de-napoles","status":"publish","type":"page","link":"https:\/\/digitalhistory.unite.it\/es\/temas\/residencias-nobiliarias\/acquaviva\/a-la-conquista-de-la-capital-el-palacio-urbano-de-napoles\/","title":{"rendered":"A la conquista de la capital: el palacio urbano de N\u00e1poles"},"content":{"rendered":"<h1>A la conquista de la capital: el palacio urbano de N\u00e1poles <\/h1>\n<div class=\"testo\">\n<p style=\"text-align: justify\">La afirmaci\u00f3n pol\u00edtica de la familia Acquaviva, que entr\u00f3 en el siglo XVI en la \u00f3rbita de los grandes nobles del <a href=\"\/es\/territorios\/itinerarios-urbanos\/lecce\/otros-restos\/reino-de-napoles\/\" title=\"Reino de N\u00e1poles\">reino<\/a> y, en consecuencia, devorada por el sistema <a href=\"\/es\/territorios\/itinerarios-urbanos\/valladolid\/iglesia-de-san-pablo\/corte\/\" title=\"Corte\">cortesano<\/a> que gravit\u00f3 en torno al virrey espa\u00f1ol que resid\u00eda en <a href=\"\/es\/territorios\/itinerarios-urbanos\/lecce\/plaza-de-san-oronzo\/napoles\/\" title=\"N\u00e1poles\">N\u00e1poles<\/a>, cambi\u00f3 gradualmente el centro de las disputas pol\u00edticas de los feudos a la capital. Aqu\u00ed la familia se uni\u00f3 a la nobleza napolitana en el <a href=\"#\" class=\"tooltip yellow-tooltip\"><em>seggio de Nido<\/em><span>La nobleza napolitana se divid\u00eda en edad moderna en cinco plazas o <em>seggi<\/em>: Capuana, Montagna, Nido, Portanova y Porto. Los representantes de las cinco plazas, junto a la elecci\u00f3n de la plaza popular, formaban el Tribunal de San Lorenzo, que gobernaba la ciudad.<\/span><\/a> en 1505, con la consiguiente necesidad de residir cada vez m\u00e1s en N\u00e1poles, donde la gran aristocracia del reino comenz\u00f3 a construir casas solariegas, s\u00edmbolo de su elevado estatus, signos de prestigio, de riqueza, y de poder.<\/p>\n<p style=\"text-align: justify\"><img loading=\"lazy\" decoding=\"async\" src=\"https:\/\/digitalhistory.unite.it\/wp-content\/uploads\/2021\/08\/7._portale_palazzo_napoli_226x301.jpg\" width=\"226\" height=\"301\" alt=\"Palazzo Napoli\" align=\"left\">El palacio de los duques de Atri est\u00e1 situado en Via d&#8217;Atri. En 1470 Giulio Antonio Acquaviva, en la c\u00faspide de su carrera militar y pol\u00edtica, compr\u00f3 en N\u00e1poles el importante palacio que el rey hab\u00eda donado a Galzerano Requesenz, almirante general de la flota. El imponente edificio, que sufri\u00f3 una fuerte remodelaci\u00f3n por los nuevos propietarios para adaptarse a las necesidades de la poderosa familia, es uno de los pocos casos &#8211; en el escenario napolitano &#8211; de una residencia noble que qued\u00f3 en manos de la misma familia, por lo menos hasta su extinci\u00f3n en el siglo XVIII. Se inici\u00f3 la primera renovaci\u00f3n importante en 1509-14 por Andrea Acquaviva quien, al parecer, encarg\u00f3 la obra al arquitecto m\u00e1s importante de la \u00e9poca, <a href=\"#\" class=\"tooltip yellow-tooltip\">Mormando<span>Giovanni Francesco Mormando (1449-1530) fue un arquitecto y organista muy activo en N\u00e1poles.<\/span><\/a>, pero de estas intervenciones queda bien poco. Es interesante notar, sin embargo, que el palacio original fue localizado en un lugar estrecho, donde no se pod\u00eda llevar a cabo ninguna ampliaci\u00f3n del edificio; el plan seguido por Acquaviva fue similar al que adoptaron otras familias nobles: la compra y la propiedad de otras casas cercanas al edificio principal, lo que les permiti\u00f3, de hecho, proceder a unificaciones posteriores, para hacerse con la totalidad de la v\u00eda, que hoy lleva su nombre. A\u00fan as\u00ed, sin embargo, el edificio carece de un orden org\u00e1nico de su conjunto, probablemente debido a la ausencia de la mano h\u00e1bil de alg\u00fan ilustre arquitecto, sobre todo entre los siglos XVI y XVII. M\u00e1s coherentes y valiosas resultaban las intervenciones del siglo XVIII, debido a Giuseppe Astarita, quien dio un aspecto barroco al edificio. El palacio se convirti\u00f3 en un importante centro de encuentros culturales en los siglos XVI y XVII, donde a menudo se reunieron escritores famosos como <a href=\"#\" class=\"tooltip yellow-tooltip\">Giovanni Pontano<span>Giovanni Pontano (1429-1503) fue el m\u00e1ximo representante del humanismo napolitano del siglo XV y de la Academia Pontaniana. Entre sus obras, recordamos <em>Amorum libri<\/em>, <em>Hendecasyllabi<\/em>, <em>De amore coiugali<\/em>, <em>Tumuli<\/em>, <em>Neniae<\/em> y <em>De hortis Esperidum<\/em>.<\/span><\/a> y <a href=\"#\" class=\"tooltip yellow-tooltip\">Jacopo Sannazaro<span>Jacopo Sannazaro (1457-1530) ha sido un humanista y poeta italiano, autor de obras tanto en lat\u00edn como en lengua vulgar. Su obra principal fue el romance pastoril en prosa y en verso la <em>Arcadia<\/em>, fuente de inspiraci\u00f3n para la hom\u00f3nima academia que naci\u00f3 en el tardo Seiscientos en Roma.<\/span><\/a> protegidos por los Acquaviva, cuyas obras no fueron impresas por casualidad en la imprenta de los duques de Atri.<\/p>\n<p style=\"text-align: justify\"><a href=\"\/es\/temas\/residencias-nobiliarias\/acquaviva\/los-dominios-puglieses-marchione-y-alberobello\/\" title=\"Los dominios puglieses: Marchione y Alberobello\">&lt;&lt;&lt;&#8212;p\u00e1gina precedente<\/a><span>&nbsp;&nbsp;&nbsp;<\/span> <a href=\"\/es\/temas\/residencias-nobiliarias\/\" title=\"Residencias nobiliarias\">\u00cdndice&#8212;&gt;&gt;&gt;<\/a><\/p>\n<\/p><\/div>\n<p><\/p>\n","protected":false},"excerpt":{"rendered":"<p>A la conquista de la capital: el palacio urbano de N\u00e1poles La afirmaci\u00f3n pol\u00edtica de la familia Acquaviva, que entr\u00f3 en el siglo XVI en la \u00f3rbita de los grandes nobles del reino y, en consecuencia, devorada por el sistema cortesano que gravit\u00f3 en torno&hellip;<\/p>\n","protected":false},"author":1,"featured_media":0,"parent":7610,"menu_order":0,"comment_status":"closed","ping_status":"closed","template":"","meta":{"footnotes":""},"class_list":["post-6756","page","type-page","status-publish","hentry"],"_links":{"self":[{"href":"https:\/\/digitalhistory.unite.it\/es\/wp-json\/wp\/v2\/pages\/6756","targetHints":{"allow":["GET"]}}],"collection":[{"href":"https:\/\/digitalhistory.unite.it\/es\/wp-json\/wp\/v2\/pages"}],"about":[{"href":"https:\/\/digitalhistory.unite.it\/es\/wp-json\/wp\/v2\/types\/page"}],"author":[{"embeddable":true,"href":"https:\/\/digitalhistory.unite.it\/es\/wp-json\/wp\/v2\/users\/1"}],"replies":[{"embeddable":true,"href":"https:\/\/digitalhistory.unite.it\/es\/wp-json\/wp\/v2\/comments?post=6756"}],"version-history":[{"count":2,"href":"https:\/\/digitalhistory.unite.it\/es\/wp-json\/wp\/v2\/pages\/6756\/revisions"}],"predecessor-version":[{"id":11951,"href":"https:\/\/digitalhistory.unite.it\/es\/wp-json\/wp\/v2\/pages\/6756\/revisions\/11951"}],"up":[{"embeddable":true,"href":"https:\/\/digitalhistory.unite.it\/es\/wp-json\/wp\/v2\/pages\/7610"}],"wp:attachment":[{"href":"https:\/\/digitalhistory.unite.it\/es\/wp-json\/wp\/v2\/media?parent=6756"}],"curies":[{"name":"wp","href":"https:\/\/api.w.org\/{rel}","templated":true}]}}