{"id":6757,"date":"2021-08-20T00:03:57","date_gmt":"2021-08-19T22:03:57","guid":{"rendered":"https:\/\/digitalhistory.unite.it\/la-primera-familia-del-reino-de-sicilia\/"},"modified":"2021-11-23T15:28:52","modified_gmt":"2021-11-23T14:28:52","slug":"la-primera-familia-del-reino-de-sicilia","status":"publish","type":"page","link":"https:\/\/digitalhistory.unite.it\/es\/temas\/residencias-nobiliarias\/branciforte\/la-primera-familia-del-reino-de-sicilia\/","title":{"rendered":"La primera familia del Reino de Sicilia"},"content":{"rendered":"<h1>La primera familia del Reino de Sicilia <\/h1>\n<div class=\"testo\">\n<p style=\"text-align: justify\"><img loading=\"lazy\" decoding=\"async\" src=\"https:\/\/digitalhistory.unite.it\/wp-content\/uploads\/2021\/08\/200px-branciforte_stemma_1_.jpg\" width=\"200\" height=\"235\" alt=\"Stemma Branciforte\" align=\"left\">Los Branciforte representaron la &#8220;primera&#8221; familia del <a href=\"\/es\/territorios\/itinerarios-regionales\/guerra-de-santos\/religiosidad-conflictiva\/reino-de-sicilia\/\" title=\"Reino de Sicilia\">Reino de Sicilia<\/a> y ocuparon el primer puesto en el brazo feudal del Parlamento siciliano. Durante el &#8216;600 la familia aument\u00f3 su poder y se confirm\u00f3 en la escena pol\u00edtica de la isla, especialmente con Niccol\u00f2 Placido Branciforte, pr\u00edncipe de Leonforte, con Fabrizio Branciforte, primer pr\u00edncipe de Butera y con Giuseppe Branciforte que ocup\u00f3 varios cargos pol\u00edticos de prestigio en <a href=\"\/es\/territorios\/itinerarios-internacionales\/los-genoveses-entre-italia-y-espana-en-epoca-barroca\/una-comunidad-rica-y-potente\/palermo\/\" title=\"Palermo\">Palermo<\/a>.<\/p>\n<p style=\"text-align: justify\">Las propiedades feudales de la familia se extend\u00edan sobre un gran territorio en diferentes partes de Sicilia: Butera, Raccuja y Leonforte fueron, seguramente, las principales tierras sobre las que se centr\u00f3 el poder pol\u00edtico y econ\u00f3mico de la familia y a\u00fan conservan testimonios hist\u00f3ricos y art\u00edsticos de gran inter\u00e9s.<\/p>\n<p style=\"text-align: justify\"><a href=\"\/es\/temas\/residencias-nobiliarias\/\" title=\"Residencias nobiliarias\">&lt;&lt;&lt;&#8212;\u00cdndice<\/a><span>&nbsp;<\/span> <span>&nbsp;<\/span> <span>&nbsp;<\/span> <a href=\"\/es\/temas\/residencias-nobiliarias\/branciforte\/butera\/\" title=\"Butera\">p\u00e1gina siguiente&#8212;&gt;&gt;&gt;<\/a><a href=\"\/es\/temas\/residencias-nobiliarias\/ruffo\/bagnara\/\" title=\"Bagnara\"><\/a><\/p>\n<\/p><\/div>\n<p><\/p>\n","protected":false},"excerpt":{"rendered":"<p>La primera familia del Reino de Sicilia Los Branciforte representaron la &#8220;primera&#8221; familia del Reino de Sicilia y ocuparon el primer puesto en el brazo feudal del Parlamento siciliano. Durante el &#8216;600 la familia aument\u00f3 su poder y se confirm\u00f3 en la escena pol\u00edtica de&hellip;<\/p>\n","protected":false},"author":1,"featured_media":0,"parent":7612,"menu_order":0,"comment_status":"closed","ping_status":"closed","template":"","meta":{"footnotes":""},"class_list":["post-6757","page","type-page","status-publish","hentry"],"_links":{"self":[{"href":"https:\/\/digitalhistory.unite.it\/es\/wp-json\/wp\/v2\/pages\/6757","targetHints":{"allow":["GET"]}}],"collection":[{"href":"https:\/\/digitalhistory.unite.it\/es\/wp-json\/wp\/v2\/pages"}],"about":[{"href":"https:\/\/digitalhistory.unite.it\/es\/wp-json\/wp\/v2\/types\/page"}],"author":[{"embeddable":true,"href":"https:\/\/digitalhistory.unite.it\/es\/wp-json\/wp\/v2\/users\/1"}],"replies":[{"embeddable":true,"href":"https:\/\/digitalhistory.unite.it\/es\/wp-json\/wp\/v2\/comments?post=6757"}],"version-history":[{"count":2,"href":"https:\/\/digitalhistory.unite.it\/es\/wp-json\/wp\/v2\/pages\/6757\/revisions"}],"predecessor-version":[{"id":11937,"href":"https:\/\/digitalhistory.unite.it\/es\/wp-json\/wp\/v2\/pages\/6757\/revisions\/11937"}],"up":[{"embeddable":true,"href":"https:\/\/digitalhistory.unite.it\/es\/wp-json\/wp\/v2\/pages\/7612"}],"wp:attachment":[{"href":"https:\/\/digitalhistory.unite.it\/es\/wp-json\/wp\/v2\/media?parent=6757"}],"curies":[{"name":"wp","href":"https:\/\/api.w.org\/{rel}","templated":true}]}}