{"id":6758,"date":"2021-08-20T00:03:57","date_gmt":"2021-08-19T22:03:57","guid":{"rendered":"https:\/\/digitalhistory.unite.it\/butera\/"},"modified":"2021-11-23T17:45:11","modified_gmt":"2021-11-23T16:45:11","slug":"butera","status":"publish","type":"page","link":"https:\/\/digitalhistory.unite.it\/es\/temas\/residencias-nobiliarias\/branciforte\/butera\/","title":{"rendered":"Butera"},"content":{"rendered":"<h1>Butera <\/h1>\n<div class=\"testo\">\n<p style=\"text-align: justify\"><img loading=\"lazy\" decoding=\"async\" src=\"https:\/\/digitalhistory.unite.it\/wp-content\/uploads\/2021\/08\/butera__2_219x164.jpg\" width=\"219\" height=\"164\" alt=\"Castello Butera\" align=\"left\">El principado de Butera, hoy en la provincia de <a href=\"#\" class=\"tooltip yellow-tooltip\">Caltanissetta<span>De origen antiguo, Caltanissetta debe su nombre a los Moncada de Patern\u00f3, la potente familia aristocr\u00e1tica que gobern\u00f3 la ciudad por m\u00e1s de cuatro siglos, hasta la abolici\u00f3n del feudalismo en Sicilia (1812). Como otros pueblos sicilianos, tambi\u00e9n Caltanissetta fue protagonista de una revuelta antisaboyana en 1718, antes de pasar a\u00f1os despu\u00e9s, como el resto de Sicilia, bajo dominio borb\u00f3nico.<\/span><\/a>, fue adquirido por la familia en 1540. En Butera se conserva a\u00fan el castillo, una estructura del siglo IX con funci\u00f3n defensiva que prevaleci\u00f3, adaptado a residencia noble en el siglo XVI. Dentro de la fortaleza hab\u00eda un patio, varios almacenes, armer\u00edas, establos y graneros profundos y espaciosos; de la antigua estructura sigue conserv\u00e1ndose una torre y las salas cubiertas por b\u00f3vedas de crucer\u00eda, mientras que el gran patio, encerrado dentro de las murallas del castillo, ahora se utiliza como una plaza p\u00fablica.<\/p>\n<p style=\"text-align: justify\"><a href=\"\/es\/temas\/residencias-nobiliarias\/branciforte\/la-primera-familia-del-reino-de-sicilia\/\" title=\"La primera familia del Reino de Sicilia\">&lt;&lt;&lt;&#8212;p\u00e1gina precedente<\/a><span>&nbsp;&nbsp;&nbsp;<\/span> <span>&nbsp;<\/span> <span>&nbsp;<\/span> <span>&nbsp;<\/span> <a href=\"\/es\/temas\/residencias-nobiliarias\/branciforte\/raccuja\/\" title=\"Raccuja\">p\u00e1gina siguiente&#8212;&gt;&gt;&gt;<\/a><a href=\"\/es\/temas\/residencias-nobiliarias\/ruffo\/san-lucido-maida-fiumara-di-muro\/\" title=\"San Lucido, Maida, Fiumara di Muro\"><\/a><\/p>\n<\/p><\/div>\n<p><\/p>\n","protected":false},"excerpt":{"rendered":"<p>Butera El principado de Butera, hoy en la provincia de CaltanissettaDe origen antiguo, Caltanissetta debe su nombre a los Moncada de Patern\u00f3, la potente familia aristocr\u00e1tica que gobern\u00f3 la ciudad por m\u00e1s de cuatro siglos, hasta la abolici\u00f3n del feudalismo en Sicilia (1812). Como otros&hellip;<\/p>\n","protected":false},"author":1,"featured_media":0,"parent":7612,"menu_order":0,"comment_status":"closed","ping_status":"closed","template":"","meta":{"footnotes":""},"class_list":["post-6758","page","type-page","status-publish","hentry"],"_links":{"self":[{"href":"https:\/\/digitalhistory.unite.it\/es\/wp-json\/wp\/v2\/pages\/6758","targetHints":{"allow":["GET"]}}],"collection":[{"href":"https:\/\/digitalhistory.unite.it\/es\/wp-json\/wp\/v2\/pages"}],"about":[{"href":"https:\/\/digitalhistory.unite.it\/es\/wp-json\/wp\/v2\/types\/page"}],"author":[{"embeddable":true,"href":"https:\/\/digitalhistory.unite.it\/es\/wp-json\/wp\/v2\/users\/1"}],"replies":[{"embeddable":true,"href":"https:\/\/digitalhistory.unite.it\/es\/wp-json\/wp\/v2\/comments?post=6758"}],"version-history":[{"count":3,"href":"https:\/\/digitalhistory.unite.it\/es\/wp-json\/wp\/v2\/pages\/6758\/revisions"}],"predecessor-version":[{"id":11936,"href":"https:\/\/digitalhistory.unite.it\/es\/wp-json\/wp\/v2\/pages\/6758\/revisions\/11936"}],"up":[{"embeddable":true,"href":"https:\/\/digitalhistory.unite.it\/es\/wp-json\/wp\/v2\/pages\/7612"}],"wp:attachment":[{"href":"https:\/\/digitalhistory.unite.it\/es\/wp-json\/wp\/v2\/media?parent=6758"}],"curies":[{"name":"wp","href":"https:\/\/api.w.org\/{rel}","templated":true}]}}