{"id":6759,"date":"2021-08-20T00:03:57","date_gmt":"2021-08-19T22:03:57","guid":{"rendered":"https:\/\/digitalhistory.unite.it\/raccuja\/"},"modified":"2021-11-23T17:45:11","modified_gmt":"2021-11-23T16:45:11","slug":"raccuja","status":"publish","type":"page","link":"https:\/\/digitalhistory.unite.it\/es\/temas\/residencias-nobiliarias\/branciforte\/raccuja\/","title":{"rendered":"Raccuja"},"content":{"rendered":"<h1>Raccuja <\/h1>\n<div class=\"testo\">\n<p style=\"text-align: justify\"><img loading=\"lazy\" decoding=\"async\" src=\"https:\/\/digitalhistory.unite.it\/wp-content\/uploads\/2021\/08\/castello_raccuja_3__1__252x168.jpg\" width=\"252\" height=\"168\" alt=\"Castello Raccuja\" align=\"left\">Adquirida en 1552, Raccuja (en la provincia de <a href=\"\/es\/temas\/residencias-nobiliarias\/branciforte\/raccuja\/mesina\/\" title=\"Mesina\">Mesina<\/a>) bajo los Branciforte vivi\u00f3 un per\u00edodo de gran esplendor. &#8220;Bajo el dominio de los Branciforte florecieron las artes figurativas, art\u00edsticas y culturales: los monasterios se enriquecieron de bienes, el pueblo se equip\u00f3 con nuevas calles e imponentes edificios&#8221;. Todav\u00eda hoy se conserva el Castillo, construido por Ruggero d&#8217;Altavilla por motivos defensivos, pero transformado por los Branciforte en residencia aristocr\u00e1tica y como lugar de la representaci\u00f3n pol\u00edtica y administrativa. En 1812, se transform\u00f3 en una c\u00e1rcel judiciaria, y se mantuvo as\u00ed hasta los a\u00f1os sesenta del siglo XX. Recientemente el edificio, despu\u00e9s de d\u00e9cadas de abandono, se ha restaurado.<\/p>\n<p style=\"text-align: justify\"><a href=\"\/es\/temas\/residencias-nobiliarias\/branciforte\/butera\/\" title=\"Butera\">&lt;&lt;&lt;&#8212;p\u00e1gina precedente<\/a><span>&nbsp;&nbsp;&nbsp;<\/span> <span>&nbsp;<\/span> <span>&nbsp;<\/span> <span>&nbsp;<\/span> <a href=\"\/es\/temas\/residencias-nobiliarias\/branciforte\/leonforte\/\" title=\"Leonforte\">p\u00e1gina siguiente&#8212;&gt;&gt;&gt;<\/a><a href=\"\/es\/temas\/residencias-nobiliarias\/ruffo\/san-lucido-maida-fiumara-di-muro\/\" title=\"San Lucido, Maida, Fiumara di Muro\"><\/a><\/p>\n<\/div>\n","protected":false},"excerpt":{"rendered":"<p>Raccuja Adquirida en 1552, Raccuja (en la provincia de Mesina) bajo los Branciforte vivi\u00f3 un per\u00edodo de gran esplendor. &#8220;Bajo el dominio de los Branciforte florecieron las artes figurativas, art\u00edsticas y culturales: los monasterios se enriquecieron de bienes, el pueblo se equip\u00f3 con nuevas calles&hellip;<\/p>\n","protected":false},"author":1,"featured_media":0,"parent":7612,"menu_order":0,"comment_status":"closed","ping_status":"closed","template":"","meta":{"footnotes":""},"class_list":["post-6759","page","type-page","status-publish","hentry"],"_links":{"self":[{"href":"https:\/\/digitalhistory.unite.it\/es\/wp-json\/wp\/v2\/pages\/6759","targetHints":{"allow":["GET"]}}],"collection":[{"href":"https:\/\/digitalhistory.unite.it\/es\/wp-json\/wp\/v2\/pages"}],"about":[{"href":"https:\/\/digitalhistory.unite.it\/es\/wp-json\/wp\/v2\/types\/page"}],"author":[{"embeddable":true,"href":"https:\/\/digitalhistory.unite.it\/es\/wp-json\/wp\/v2\/users\/1"}],"replies":[{"embeddable":true,"href":"https:\/\/digitalhistory.unite.it\/es\/wp-json\/wp\/v2\/comments?post=6759"}],"version-history":[{"count":3,"href":"https:\/\/digitalhistory.unite.it\/es\/wp-json\/wp\/v2\/pages\/6759\/revisions"}],"predecessor-version":[{"id":11940,"href":"https:\/\/digitalhistory.unite.it\/es\/wp-json\/wp\/v2\/pages\/6759\/revisions\/11940"}],"up":[{"embeddable":true,"href":"https:\/\/digitalhistory.unite.it\/es\/wp-json\/wp\/v2\/pages\/7612"}],"wp:attachment":[{"href":"https:\/\/digitalhistory.unite.it\/es\/wp-json\/wp\/v2\/media?parent=6759"}],"curies":[{"name":"wp","href":"https:\/\/api.w.org\/{rel}","templated":true}]}}