{"id":6760,"date":"2021-08-20T00:03:57","date_gmt":"2021-08-19T22:03:57","guid":{"rendered":"https:\/\/digitalhistory.unite.it\/leonforte\/"},"modified":"2021-11-23T17:45:11","modified_gmt":"2021-11-23T16:45:11","slug":"leonforte","status":"publish","type":"page","link":"https:\/\/digitalhistory.unite.it\/es\/temas\/residencias-nobiliarias\/branciforte\/leonforte\/","title":{"rendered":"Leonforte"},"content":{"rendered":"<h1>Leonforte <\/h1>\n<div class=\"testo\">\n<p style=\"text-align: justify\"><img loading=\"lazy\" decoding=\"async\" src=\"https:\/\/digitalhistory.unite.it\/wp-content\/uploads\/2021\/08\/leonforte_4_219x150.jpg\" width=\"219\" height=\"150\" alt=\"Leonforte1\" align=\"left\">Leonforte fue fundada en el a\u00f1o 1610 de acuerdo al estilo barroco, y pronto se convirti\u00f3 en el lugar de residencia del pr\u00edncipe y sede de una peque\u00f1a &#8220;<a href=\"\/es\/territorios\/itinerarios-urbanos\/valladolid\/iglesia-de-san-pablo\/corte\/\" title=\"Corte\">corte<\/a>&#8220;, donde gravitaron artistas, hombres de la cultura y de la m\u00e1s alta nobleza del <a href=\"\/es\/territorios\/itinerarios-regionales\/guerra-de-santos\/religiosidad-conflictiva\/reino-de-sicilia\/\" title=\"Reino de Sicilia\">Reino<\/a>.<\/p>\n<p style=\"text-align: justify\">El pr\u00edncipe inicialmente hizo construir, uni\u00e9ndose a un grupo existente de residencias que serv\u00edan como residencia de los colonos, quinientas casas, un palacio, un granero, varias iglesias, molinos y un almac\u00e9n.<\/p>\n<p style=\"text-align: justify\"><img loading=\"lazy\" decoding=\"async\" src=\"https:\/\/digitalhistory.unite.it\/wp-content\/uploads\/2021\/08\/3992_leonforte_gran_fonte_5__220x154.jpg\" width=\"220\" height=\"154\" alt=\"Leonforte2\" align=\"left\">Bien pronto financi\u00f3 la construcci\u00f3n de otras obras monumentales de valor tales como el &#8220;teatro de las aguas&#8221;, situado en un parque-jard\u00edn, hoy en un estado de deterioro, y numerosas plazas que caracterizaron el desarrollo de la ciudad. El gran palacio Branciforte, edificado en la plaza central, se construy\u00f3 junto a la Iglesia de San Antonio de Padua; tambi\u00e9n era importante la plaza circular del mercado (hoy reina Margarita), que se convirti\u00f3 en el centro comercial de la ciudad. En 1624, para defender la ciudad de la peste, Niccol\u00f2 Placido Branciforte hizo construir un muro rodeando la ciudad con varias puertas de acceso (Palermo, del Crucifijo, de San Filipo Neri).<\/p>\n<p style=\"text-align: justify\"><a href=\"\/es\/temas\/residencias-nobiliarias\/branciforte\/raccuja\/\" title=\"Raccuja\">&lt;&lt;&lt;&#8212;p\u00e1gina precedente<\/a><span>&nbsp;&nbsp;&nbsp;<\/span> <span>&nbsp;<\/span> <span>&nbsp;<\/span> <span>&nbsp;<\/span> <a href=\"\/es\/temas\/residencias-nobiliarias\/branciforte\/palermo\/\" title=\"Palermo\">p\u00e1gina siguiente&#8212;&gt;&gt;&gt;<\/a><a href=\"\/es\/temas\/residencias-nobiliarias\/ruffo\/san-lucido-maida-fiumara-di-muro\/\" title=\"San Lucido, Maida, Fiumara di Muro\"><\/a><\/p>\n<\/p><\/div>\n<p><\/p>\n","protected":false},"excerpt":{"rendered":"<p>Leonforte Leonforte fue fundada en el a\u00f1o 1610 de acuerdo al estilo barroco, y pronto se convirti\u00f3 en el lugar de residencia del pr\u00edncipe y sede de una peque\u00f1a &#8220;corte&#8220;, donde gravitaron artistas, hombres de la cultura y de la m\u00e1s alta nobleza del Reino.&hellip;<\/p>\n","protected":false},"author":1,"featured_media":0,"parent":7612,"menu_order":0,"comment_status":"closed","ping_status":"closed","template":"","meta":{"footnotes":""},"class_list":["post-6760","page","type-page","status-publish","hentry"],"_links":{"self":[{"href":"https:\/\/digitalhistory.unite.it\/es\/wp-json\/wp\/v2\/pages\/6760","targetHints":{"allow":["GET"]}}],"collection":[{"href":"https:\/\/digitalhistory.unite.it\/es\/wp-json\/wp\/v2\/pages"}],"about":[{"href":"https:\/\/digitalhistory.unite.it\/es\/wp-json\/wp\/v2\/types\/page"}],"author":[{"embeddable":true,"href":"https:\/\/digitalhistory.unite.it\/es\/wp-json\/wp\/v2\/users\/1"}],"replies":[{"embeddable":true,"href":"https:\/\/digitalhistory.unite.it\/es\/wp-json\/wp\/v2\/comments?post=6760"}],"version-history":[{"count":3,"href":"https:\/\/digitalhistory.unite.it\/es\/wp-json\/wp\/v2\/pages\/6760\/revisions"}],"predecessor-version":[{"id":11938,"href":"https:\/\/digitalhistory.unite.it\/es\/wp-json\/wp\/v2\/pages\/6760\/revisions\/11938"}],"up":[{"embeddable":true,"href":"https:\/\/digitalhistory.unite.it\/es\/wp-json\/wp\/v2\/pages\/7612"}],"wp:attachment":[{"href":"https:\/\/digitalhistory.unite.it\/es\/wp-json\/wp\/v2\/media?parent=6760"}],"curies":[{"name":"wp","href":"https:\/\/api.w.org\/{rel}","templated":true}]}}