{"id":6761,"date":"2021-08-20T00:03:57","date_gmt":"2021-08-19T22:03:57","guid":{"rendered":"https:\/\/digitalhistory.unite.it\/palermo\/"},"modified":"2021-11-23T17:45:11","modified_gmt":"2021-11-23T16:45:11","slug":"palermo","status":"publish","type":"page","link":"https:\/\/digitalhistory.unite.it\/es\/temas\/residencias-nobiliarias\/branciforte\/palermo\/","title":{"rendered":"Palermo"},"content":{"rendered":"<h1>Palermo <\/h1>\n<div class=\"testo\">\n<p style=\"text-align: justify\"><img loading=\"lazy\" decoding=\"async\" src=\"https:\/\/digitalhistory.unite.it\/wp-content\/uploads\/2021\/08\/palermo_6_221x165.jpg\" width=\"221\" height=\"165\" alt=\"Palermo Palazzo\" align=\"left\">Entre finales del siglo XVI y principios del siglo XVII, los Branciforte estaban cada vez m\u00e1s presentes en <a href=\"\/es\/territorios\/itinerarios-internacionales\/los-genoveses-entre-italia-y-espana-en-epoca-barroca\/una-comunidad-rica-y-potente\/palermo\/\" title=\"Palermo\">Palermo<\/a>, en contacto directo con el virrey y con los centros neur\u00e1lgicos del poder, y ocuparon prestigiosos puestos de gobierno. Fue as\u00ed necesario y simb\u00f3licamente importante contar con una prestigiosa residencia en la capital.<\/p>\n<p>  A principios del siglo XVII Giuseppe Branciforte compr\u00f3 un palacio a las afueras del Castello a Mare, y lo transform\u00f3 y ampli\u00f3 hasta convertirse en uno de los palacios m\u00e1s impresionantes de Palermo (foto 1).<\/p>\n<p style=\"text-align: justify\"><img loading=\"lazy\" decoding=\"async\" src=\"https:\/\/digitalhistory.unite.it\/wp-content\/uploads\/2021\/08\/palermo_7_img_3_224x168.jpg\" width=\"224\" height=\"168\" alt=\"Palermo Marina\" align=\"left\">Todav\u00eda, con el aumento del prestigio y la riqueza de la familia, el edificio fue considerado inapropiado y abandonado por otro edificio m\u00e1s grande, situado cerca del mar, en el puerto, que a lo largo del siglo XVIII se convirti\u00f3 en el centro de la vida pol\u00edtica, cultural y social de la capital (foto 2).<\/p>\n<p style=\"text-align: justify\">&nbsp;<\/p>\n<p style=\"text-align: justify\">&nbsp;<\/p>\n<p style=\"text-align: justify\">&nbsp;<\/p>\n<p style=\"text-align: justify\"><a href=\"\/es\/temas\/residencias-nobiliarias\/branciforte\/leonforte\/\" title=\"Leonforte\">&lt;&lt;&lt;&#8212;p\u00e1gina precedente<\/a><span>&nbsp;&nbsp;&nbsp;<\/span> <span>&nbsp;<\/span> <span>&nbsp;<\/span> <span>&nbsp;<\/span> <a href=\"\/es\/temas\/residencias-nobiliarias\/branciforte\/bagheria\/\" title=\"Bagheria\">p\u00e1gina siguiente&#8212;&gt;&gt;&gt;<\/a><a href=\"\/es\/temas\/residencias-nobiliarias\/ruffo\/san-lucido-maida-fiumara-di-muro\/\" title=\"San Lucido, Maida, Fiumara di Muro\"><\/a><\/p>\n<\/p><\/div>\n<p><\/p>\n","protected":false},"excerpt":{"rendered":"<p>Palermo Entre finales del siglo XVI y principios del siglo XVII, los Branciforte estaban cada vez m\u00e1s presentes en Palermo, en contacto directo con el virrey y con los centros neur\u00e1lgicos del poder, y ocuparon prestigiosos puestos de gobierno. Fue as\u00ed necesario y simb\u00f3licamente importante&hellip;<\/p>\n","protected":false},"author":1,"featured_media":0,"parent":7612,"menu_order":0,"comment_status":"closed","ping_status":"closed","template":"","meta":{"footnotes":""},"class_list":["post-6761","page","type-page","status-publish","hentry"],"_links":{"self":[{"href":"https:\/\/digitalhistory.unite.it\/es\/wp-json\/wp\/v2\/pages\/6761","targetHints":{"allow":["GET"]}}],"collection":[{"href":"https:\/\/digitalhistory.unite.it\/es\/wp-json\/wp\/v2\/pages"}],"about":[{"href":"https:\/\/digitalhistory.unite.it\/es\/wp-json\/wp\/v2\/types\/page"}],"author":[{"embeddable":true,"href":"https:\/\/digitalhistory.unite.it\/es\/wp-json\/wp\/v2\/users\/1"}],"replies":[{"embeddable":true,"href":"https:\/\/digitalhistory.unite.it\/es\/wp-json\/wp\/v2\/comments?post=6761"}],"version-history":[{"count":3,"href":"https:\/\/digitalhistory.unite.it\/es\/wp-json\/wp\/v2\/pages\/6761\/revisions"}],"predecessor-version":[{"id":11939,"href":"https:\/\/digitalhistory.unite.it\/es\/wp-json\/wp\/v2\/pages\/6761\/revisions\/11939"}],"up":[{"embeddable":true,"href":"https:\/\/digitalhistory.unite.it\/es\/wp-json\/wp\/v2\/pages\/7612"}],"wp:attachment":[{"href":"https:\/\/digitalhistory.unite.it\/es\/wp-json\/wp\/v2\/media?parent=6761"}],"curies":[{"name":"wp","href":"https:\/\/api.w.org\/{rel}","templated":true}]}}