{"id":6762,"date":"2021-08-20T00:03:57","date_gmt":"2021-08-19T22:03:57","guid":{"rendered":"https:\/\/digitalhistory.unite.it\/bagheria\/"},"modified":"2021-11-23T17:45:11","modified_gmt":"2021-11-23T16:45:11","slug":"bagheria","status":"publish","type":"page","link":"https:\/\/digitalhistory.unite.it\/es\/temas\/residencias-nobiliarias\/branciforte\/bagheria\/","title":{"rendered":"Bagheria"},"content":{"rendered":"<h1>Bagheria <\/h1>\n<div class=\"testo\">\n<p style=\"text-align: justify\"><img loading=\"lazy\" decoding=\"async\" src=\"https:\/\/digitalhistory.unite.it\/wp-content\/uploads\/2021\/08\/villa-butera-11_8__253x151.jpg\" width=\"253\" height=\"151\" alt=\"Bagheria\" align=\"LEFT\">En Sicilia, la moda de las residencias de veraneo extra-urbanas lleg\u00f3 m\u00e1s tarde respecto a Venecia (con las villas venecianas) y <a href=\"\/es\/territorios\/itinerarios-urbanos\/lecce\/plaza-de-san-oronzo\/napoles\/\" title=\"N\u00e1poles\">N\u00e1poles<\/a> (con las villas del Vesubio). S\u00f3lo a finales del siglo XVII, y sobre todo en el siglo XVIII, la nobleza siciliana que resid\u00eda en <a href=\"\/es\/territorios\/itinerarios-internacionales\/los-genoveses-entre-italia-y-espana-en-epoca-barroca\/una-comunidad-rica-y-potente\/palermo\/\" title=\"Palermo\">Palermo<\/a> comenz\u00f3 a construir suntuosas residencias de veraneo en la zona inmediatamente fuera de Palermo, en Piana dei Colli y en Bagheria. El pr\u00edncipe de Butera fue el primero en lanzar esta moda: en 1658 Giuseppe Branciforte construy\u00f3 una imponente villa en Bagheria, seguido, a\u00f1os m\u00e1s tarde, por otros arist\u00f3cratas sicilianos.<\/p>\n<p style=\"text-align: justify\"><a href=\"\/es\/temas\/residencias-nobiliarias\/branciforte\/palermo\/\" title=\"Palermo\">&lt;&lt;&lt;&#8212;p\u00e1gina precedente<\/a><span>&nbsp;&nbsp;&nbsp;<\/span> <span>&nbsp;<\/span> <span>&nbsp;<\/span> <span>&nbsp;<\/span> <a href=\"\/es\/temas\/residencias-nobiliarias\/\" title=\"Residencias nobiliarias\">\u00cdndice&#8212;&gt;&gt;&gt;<\/a><\/p>\n<\/p><\/div>\n<p><\/p>\n","protected":false},"excerpt":{"rendered":"<p>Bagheria En Sicilia, la moda de las residencias de veraneo extra-urbanas lleg\u00f3 m\u00e1s tarde respecto a Venecia (con las villas venecianas) y N\u00e1poles (con las villas del Vesubio). S\u00f3lo a finales del siglo XVII, y sobre todo en el siglo XVIII, la nobleza siciliana que&hellip;<\/p>\n","protected":false},"author":1,"featured_media":0,"parent":7612,"menu_order":0,"comment_status":"closed","ping_status":"closed","template":"","meta":{"footnotes":""},"class_list":["post-6762","page","type-page","status-publish","hentry"],"_links":{"self":[{"href":"https:\/\/digitalhistory.unite.it\/es\/wp-json\/wp\/v2\/pages\/6762","targetHints":{"allow":["GET"]}}],"collection":[{"href":"https:\/\/digitalhistory.unite.it\/es\/wp-json\/wp\/v2\/pages"}],"about":[{"href":"https:\/\/digitalhistory.unite.it\/es\/wp-json\/wp\/v2\/types\/page"}],"author":[{"embeddable":true,"href":"https:\/\/digitalhistory.unite.it\/es\/wp-json\/wp\/v2\/users\/1"}],"replies":[{"embeddable":true,"href":"https:\/\/digitalhistory.unite.it\/es\/wp-json\/wp\/v2\/comments?post=6762"}],"version-history":[{"count":2,"href":"https:\/\/digitalhistory.unite.it\/es\/wp-json\/wp\/v2\/pages\/6762\/revisions"}],"predecessor-version":[{"id":11935,"href":"https:\/\/digitalhistory.unite.it\/es\/wp-json\/wp\/v2\/pages\/6762\/revisions\/11935"}],"up":[{"embeddable":true,"href":"https:\/\/digitalhistory.unite.it\/es\/wp-json\/wp\/v2\/pages\/7612"}],"wp:attachment":[{"href":"https:\/\/digitalhistory.unite.it\/es\/wp-json\/wp\/v2\/media?parent=6762"}],"curies":[{"name":"wp","href":"https:\/\/api.w.org\/{rel}","templated":true}]}}