{"id":6763,"date":"2021-08-20T00:03:57","date_gmt":"2021-08-19T22:03:57","guid":{"rendered":"https:\/\/digitalhistory.unite.it\/ecija\/"},"modified":"2021-11-23T17:45:11","modified_gmt":"2021-11-23T16:45:11","slug":"ecija","status":"publish","type":"page","link":"https:\/\/digitalhistory.unite.it\/es\/temas\/residencias-nobiliarias\/benameji\/ecija\/","title":{"rendered":"\u00c9cija"},"content":{"rendered":"<h1>\u00c9cija <\/h1>\n<div class=\"testo\">\n<p style=\"text-align: justify\"><img loading=\"lazy\" decoding=\"async\" src=\"https:\/\/digitalhistory.unite.it\/wp-content\/uploads\/2021\/08\/clip_image002_251x162.jpg\" width=\"251\" height=\"162\" alt=\"Ecija\" align=\"left\">En \u00c9cija, municipio de la provincia de <a href=\"\/es\/territorios\/itinerarios-internacionales\/los-genoveses-entre-italia-y-espana-en-epoca-barroca\/los-genoveses-en-el-puerto-de-cadiz-siglo-xvii\/sevilla\/\" title=\"Sevilla\">Sevilla<\/a>, Andaluc\u00eda, hay signos tangibles y art\u00edsticamente importantes de la presencia, en \u00e9poca moderna, de los marqueses de Benamej\u00ed. El palacio de Benamej\u00ed es un palacio barroco, que fue declarado monumento nacional y cultural, cuyos trabajos de edificaci\u00f3n comenzaron en los primeros a\u00f1os del siglo XVIII. Es, como el conciudadano palacio de Pe\u00f1aflor, uno de los modelos de arquitectura civil barroca en Espa\u00f1a y uno de las joyas de la \u00e9poca dorada de \u00c9cija. Originalmente, el palacio era propiedad del marqu\u00e9s de Benamej\u00ed, la rama francesa de la familia de los Bernuy, que m\u00e1s tarde pas\u00f3 a los condes de Valverde, familia que se extingui\u00f3 en 1874. Seguidamente, aloj\u00f3 el distrito militar y desde 1997 alberga el Museo C\u00edvico. La imponente fachada (foto 1) es de ladrillo, con una base de piedra y una hilera de balcones en la primera planta, seg\u00fan el proyecto del arquitecto local Paul Guti\u00e9rrez. Dos grandes torres en los extremos dan una cierta verticalidad al edificio, rompiendo las l\u00edneas marcadamente horizontales. La monoton\u00eda y la simplicidad tambi\u00e9n son rotas por el majestuoso portal que consta de dos niveles, en el superior de los cuales hay cinco pin\u00e1culos de diferente altura y el escudo de los marqueses de Benamej\u00ed.<\/p>\n<p>  <img loading=\"lazy\" decoding=\"async\" src=\"https:\/\/digitalhistory.unite.it\/wp-content\/uploads\/2021\/08\/clip_image002_204x327.jpg\" width=\"204\" height=\"327\" alt=\"Mirador\" align=\"left\">Entrando por la puerta, un gran arco da paso a la entrada, en cuyo fondo se encuentra la escalera principal, formada por tres arcadas sobre columnas d\u00f3ricas, y la c\u00fapula cubierta con una b\u00f3veda de ca\u00f1\u00f3n. A la derecha se encuentran las antiguas caballerizas, que acogen actualmente una exposici\u00f3n de los restos arqueol\u00f3gicos encontrados en la Plaza de Espa\u00f1a. Al pasar bajo la escalera se accede al patio principal, delimitado por una columnata de dos plantas, con arcos de medio punto sostenidos por columnas de piedra y con una fuente en el centro. Alrededor del patio est\u00e1n las salas del Museo C\u00edvico. Las piezas del museo proceden de los materiales recuperados durante las excavaciones ciudadanas, que pasaron a ser piezas de la colecci\u00f3n arqueol\u00f3gica local, donaciones o en dep\u00f3sito temporal. Entre \u00e9stas, se incluyen grandes mosaicos de alta calidad y la escultura romana de la Amazona herida, la \u00fanica en el mundo que ha conservado los restos de policrom\u00eda casi completos.<\/p>\n<p style=\"text-align: justify\">Siempre en \u00c9cija, se puede admirar el Mirador Benamej\u00ed (foto 2). Es uno de los edificios que los nobles de la ciudad sol\u00edan utilizar para las fiestas que se celebran en la plaza principal. Construido en el siglo XVIII, se compone de cuatro hileras de arcos. Sobre los tres planos que lo componen existen grandes porticadas en columnas, mientras que en el centro de la cornisa superior destaca el emblema her\u00e1ldico de los marqueses propietarios.<\/p>\n<p style=\"text-align: justify\"><a href=\"\/es\/temas\/residencias-nobiliarias\/\" title=\"Residencias nobiliarias\">&lt;&lt;&lt;&#8212;\u00cdndice<\/a><span>&nbsp;<\/span> <span>&nbsp;<\/span> <span>&nbsp;<\/span> <a href=\"\/es\/temas\/residencias-nobiliarias\/benameji\/cordoba-y-alcala-del-valle\/\" title=\"C\u00f3rdoba y Alcal\u00e1 del Valle\">p\u00e1gina siguiente&#8212;&gt;&gt;&gt;<\/a><a href=\"\/es\/temas\/residencias-nobiliarias\/la-andalucia-de-los-duques-de-feria\/zafra\/\" title=\"Zafra\"><\/a><\/p>\n<\/p><\/div>\n<p><\/p>\n","protected":false},"excerpt":{"rendered":"<p>\u00c9cija En \u00c9cija, municipio de la provincia de Sevilla, Andaluc\u00eda, hay signos tangibles y art\u00edsticamente importantes de la presencia, en \u00e9poca moderna, de los marqueses de Benamej\u00ed. El palacio de Benamej\u00ed es un palacio barroco, que fue declarado monumento nacional y cultural, cuyos trabajos de&hellip;<\/p>\n","protected":false},"author":1,"featured_media":0,"parent":7614,"menu_order":0,"comment_status":"closed","ping_status":"closed","template":"","meta":{"footnotes":""},"class_list":["post-6763","page","type-page","status-publish","hentry"],"_links":{"self":[{"href":"https:\/\/digitalhistory.unite.it\/es\/wp-json\/wp\/v2\/pages\/6763","targetHints":{"allow":["GET"]}}],"collection":[{"href":"https:\/\/digitalhistory.unite.it\/es\/wp-json\/wp\/v2\/pages"}],"about":[{"href":"https:\/\/digitalhistory.unite.it\/es\/wp-json\/wp\/v2\/types\/page"}],"author":[{"embeddable":true,"href":"https:\/\/digitalhistory.unite.it\/es\/wp-json\/wp\/v2\/users\/1"}],"replies":[{"embeddable":true,"href":"https:\/\/digitalhistory.unite.it\/es\/wp-json\/wp\/v2\/comments?post=6763"}],"version-history":[{"count":2,"href":"https:\/\/digitalhistory.unite.it\/es\/wp-json\/wp\/v2\/pages\/6763\/revisions"}],"predecessor-version":[{"id":11927,"href":"https:\/\/digitalhistory.unite.it\/es\/wp-json\/wp\/v2\/pages\/6763\/revisions\/11927"}],"up":[{"embeddable":true,"href":"https:\/\/digitalhistory.unite.it\/es\/wp-json\/wp\/v2\/pages\/7614"}],"wp:attachment":[{"href":"https:\/\/digitalhistory.unite.it\/es\/wp-json\/wp\/v2\/media?parent=6763"}],"curies":[{"name":"wp","href":"https:\/\/api.w.org\/{rel}","templated":true}]}}