{"id":6764,"date":"2021-08-20T00:03:57","date_gmt":"2021-08-19T22:03:57","guid":{"rendered":"https:\/\/digitalhistory.unite.it\/cordoba-y-alcala-del-valle\/"},"modified":"2021-11-23T15:28:51","modified_gmt":"2021-11-23T14:28:51","slug":"cordoba-y-alcala-del-valle","status":"publish","type":"page","link":"https:\/\/digitalhistory.unite.it\/es\/temas\/residencias-nobiliarias\/benameji\/cordoba-y-alcala-del-valle\/","title":{"rendered":"C\u00f3rdoba y Alcal\u00e1 del Valle"},"content":{"rendered":"<h1>C\u00f3rdoba y Alcal\u00e1 del Valle <\/h1>\n<div class=\"testo\">\n<p style=\"text-align: justify\"><img loading=\"lazy\" decoding=\"async\" src=\"https:\/\/digitalhistory.unite.it\/wp-content\/uploads\/2021\/08\/clip_image002_250x186.jpg\" width=\"250\" height=\"186\" alt=\"Cordoba\" align=\"left\">Tambi\u00e9n en Andaluc\u00eda, pero esta vez en la ciudad de <a href=\"\/es\/territorios\/itinerarios-regionales\/plazas-mayores\/la-plaza-de-la-corredera-de-cordoba\/cordoba\/\" title=\"C\u00f3rdoba\">C\u00f3rdoba<\/a>, se encuentra otra residencia de los marqueses de Benamej\u00ed. El Palacio de Benamej\u00ed fue construido en el siglo XVIII, est\u00e1 situado en la calle Agust\u00edn Moreno y est\u00e1, en realidad, compuesto por una serie de edificios de diferentes \u00e9pocas y per\u00edodos art\u00edsticos. Fue renovado, especialmente la fachada, en 1874, por Rafael Luque. La entrada principal est\u00e1 formada por un arquitrabe en piedra con el escudo de armas de los marqueses de Benamej\u00ed. Por encima de las ventanas de la planta baja, se alternan los escudos de los Aguayo con los de Bernuy. El edificio es hoy sede de la Escuela de Artes y Oficios &#8220;Dionisio Ortiz&#8221;. El edificio ha sido descrito por P\u00edo Baroja en su novela <em>La Feria de los Discretos<\/em>, una historia ambientada en la ciudad de C\u00f3rdoba.<\/p>\n<p style=\"text-align: justify\"><img loading=\"lazy\" decoding=\"async\" src=\"https:\/\/digitalhistory.unite.it\/wp-content\/uploads\/2021\/08\/clip_image001_250x197.jpg\" width=\"250\" height=\"197\" alt=\"Alcala del Valle\" align=\"left\">En Alcal\u00e1 del Valle, en la provincia de <a href=\"\/es\/territorios\/itinerarios-internacionales\/los-genoveses-entre-italia-y-espana-en-epoca-barroca\/los-genoveses-en-el-puerto-de-cadiz-siglo-xvii\/cadiz\/\" title=\"C\u00e1diz\">C\u00e1diz<\/a>, se puede visitar una caseta de caza propiedad de los marqueses. Se encuentra ubicada en el t\u00e9rmino municipal, pero lejos del pueblo. Tiene un aspecto inusual para un palacio o una casa de campo, tal vez en el mismo lugar hubo antiguamente otra casa de los marqueses de Benamej\u00ed. Construida en el siglo XVI, por desgracia se encuentra en condiciones deplorables. Las paredes, la mayor parte sin yeso, muestran una buena siller\u00eda, perfectamente pulida. El exterior es muy sobrio, con una puerta en relieve por dos robustas columnas. El patio principal tiene una columnata de arcos en el que hay un segundo cuerpo de arcos y pilares, as\u00ed como hay un doble tramo de escaleras.<\/p>\n<p style=\"text-align: justify\"><a href=\"\/es\/temas\/residencias-nobiliarias\/benameji\/ecija\/\" title=\"\u00c9cija\">&lt;&lt;&lt;&#8212;p\u00e1gina precedente<\/a><span>&nbsp;&nbsp;&nbsp;<\/span> <span>&nbsp;<\/span> <a href=\"\/es\/temas\/residencias-nobiliarias\/\" title=\"Residencias nobiliarias\">\u00cdndice&#8212;&gt;&gt;&gt;<\/a><\/p>\n<\/p><\/div>\n<p><\/p>\n","protected":false},"excerpt":{"rendered":"<p>C\u00f3rdoba y Alcal\u00e1 del Valle Tambi\u00e9n en Andaluc\u00eda, pero esta vez en la ciudad de C\u00f3rdoba, se encuentra otra residencia de los marqueses de Benamej\u00ed. El Palacio de Benamej\u00ed fue construido en el siglo XVIII, est\u00e1 situado en la calle Agust\u00edn Moreno y est\u00e1, en&hellip;<\/p>\n","protected":false},"author":1,"featured_media":0,"parent":7614,"menu_order":0,"comment_status":"closed","ping_status":"closed","template":"","meta":{"footnotes":""},"class_list":["post-6764","page","type-page","status-publish","hentry"],"_links":{"self":[{"href":"https:\/\/digitalhistory.unite.it\/es\/wp-json\/wp\/v2\/pages\/6764","targetHints":{"allow":["GET"]}}],"collection":[{"href":"https:\/\/digitalhistory.unite.it\/es\/wp-json\/wp\/v2\/pages"}],"about":[{"href":"https:\/\/digitalhistory.unite.it\/es\/wp-json\/wp\/v2\/types\/page"}],"author":[{"embeddable":true,"href":"https:\/\/digitalhistory.unite.it\/es\/wp-json\/wp\/v2\/users\/1"}],"replies":[{"embeddable":true,"href":"https:\/\/digitalhistory.unite.it\/es\/wp-json\/wp\/v2\/comments?post=6764"}],"version-history":[{"count":2,"href":"https:\/\/digitalhistory.unite.it\/es\/wp-json\/wp\/v2\/pages\/6764\/revisions"}],"predecessor-version":[{"id":11926,"href":"https:\/\/digitalhistory.unite.it\/es\/wp-json\/wp\/v2\/pages\/6764\/revisions\/11926"}],"up":[{"embeddable":true,"href":"https:\/\/digitalhistory.unite.it\/es\/wp-json\/wp\/v2\/pages\/7614"}],"wp:attachment":[{"href":"https:\/\/digitalhistory.unite.it\/es\/wp-json\/wp\/v2\/media?parent=6764"}],"curies":[{"name":"wp","href":"https:\/\/api.w.org\/{rel}","templated":true}]}}